{"id":411150,"date":"2025-08-18T17:32:50","date_gmt":"2025-08-18T17:32:50","guid":{"rendered":"https:\/\/raktoras.lt\/product\/dazu-storio-matuoklis-0-2mm\/"},"modified":"2025-12-07T14:35:08","modified_gmt":"2025-12-07T14:35:08","slug":"dazu-storio-matuoklis-0-2mm","status":"publish","type":"product","link":"https:\/\/raktoras.lt\/ru\/product\/dazu-storio-matuoklis-0-2mm\/","title":{"rendered":"Da\u017e\u0173 storio matuoklis 0-2mm"},"content":{"rendered":"<p>Elektroninis matuoklis, leid\u017eiantis patikrinti da\u017e\u0173, glaisto, lako stor\u012f ant plienini\u0173, aliumini\u0173 ar kit\u0173 pavir\u0161i\u0173<br \/>\n\tLeid\u017eia lengvai aptikti taisytas ar pakartotinai da\u017eytas dalis<br \/>\n\tMatuodami nuspauskite &quot;TEST&quot; testavimo funkcij\u0105 ir prid\u0117kite matavimo sensori\u0173 prie da\u017e\u0173 pavir\u0161iaus<br \/>\n\tMatavimo diapazonas 0-2 mm, 0-80 mil<br \/>\n\tMatavimo tikslumas 2%&plusmn;0,1mm, 2%&plusmn;4 mln<br \/>\n\tGr\u016bdai 0,1 mm, 1 mln<br \/>\n\tDarbin\u0117s temperat\u016bros diapazonas 0-40\u02da C<br \/>\n\tDarbin\u0117 santykin\u0117 oro dr\u0117gm\u0117 Rh &lt; 80 %<br \/>\n\tBaterijos tipas 3V; CR2032 (\u012f komplekt\u0105 ne\u012feina)<br \/>\n\tMatmenys 69 x 38 x 20 mm<br \/>\n\tSvoris 25 g<\/p>","protected":false},"excerpt":{"rendered":"<p>Elektroninis matuoklis, leid\u017eiantis patikrinti da\u017e\u0173, glaisto, lako stor\u012f ant plienini\u0173, aliumini\u0173 ar kit\u0173 pavir\u0161i\u0173 Leid\u017eia lengvai aptikti taisytas ar pakartotinai da\u017eytas dalis Matuodami nuspauskite &quot;TEST&quot; testavimo funkcij\u0105 ir prid\u0117kite matavimo<\/p>","protected":false},"featured_media":417495,"comment_status":"closed","ping_status":"open","template":"","meta":[],"product_cat":[11367,10287,11491],"product_tag":[],"class_list":{"0":"post-411150","1":"product","2":"type-product","3":"status-publish","4":"has-post-thumbnail","6":"product_cat-matavimo-ir-zymejimo-priemones-prekiu-katalogas","7":"product_cat-prekiu-katalogas","8":"product_cat-ruletes-liniuotes-matuokliai-matavimo-ir-zymejimo-priemones-prekiu-katalogas","10":"first","11":"instock","12":"purchasable","13":"product-type-simple"},"jetpack_sharing_enabled":true,"_links":{"self":[{"href":"https:\/\/raktoras.lt\/ru\/wp-json\/wp\/v2\/product\/411150","targetHints":{"allow":["GET"]}}],"collection":[{"href":"https:\/\/raktoras.lt\/ru\/wp-json\/wp\/v2\/product"}],"about":[{"href":"https:\/\/raktoras.lt\/ru\/wp-json\/wp\/v2\/types\/product"}],"replies":[{"embeddable":true,"href":"https:\/\/raktoras.lt\/ru\/wp-json\/wp\/v2\/comments?post=411150"}],"version-history":[{"count":1,"href":"https:\/\/raktoras.lt\/ru\/wp-json\/wp\/v2\/product\/411150\/revisions"}],"predecessor-version":[{"id":411151,"href":"https:\/\/raktoras.lt\/ru\/wp-json\/wp\/v2\/product\/411150\/revisions\/411151"}],"wp:featuredmedia":[{"embeddable":true,"href":"https:\/\/raktoras.lt\/ru\/wp-json\/wp\/v2\/media\/417495"}],"wp:attachment":[{"href":"https:\/\/raktoras.lt\/ru\/wp-json\/wp\/v2\/media?parent=411150"}],"wp:term":[{"taxonomy":"product_cat","embeddable":true,"href":"https:\/\/raktoras.lt\/ru\/wp-json\/wp\/v2\/product_cat?post=411150"},{"taxonomy":"product_tag","embeddable":true,"href":"https:\/\/raktoras.lt\/ru\/wp-json\/wp\/v2\/product_tag?post=411150"}],"curies":[{"name":"wp","href":"https:\/\/api.w.org\/{rel}","templated":true}]}}