{"id":411154,"date":"2025-08-18T17:32:50","date_gmt":"2025-08-18T17:32:50","guid":{"rendered":"https:\/\/raktoras.lt\/product\/kebulo-savisriegiu-varztu-ir-u-tipo-poverzliu-rink-170vnt\/"},"modified":"2025-09-24T14:46:08","modified_gmt":"2025-09-24T14:46:08","slug":"kebulo-savisriegiu-varztu-ir-u-tipo-poverzliu-rink-170vnt","status":"publish","type":"product","link":"https:\/\/raktoras.lt\/ru\/product\/kebulo-savisriegiu-varztu-ir-u-tipo-poverzliu-rink-170vnt\/","title":{"rendered":"K\u0117bulo savisriegi\u0173 var\u017et\u0173 ir U-tipo pover\u017eli\u0173 rink. (170vnt)"},"content":{"rendered":"<p>\n\tK\u0117bulo var\u017et\u0173 ir pover\u017eli\u0173 dyd\u017eiai nuo M3x8 mm iki M6x20 mm<\/p>","protected":false},"excerpt":{"rendered":"<p>K\u0117bulo var\u017et\u0173 ir pover\u017eli\u0173 dyd\u017eiai nuo M3x8 mm iki M6x20 mm<\/p>","protected":false},"featured_media":417497,"comment_status":"closed","ping_status":"open","template":"","meta":[],"product_cat":[11180,10287,11506],"product_tag":[],"class_list":{"0":"post-411154","1":"product","2":"type-product","3":"status-publish","4":"has-post-thumbnail","6":"product_brand-yato","7":"product_cat-automobiliniai-priedai-ivairus-prekiu-katalogas","8":"product_cat-prekiu-katalogas","9":"product_cat-tarpines-manzetai-ziedai-savarzos-automobiliniai-priedai-ivairus-prekiu-katalogas","11":"first","12":"instock","13":"purchasable","14":"product-type-simple"},"jetpack_sharing_enabled":true,"_links":{"self":[{"href":"https:\/\/raktoras.lt\/ru\/wp-json\/wp\/v2\/product\/411154","targetHints":{"allow":["GET"]}}],"collection":[{"href":"https:\/\/raktoras.lt\/ru\/wp-json\/wp\/v2\/product"}],"about":[{"href":"https:\/\/raktoras.lt\/ru\/wp-json\/wp\/v2\/types\/product"}],"replies":[{"embeddable":true,"href":"https:\/\/raktoras.lt\/ru\/wp-json\/wp\/v2\/comments?post=411154"}],"version-history":[{"count":1,"href":"https:\/\/raktoras.lt\/ru\/wp-json\/wp\/v2\/product\/411154\/revisions"}],"predecessor-version":[{"id":411155,"href":"https:\/\/raktoras.lt\/ru\/wp-json\/wp\/v2\/product\/411154\/revisions\/411155"}],"wp:featuredmedia":[{"embeddable":true,"href":"https:\/\/raktoras.lt\/ru\/wp-json\/wp\/v2\/media\/417497"}],"wp:attachment":[{"href":"https:\/\/raktoras.lt\/ru\/wp-json\/wp\/v2\/media?parent=411154"}],"wp:term":[{"taxonomy":"product_cat","embeddable":true,"href":"https:\/\/raktoras.lt\/ru\/wp-json\/wp\/v2\/product_cat?post=411154"},{"taxonomy":"product_tag","embeddable":true,"href":"https:\/\/raktoras.lt\/ru\/wp-json\/wp\/v2\/product_tag?post=411154"}],"curies":[{"name":"wp","href":"https:\/\/api.w.org\/{rel}","templated":true}]}}