{"id":411194,"date":"2025-08-18T17:32:59","date_gmt":"2025-08-18T17:32:59","guid":{"rendered":"https:\/\/raktoras.lt\/product\/smuginis-padangu-priputimo-infliatorius-20l\/"},"modified":"2025-10-27T17:22:14","modified_gmt":"2025-10-27T17:22:14","slug":"smuginis-padangu-priputimo-infliatorius-20l","status":"publish","type":"product","link":"https:\/\/raktoras.lt\/ru\/product\/smuginis-padangu-priputimo-infliatorius-20l\/","title":{"rendered":"Sm\u016bginis padang\u0173 prip\u016btimo infliatorius 20l"},"content":{"rendered":"<p>\n\tTalpa 20 l<br \/>\n\tMax sl\u0117gis 10 bar<br \/>\n\tRekomenduojamas sl\u0117gis 6 &#8211; 8 bar<br \/>\n\tPajungimas vo\u017etuvas ki\u0161tukas<br \/>\n\tSvoris 11 kg<\/p>\n<p>\n\tPakuot\u0117s matmenys 435 x 410 300 mm<\/p>","protected":false},"excerpt":{"rendered":"<p>Talpa 20 l Max sl\u0117gis 10 bar Rekomenduojamas sl\u0117gis 6 &#8211; 8 bar Pajungimas vo\u017etuvas ki\u0161tukas Svoris 11 kg Pakuot\u0117s matmenys 435 x 410 300 mm<\/p>","protected":false},"featured_media":417517,"comment_status":"closed","ping_status":"open","template":"","meta":[],"product_cat":[11095,10287,11273,11315],"product_tag":[],"class_list":{"0":"post-411194","1":"product","2":"type-product","3":"status-publish","4":"has-post-thumbnail","6":"product_brand-tongrun","7":"product_cat-autoservisu-iranga-prekiu-katalogas","8":"product_cat-prekiu-katalogas","9":"product_cat-ratu-balansavimas-montavimas-autoservisu-iranga-prekiu-katalogas","10":"product_cat-ratu-remonto-priedai-ir-stakliu-atsargines-dalys-ratu-balansavimas-montavimas-autoservisu-iranga-prekiu-katalogas","12":"first","13":"instock","14":"purchasable","15":"product-type-simple"},"jetpack_sharing_enabled":true,"_links":{"self":[{"href":"https:\/\/raktoras.lt\/ru\/wp-json\/wp\/v2\/product\/411194","targetHints":{"allow":["GET"]}}],"collection":[{"href":"https:\/\/raktoras.lt\/ru\/wp-json\/wp\/v2\/product"}],"about":[{"href":"https:\/\/raktoras.lt\/ru\/wp-json\/wp\/v2\/types\/product"}],"replies":[{"embeddable":true,"href":"https:\/\/raktoras.lt\/ru\/wp-json\/wp\/v2\/comments?post=411194"}],"version-history":[{"count":1,"href":"https:\/\/raktoras.lt\/ru\/wp-json\/wp\/v2\/product\/411194\/revisions"}],"predecessor-version":[{"id":411195,"href":"https:\/\/raktoras.lt\/ru\/wp-json\/wp\/v2\/product\/411194\/revisions\/411195"}],"wp:featuredmedia":[{"embeddable":true,"href":"https:\/\/raktoras.lt\/ru\/wp-json\/wp\/v2\/media\/417517"}],"wp:attachment":[{"href":"https:\/\/raktoras.lt\/ru\/wp-json\/wp\/v2\/media?parent=411194"}],"wp:term":[{"taxonomy":"product_cat","embeddable":true,"href":"https:\/\/raktoras.lt\/ru\/wp-json\/wp\/v2\/product_cat?post=411194"},{"taxonomy":"product_tag","embeddable":true,"href":"https:\/\/raktoras.lt\/ru\/wp-json\/wp\/v2\/product_tag?post=411194"}],"curies":[{"name":"wp","href":"https:\/\/api.w.org\/{rel}","templated":true}]}}