{"id":411198,"date":"2025-08-18T17:32:59","date_gmt":"2025-08-18T17:32:59","guid":{"rendered":"https:\/\/raktoras.lt\/product\/specializuotos-reples-ziedams\/"},"modified":"2025-10-27T18:51:08","modified_gmt":"2025-10-27T18:51:08","slug":"specializuotos-reples-ziedams","status":"publish","type":"product","link":"https:\/\/raktoras.lt\/ru\/product\/specializuotos-reples-ziedams\/","title":{"rendered":"Specializuotos repl\u0117s \u017eiedams"},"content":{"rendered":"<p>\n\tD\u0117l specialios repli\u0173 antgali\u0173 konstrukcijos galima lengvai nuimti ir pakeisti rato guolio \u017eiedus be auseli\u0173<br \/>\n\tBe \u0161io specialaus \u012frankio ne\u012fmanoma profesionaliai nuimti ir pakeisti rato guolio \u017eiedo<br \/>\n\t&nbsp;<\/p>","protected":false},"excerpt":{"rendered":"<p>D\u0117l specialios repli\u0173 antgali\u0173 konstrukcijos galima lengvai nuimti ir pakeisti rato guolio \u017eiedus be auseli\u0173 Be \u0161io specialaus \u012frankio ne\u012fmanoma profesionaliai nuimti ir pakeisti rato guolio \u017eiedo &nbsp;<\/p>","protected":false},"featured_media":417519,"comment_status":"closed","ping_status":"open","template":"","meta":[],"product_cat":[11095,10287,11105],"product_tag":[],"class_list":{"0":"post-411198","1":"product","2":"type-product","3":"status-publish","4":"has-post-thumbnail","6":"product_brand-ellient-tools","7":"product_cat-autoservisu-iranga-prekiu-katalogas","8":"product_cat-prekiu-katalogas","9":"product_cat-ziedu-suspaudejai-spec-reples-zarnu-uzspaudejai-autoservisu-iranga-prekiu-katalogas","11":"first","12":"instock","13":"purchasable","14":"product-type-simple"},"jetpack_sharing_enabled":true,"_links":{"self":[{"href":"https:\/\/raktoras.lt\/ru\/wp-json\/wp\/v2\/product\/411198","targetHints":{"allow":["GET"]}}],"collection":[{"href":"https:\/\/raktoras.lt\/ru\/wp-json\/wp\/v2\/product"}],"about":[{"href":"https:\/\/raktoras.lt\/ru\/wp-json\/wp\/v2\/types\/product"}],"replies":[{"embeddable":true,"href":"https:\/\/raktoras.lt\/ru\/wp-json\/wp\/v2\/comments?post=411198"}],"version-history":[{"count":1,"href":"https:\/\/raktoras.lt\/ru\/wp-json\/wp\/v2\/product\/411198\/revisions"}],"predecessor-version":[{"id":411199,"href":"https:\/\/raktoras.lt\/ru\/wp-json\/wp\/v2\/product\/411198\/revisions\/411199"}],"wp:featuredmedia":[{"embeddable":true,"href":"https:\/\/raktoras.lt\/ru\/wp-json\/wp\/v2\/media\/417519"}],"wp:attachment":[{"href":"https:\/\/raktoras.lt\/ru\/wp-json\/wp\/v2\/media?parent=411198"}],"wp:term":[{"taxonomy":"product_cat","embeddable":true,"href":"https:\/\/raktoras.lt\/ru\/wp-json\/wp\/v2\/product_cat?post=411198"},{"taxonomy":"product_tag","embeddable":true,"href":"https:\/\/raktoras.lt\/ru\/wp-json\/wp\/v2\/product_tag?post=411198"}],"curies":[{"name":"wp","href":"https:\/\/api.w.org\/{rel}","templated":true}]}}