{"id":411204,"date":"2025-08-18T17:32:59","date_gmt":"2025-08-18T17:32:59","guid":{"rendered":"https:\/\/raktoras.lt\/product\/reples-motociklu-stabdziu-stumokliams-isimti\/"},"modified":"2025-10-27T18:51:08","modified_gmt":"2025-10-27T18:51:08","slug":"reples-motociklu-stabdziu-stumokliams-isimti","status":"publish","type":"product","link":"https:\/\/raktoras.lt\/ru\/product\/reples-motociklu-stabdziu-stumokliams-isimti\/","title":{"rendered":"Repl\u0117s motocikl\u0173 stabd\u017ei\u0173 st\u016bmokliams i\u0161imti"},"content":{"rendered":"<p>Skirtos pa\u0161alinti stabd\u017ei\u0173 apkabos st\u016bmoklius j\u0173 nepa\u017eeid\u017eiant<\/p>\n<p>Analogi\u0161kos prek\u0117s video:<br \/>\n\t<iframe allow=\"accelerometer; autoplay; encrypted-media; gyroscope; picture-in-picture\" allowfullscreen=\"\" frameborder=\"0\" height=\"315\" src=\"https:\/\/www.youtube.com\/embed\/iZpVI_cv6Pg?start=9\" width=\"560\"><\/iframe><br \/>\n\t&nbsp;<\/p>","protected":false},"excerpt":{"rendered":"<p>Skirtos pa\u0161alinti stabd\u017ei\u0173 apkabos st\u016bmoklius j\u0173 nepa\u017eeid\u017eiant Analogi\u0161kos prek\u0117s video: &nbsp;<\/p>","protected":false},"featured_media":417522,"comment_status":"closed","ping_status":"open","template":"","meta":[],"product_cat":[11095,10287,11105],"product_tag":[],"class_list":{"0":"post-411204","1":"product","2":"type-product","3":"status-publish","4":"has-post-thumbnail","6":"product_brand-ellient-tools","7":"product_cat-autoservisu-iranga-prekiu-katalogas","8":"product_cat-prekiu-katalogas","9":"product_cat-ziedu-suspaudejai-spec-reples-zarnu-uzspaudejai-autoservisu-iranga-prekiu-katalogas","11":"first","12":"instock","13":"purchasable","14":"product-type-simple"},"jetpack_sharing_enabled":true,"_links":{"self":[{"href":"https:\/\/raktoras.lt\/ru\/wp-json\/wp\/v2\/product\/411204","targetHints":{"allow":["GET"]}}],"collection":[{"href":"https:\/\/raktoras.lt\/ru\/wp-json\/wp\/v2\/product"}],"about":[{"href":"https:\/\/raktoras.lt\/ru\/wp-json\/wp\/v2\/types\/product"}],"replies":[{"embeddable":true,"href":"https:\/\/raktoras.lt\/ru\/wp-json\/wp\/v2\/comments?post=411204"}],"version-history":[{"count":1,"href":"https:\/\/raktoras.lt\/ru\/wp-json\/wp\/v2\/product\/411204\/revisions"}],"predecessor-version":[{"id":411205,"href":"https:\/\/raktoras.lt\/ru\/wp-json\/wp\/v2\/product\/411204\/revisions\/411205"}],"wp:featuredmedia":[{"embeddable":true,"href":"https:\/\/raktoras.lt\/ru\/wp-json\/wp\/v2\/media\/417522"}],"wp:attachment":[{"href":"https:\/\/raktoras.lt\/ru\/wp-json\/wp\/v2\/media?parent=411204"}],"wp:term":[{"taxonomy":"product_cat","embeddable":true,"href":"https:\/\/raktoras.lt\/ru\/wp-json\/wp\/v2\/product_cat?post=411204"},{"taxonomy":"product_tag","embeddable":true,"href":"https:\/\/raktoras.lt\/ru\/wp-json\/wp\/v2\/product_tag?post=411204"}],"curies":[{"name":"wp","href":"https:\/\/api.w.org\/{rel}","templated":true}]}}