{"id":411212,"date":"2025-08-18T17:33:10","date_gmt":"2025-08-18T17:33:10","guid":{"rendered":"https:\/\/raktoras.lt\/product\/reples-duslintuvu-gumoms-isimti\/"},"modified":"2025-10-27T18:51:07","modified_gmt":"2025-10-27T18:51:07","slug":"reples-duslintuvu-gumoms-isimti","status":"publish","type":"product","link":"https:\/\/raktoras.lt\/ru\/product\/reples-duslintuvu-gumoms-isimti\/","title":{"rendered":"Repl\u0117s duslintuv\u0173 gumoms i\u0161imti"},"content":{"rendered":"<p><iframe allow=\"accelerometer; autoplay; encrypted-media; gyroscope; picture-in-picture\" allowfullscreen=\"\" frameborder=\"0\" height=\"315\" src=\"https:\/\/www.youtube.com\/embed\/nqZPw6w3HeE\" width=\"560\"><\/iframe><\/p>","protected":false},"excerpt":{"rendered":"","protected":false},"featured_media":417526,"comment_status":"closed","ping_status":"open","template":"","meta":[],"product_cat":[11095,10287,11105],"product_tag":[],"class_list":{"0":"post-411212","1":"product","2":"type-product","3":"status-publish","4":"has-post-thumbnail","6":"product_brand-ellient-tools","7":"product_cat-autoservisu-iranga-prekiu-katalogas","8":"product_cat-prekiu-katalogas","9":"product_cat-ziedu-suspaudejai-spec-reples-zarnu-uzspaudejai-autoservisu-iranga-prekiu-katalogas","11":"first","12":"instock","13":"purchasable","14":"product-type-simple"},"jetpack_sharing_enabled":true,"_links":{"self":[{"href":"https:\/\/raktoras.lt\/ru\/wp-json\/wp\/v2\/product\/411212","targetHints":{"allow":["GET"]}}],"collection":[{"href":"https:\/\/raktoras.lt\/ru\/wp-json\/wp\/v2\/product"}],"about":[{"href":"https:\/\/raktoras.lt\/ru\/wp-json\/wp\/v2\/types\/product"}],"replies":[{"embeddable":true,"href":"https:\/\/raktoras.lt\/ru\/wp-json\/wp\/v2\/comments?post=411212"}],"version-history":[{"count":1,"href":"https:\/\/raktoras.lt\/ru\/wp-json\/wp\/v2\/product\/411212\/revisions"}],"predecessor-version":[{"id":411213,"href":"https:\/\/raktoras.lt\/ru\/wp-json\/wp\/v2\/product\/411212\/revisions\/411213"}],"wp:featuredmedia":[{"embeddable":true,"href":"https:\/\/raktoras.lt\/ru\/wp-json\/wp\/v2\/media\/417526"}],"wp:attachment":[{"href":"https:\/\/raktoras.lt\/ru\/wp-json\/wp\/v2\/media?parent=411212"}],"wp:term":[{"taxonomy":"product_cat","embeddable":true,"href":"https:\/\/raktoras.lt\/ru\/wp-json\/wp\/v2\/product_cat?post=411212"},{"taxonomy":"product_tag","embeddable":true,"href":"https:\/\/raktoras.lt\/ru\/wp-json\/wp\/v2\/product_tag?post=411212"}],"curies":[{"name":"wp","href":"https:\/\/api.w.org\/{rel}","templated":true}]}}