{"id":411562,"date":"2025-08-18T17:34:26","date_gmt":"2025-08-18T17:34:26","guid":{"rendered":"https:\/\/raktoras.lt\/product\/svirtis-padangu-montavimui-385mm-motociklams\/"},"modified":"2025-10-27T17:53:39","modified_gmt":"2025-10-27T17:53:39","slug":"svirtis-padangu-montavimui-385mm-motociklams","status":"publish","type":"product","link":"https:\/\/raktoras.lt\/ru\/product\/svirtis-padangu-montavimui-385mm-motociklams\/","title":{"rendered":"Svirtis padang\u0173 montavimui 385mm (motociklams)"},"content":{"rendered":"<p>Kaltin\u0117 ir gr\u016bdinta da\u017eyto plieno apdaila u\u017etikrina atsparum\u0105 korozijai<br \/>\n\tI\u0161lenktas suapvalintas antgalis, kad b\u016bt\u0173 lengviau naudoti, kai montuojama padanga ant ratlankio<br \/>\n\tTinka naudoti motociklams, \u017eem\u0117s \u016bkio ar ar kitos technikos padangoms<br \/>\n\tIlgis: 385 mm<br \/>\n\tAntgalio plotis: 22 mm<br \/>\n\tRankenos plotis: 30 mm<\/p>","protected":false},"excerpt":{"rendered":"<p>Kaltin\u0117 ir gr\u016bdinta da\u017eyto plieno apdaila u\u017etikrina atsparum\u0105 korozijai I\u0161lenktas suapvalintas antgalis, kad b\u016bt\u0173 lengviau naudoti, kai montuojama padanga ant ratlankio Tinka naudoti motociklams, \u017eem\u0117s \u016bkio ar ar kitos technikos<\/p>","protected":false},"featured_media":417701,"comment_status":"closed","ping_status":"open","template":"","meta":[],"product_cat":[11095,10287,11278],"product_tag":[],"class_list":{"0":"post-411562","1":"product","2":"type-product","3":"status-publish","4":"has-post-thumbnail","6":"product_brand-ellient-tools","7":"product_cat-autoservisu-iranga-prekiu-katalogas","8":"product_cat-prekiu-katalogas","9":"product_cat-ratu-raktai-svirtys-autoservisu-iranga-prekiu-katalogas","11":"first","12":"instock","13":"purchasable","14":"product-type-simple"},"jetpack_sharing_enabled":true,"_links":{"self":[{"href":"https:\/\/raktoras.lt\/ru\/wp-json\/wp\/v2\/product\/411562","targetHints":{"allow":["GET"]}}],"collection":[{"href":"https:\/\/raktoras.lt\/ru\/wp-json\/wp\/v2\/product"}],"about":[{"href":"https:\/\/raktoras.lt\/ru\/wp-json\/wp\/v2\/types\/product"}],"replies":[{"embeddable":true,"href":"https:\/\/raktoras.lt\/ru\/wp-json\/wp\/v2\/comments?post=411562"}],"version-history":[{"count":1,"href":"https:\/\/raktoras.lt\/ru\/wp-json\/wp\/v2\/product\/411562\/revisions"}],"predecessor-version":[{"id":411563,"href":"https:\/\/raktoras.lt\/ru\/wp-json\/wp\/v2\/product\/411562\/revisions\/411563"}],"wp:featuredmedia":[{"embeddable":true,"href":"https:\/\/raktoras.lt\/ru\/wp-json\/wp\/v2\/media\/417701"}],"wp:attachment":[{"href":"https:\/\/raktoras.lt\/ru\/wp-json\/wp\/v2\/media?parent=411562"}],"wp:term":[{"taxonomy":"product_cat","embeddable":true,"href":"https:\/\/raktoras.lt\/ru\/wp-json\/wp\/v2\/product_cat?post=411562"},{"taxonomy":"product_tag","embeddable":true,"href":"https:\/\/raktoras.lt\/ru\/wp-json\/wp\/v2\/product_tag?post=411562"}],"curies":[{"name":"wp","href":"https:\/\/api.w.org\/{rel}","templated":true}]}}