{"id":411566,"date":"2025-08-18T17:34:26","date_gmt":"2025-08-18T17:34:26","guid":{"rendered":"https:\/\/raktoras.lt\/product\/reguliuojamas-uzmetamas-raktas-3-4\/"},"modified":"2025-12-06T17:21:55","modified_gmt":"2025-12-06T17:21:55","slug":"reguliuojamas-uzmetamas-raktas-3-4","status":"publish","type":"product","link":"https:\/\/raktoras.lt\/ru\/product\/reguliuojamas-uzmetamas-raktas-3-4\/","title":{"rendered":"Reguliuojamas u\u017emetamas raktas 3\/4&#8243;"},"content":{"rendered":"<p>Reguliuojamas raktas, skirtas atsukti hidraulinius cilindrus transporto priemon\u0117se, turin\u010diose riebok\u0161lio ver\u017eles nuo 2&quot;iki 6&quot; (50.80 &#8211; 152.40 mm)<br \/>\n\tTai taip pat skirta atsukti ver\u017eles su skyl\u0117mis 1\/4 &quot; &#8211; 5\/16&quot;<br \/>\n\tDydis 3\/4&quot;<\/p>","protected":false},"excerpt":{"rendered":"<p>Reguliuojamas raktas, skirtas atsukti hidraulinius cilindrus transporto priemon\u0117se, turin\u010diose riebok\u0161lio ver\u017eles nuo 2&quot;iki 6&quot; (50.80 &#8211; 152.40 mm) Tai taip pat skirta atsukti ver\u017eles su skyl\u0117mis 1\/4 &quot; &#8211; 5\/16&quot;<\/p>","protected":false},"featured_media":417703,"comment_status":"closed","ping_status":"open","template":"","meta":[],"product_cat":[10287,11080,11285,11224],"product_tag":[],"class_list":{"0":"post-411566","1":"product","2":"type-product","3":"status-publish","4":"has-post-thumbnail","6":"product_brand-ellient-tools","7":"product_cat-prekiu-katalogas","8":"product_cat-rankiniai-irankiai","9":"product_cat-reguliuojami-universalus-raktai-verzliarakciai-rankiniai-irankiai","10":"product_cat-verzliarakciai-rankiniai-irankiai","12":"first","13":"instock","14":"purchasable","15":"product-type-simple"},"jetpack_sharing_enabled":true,"_links":{"self":[{"href":"https:\/\/raktoras.lt\/ru\/wp-json\/wp\/v2\/product\/411566","targetHints":{"allow":["GET"]}}],"collection":[{"href":"https:\/\/raktoras.lt\/ru\/wp-json\/wp\/v2\/product"}],"about":[{"href":"https:\/\/raktoras.lt\/ru\/wp-json\/wp\/v2\/types\/product"}],"replies":[{"embeddable":true,"href":"https:\/\/raktoras.lt\/ru\/wp-json\/wp\/v2\/comments?post=411566"}],"version-history":[{"count":1,"href":"https:\/\/raktoras.lt\/ru\/wp-json\/wp\/v2\/product\/411566\/revisions"}],"predecessor-version":[{"id":411567,"href":"https:\/\/raktoras.lt\/ru\/wp-json\/wp\/v2\/product\/411566\/revisions\/411567"}],"wp:featuredmedia":[{"embeddable":true,"href":"https:\/\/raktoras.lt\/ru\/wp-json\/wp\/v2\/media\/417703"}],"wp:attachment":[{"href":"https:\/\/raktoras.lt\/ru\/wp-json\/wp\/v2\/media?parent=411566"}],"wp:term":[{"taxonomy":"product_cat","embeddable":true,"href":"https:\/\/raktoras.lt\/ru\/wp-json\/wp\/v2\/product_cat?post=411566"},{"taxonomy":"product_tag","embeddable":true,"href":"https:\/\/raktoras.lt\/ru\/wp-json\/wp\/v2\/product_tag?post=411566"}],"curies":[{"name":"wp","href":"https:\/\/api.w.org\/{rel}","templated":true}]}}