{"id":411598,"date":"2025-08-18T17:34:35","date_gmt":"2025-08-18T17:34:35","guid":{"rendered":"https:\/\/raktoras.lt\/product\/hidraulinis-keltuvas-zirklinis-3t-380v\/"},"modified":"2026-01-03T00:44:34","modified_gmt":"2026-01-03T00:44:34","slug":"hidraulinis-keltuvas-zirklinis-3t-380v","status":"publish","type":"product","link":"https:\/\/raktoras.lt\/ru\/product\/hidraulinis-keltuvas-zirklinis-3t-380v\/","title":{"rendered":"Hidraulinis keltuvas \u017eirklinis 3t, 380V"},"content":{"rendered":"<p>Galingumas 3.0 t<br \/>\nK\u0117limo auk\u0161tis 1850 mm<br \/>\nMin auk\u0161tis 105 mm<br \/>\nPak\u0117limo\/nuleidimo laikas 55 s<br \/>\nVariklis 2.2 kW, 380 V<br \/>\nPlatformos ilgis x plotis 1450 &#8211; 2050 x 660 mm<br \/>\nGabaritiniai matmenys 2050 x 2045 x 1850 mm<br \/>\nOro sl\u0117gis 6 &#8211; 8 bar<br \/>\nDarbin\u0117 temperat\u016bra 5\u00b0 C +40 \u00b0 C<br \/>\nSand\u0117liavimo temperat\u016bra -25\u00b0 C +55\u00b0 C<br \/>\nDr\u0117gnumas 30 &#8211; 95 %<br \/>\nTriuk\u0161mo lygis &lt;70 dB<br \/>\nAlyvos talpa 16 l<br \/>\nAlyva ISO VG 32\/46<br \/>\nCE atitiktis<br \/>\n12 m\u0117nesi\u0173 garantija<\/p>\n<p><iframe src=\"https:\/\/www.youtube.com\/embed\/GYl3F_0tfwU\" width=\"560\" height=\"315\" frameborder=\"0\" allowfullscreen=\"allowfullscreen\"><\/iframe><\/p>","protected":false},"excerpt":{"rendered":"<p>Galingumas 3.0 t K\u0117limo auk\u0161tis 1850 mm Min auk\u0161tis 105 mm Pak\u0117limo\/nuleidimo laikas 55 s Variklis 2.2 kW, 380 V Platformos ilgis x plotis 1450 &#8211; 2050 x 660 mm<\/p>","protected":false},"featured_media":417719,"comment_status":"closed","ping_status":"closed","template":"","meta":[],"product_cat":[11326,11095,10287,11415],"product_tag":[],"class_list":{"0":"post-411598","1":"product","2":"type-product","3":"status-publish","4":"has-post-thumbnail","6":"product_brand-puli","7":"product_cat-automobiliu-motociklu-keltuvai-autoservisu-iranga-prekiu-katalogas","8":"product_cat-autoservisu-iranga-prekiu-katalogas","9":"product_cat-prekiu-katalogas","10":"product_cat-zirkliniai-keltuvai-automobiliu-motociklu-keltuvai-autoservisu-iranga-prekiu-katalogas","12":"first","13":"instock","14":"purchasable","15":"product-type-simple"},"jetpack_sharing_enabled":true,"_links":{"self":[{"href":"https:\/\/raktoras.lt\/ru\/wp-json\/wp\/v2\/product\/411598","targetHints":{"allow":["GET"]}}],"collection":[{"href":"https:\/\/raktoras.lt\/ru\/wp-json\/wp\/v2\/product"}],"about":[{"href":"https:\/\/raktoras.lt\/ru\/wp-json\/wp\/v2\/types\/product"}],"replies":[{"embeddable":true,"href":"https:\/\/raktoras.lt\/ru\/wp-json\/wp\/v2\/comments?post=411598"}],"version-history":[{"count":2,"href":"https:\/\/raktoras.lt\/ru\/wp-json\/wp\/v2\/product\/411598\/revisions"}],"predecessor-version":[{"id":420874,"href":"https:\/\/raktoras.lt\/ru\/wp-json\/wp\/v2\/product\/411598\/revisions\/420874"}],"wp:featuredmedia":[{"embeddable":true,"href":"https:\/\/raktoras.lt\/ru\/wp-json\/wp\/v2\/media\/417719"}],"wp:attachment":[{"href":"https:\/\/raktoras.lt\/ru\/wp-json\/wp\/v2\/media?parent=411598"}],"wp:term":[{"taxonomy":"product_cat","embeddable":true,"href":"https:\/\/raktoras.lt\/ru\/wp-json\/wp\/v2\/product_cat?post=411598"},{"taxonomy":"product_tag","embeddable":true,"href":"https:\/\/raktoras.lt\/ru\/wp-json\/wp\/v2\/product_tag?post=411598"}],"curies":[{"name":"wp","href":"https:\/\/api.w.org\/{rel}","templated":true}]}}