{"id":411614,"date":"2025-08-18T17:34:35","date_gmt":"2025-08-18T17:34:35","guid":{"rendered":"https:\/\/raktoras.lt\/product\/terksle-reversine-su-prailginimu-3-4\/"},"modified":"2025-12-04T18:01:18","modified_gmt":"2025-12-04T18:01:18","slug":"terksle-reversine-su-prailginimu-3-4","status":"publish","type":"product","link":"https:\/\/raktoras.lt\/ru\/product\/terksle-reversine-su-prailginimu-3-4\/","title":{"rendered":"Terk\u0161l\u0117 reversin\u0117 su prailginimu 3\/4&#8243;"},"content":{"rendered":"<p>\n\t24 dantuk\u0173<br \/>\n\tL= 500 \/ 750 mm<br \/>\n\tAtitinka DIN 3122 ISO 3315 standart\u0105<br \/>\n\tPagaminta i\u0161 auk\u0161tos kokyb\u0117s chromo vanad\u017eio plieno<br \/>\n\tTeleskopinis ilgio reguliavimas padalintas \u012f 5 dalis<br \/>\n\tErgonomi\u0161ka rankena, tod\u0117l j\u0105 patogu laikyti<\/p>","protected":false},"excerpt":{"rendered":"<p>24 dantuk\u0173 L= 500 \/ 750 mm Atitinka DIN 3122 ISO 3315 standart\u0105 Pagaminta i\u0161 auk\u0161tos kokyb\u0117s chromo vanad\u017eio plieno Teleskopinis ilgio reguliavimas padalintas \u012f 5 dalis Ergonomi\u0161ka rankena, tod\u0117l<\/p>","protected":false},"featured_media":417727,"comment_status":"closed","ping_status":"closed","template":"","meta":[],"product_cat":[11218,11215,10287,11080],"product_tag":[],"class_list":{"0":"post-411614","1":"product","2":"type-product","3":"status-publish","4":"has-post-thumbnail","6":"product_brand-changlu-tools","7":"product_cat-3-4-galvutes-galvuciu-priedai-galvutes-adapteriai-rankiniai-irankiai","8":"product_cat-galvutes-adapteriai-rankiniai-irankiai","9":"product_cat-prekiu-katalogas","10":"product_cat-rankiniai-irankiai","12":"first","13":"instock","14":"purchasable","15":"product-type-simple"},"jetpack_sharing_enabled":true,"_links":{"self":[{"href":"https:\/\/raktoras.lt\/ru\/wp-json\/wp\/v2\/product\/411614","targetHints":{"allow":["GET"]}}],"collection":[{"href":"https:\/\/raktoras.lt\/ru\/wp-json\/wp\/v2\/product"}],"about":[{"href":"https:\/\/raktoras.lt\/ru\/wp-json\/wp\/v2\/types\/product"}],"replies":[{"embeddable":true,"href":"https:\/\/raktoras.lt\/ru\/wp-json\/wp\/v2\/comments?post=411614"}],"version-history":[{"count":1,"href":"https:\/\/raktoras.lt\/ru\/wp-json\/wp\/v2\/product\/411614\/revisions"}],"predecessor-version":[{"id":411615,"href":"https:\/\/raktoras.lt\/ru\/wp-json\/wp\/v2\/product\/411614\/revisions\/411615"}],"wp:featuredmedia":[{"embeddable":true,"href":"https:\/\/raktoras.lt\/ru\/wp-json\/wp\/v2\/media\/417727"}],"wp:attachment":[{"href":"https:\/\/raktoras.lt\/ru\/wp-json\/wp\/v2\/media?parent=411614"}],"wp:term":[{"taxonomy":"product_cat","embeddable":true,"href":"https:\/\/raktoras.lt\/ru\/wp-json\/wp\/v2\/product_cat?post=411614"},{"taxonomy":"product_tag","embeddable":true,"href":"https:\/\/raktoras.lt\/ru\/wp-json\/wp\/v2\/product_tag?post=411614"}],"curies":[{"name":"wp","href":"https:\/\/api.w.org\/{rel}","templated":true}]}}