{"id":411676,"date":"2025-08-18T17:34:52","date_gmt":"2025-08-18T17:34:52","guid":{"rendered":"https:\/\/raktoras.lt\/product\/rotoriaus-nuemiklio-motociklams-rink-10vnt\/"},"modified":"2026-03-03T16:46:52","modified_gmt":"2026-03-03T16:46:52","slug":"rotoriaus-nuemiklio-motociklams-rink-10vnt","status":"publish","type":"product","link":"https:\/\/raktoras.lt\/ru\/product\/rotoriaus-nuemiklio-motociklams-rink-10vnt\/","title":{"rendered":"Rotoriaus nu\u0117miklio motociklams rink.(10vnt)"},"content":{"rendered":"<p>Naudojamas rotoriaus magnetui atskirti<br \/>\n\t5 vnt. dvigub\u0173 gal\u0173 traukikliai &#8211; M28 x M26 (1,0 mm sriegis); M25 (1,25) x M22 (1,0); M27 x M24 (1,0 mm); M26 x M22 (1,5 mm); M27 (1,25 mm) x M20 (1,0 mm) 2 vnt. i\u0161trauk\u0117jas M28 x 1,5 mm ir M19 x 1,0 mm, srieginiai var\u017etai &#8211; M14 x 1,5 mm; M16 x 1,5 mm; M18 x 1,5 mm<\/p>","protected":false},"excerpt":{"rendered":"<p>Naudojamas rotoriaus magnetui atskirti 5 vnt. dvigub\u0173 gal\u0173 traukikliai &#8211; M28 x M26 (1,0 mm sriegis); M25 (1,25) x M22 (1,0); M27 x M24 (1,0 mm); M26 x M22 (1,5<\/p>","protected":false},"featured_media":417758,"comment_status":"closed","ping_status":"closed","template":"","meta":[],"product_cat":[11095,11229,10287,11338],"product_tag":[],"class_list":{"0":"post-411676","1":"product","2":"type-product","3":"status-publish","4":"has-post-thumbnail","6":"product_brand-ellient-tools","7":"product_cat-autoservisu-iranga-prekiu-katalogas","8":"product_cat-nuemikliai-autoservisu-iranga-prekiu-katalogas","9":"product_cat-prekiu-katalogas","10":"product_cat-skriemulio-nuemikliai-nuemikliai-autoservisu-iranga-prekiu-katalogas","12":"first","13":"instock","14":"purchasable","15":"product-type-simple"},"jetpack_sharing_enabled":true,"_links":{"self":[{"href":"https:\/\/raktoras.lt\/ru\/wp-json\/wp\/v2\/product\/411676","targetHints":{"allow":["GET"]}}],"collection":[{"href":"https:\/\/raktoras.lt\/ru\/wp-json\/wp\/v2\/product"}],"about":[{"href":"https:\/\/raktoras.lt\/ru\/wp-json\/wp\/v2\/types\/product"}],"replies":[{"embeddable":true,"href":"https:\/\/raktoras.lt\/ru\/wp-json\/wp\/v2\/comments?post=411676"}],"version-history":[{"count":1,"href":"https:\/\/raktoras.lt\/ru\/wp-json\/wp\/v2\/product\/411676\/revisions"}],"predecessor-version":[{"id":411677,"href":"https:\/\/raktoras.lt\/ru\/wp-json\/wp\/v2\/product\/411676\/revisions\/411677"}],"wp:featuredmedia":[{"embeddable":true,"href":"https:\/\/raktoras.lt\/ru\/wp-json\/wp\/v2\/media\/417758"}],"wp:attachment":[{"href":"https:\/\/raktoras.lt\/ru\/wp-json\/wp\/v2\/media?parent=411676"}],"wp:term":[{"taxonomy":"product_cat","embeddable":true,"href":"https:\/\/raktoras.lt\/ru\/wp-json\/wp\/v2\/product_cat?post=411676"},{"taxonomy":"product_tag","embeddable":true,"href":"https:\/\/raktoras.lt\/ru\/wp-json\/wp\/v2\/product_tag?post=411676"}],"curies":[{"name":"wp","href":"https:\/\/api.w.org\/{rel}","templated":true}]}}