{"id":411724,"date":"2025-08-18T17:35:01","date_gmt":"2025-08-18T17:35:01","guid":{"rendered":"https:\/\/raktoras.lt\/product\/praputimo-pistoletas-110mm\/"},"modified":"2025-11-16T15:36:42","modified_gmt":"2025-11-16T15:36:42","slug":"praputimo-pistoletas-110mm","status":"publish","type":"product","link":"https:\/\/raktoras.lt\/ru\/product\/praputimo-pistoletas-110mm\/","title":{"rendered":"Prap\u016btimo pistoletas 110mm"},"content":{"rendered":"<p>Puikiai pa\u0161alina ne\u0161varumus i\u0161 ma\u0161in\u0173, prietais\u0173 ir varikli\u0173<br \/>\n\tPurk\u0161tuko ilgis: 110 mm<br \/>\n\tStandartin\u0117 1\/4 &quot;jungtis<br \/>\n\tMed\u017eiaga: \u017ealvaris<\/p>","protected":false},"excerpt":{"rendered":"<p>Puikiai pa\u0161alina ne\u0161varumus i\u0161 ma\u0161in\u0173, prietais\u0173 ir varikli\u0173 Purk\u0161tuko ilgis: 110 mm Standartin\u0117 1\/4 &quot;jungtis Med\u017eiaga: \u017ealvaris<\/p>","protected":false},"featured_media":417782,"comment_status":"closed","ping_status":"closed","template":"","meta":[],"product_cat":[11137,11121,11141,10287],"product_tag":[],"class_list":{"0":"post-411724","1":"product","2":"type-product","3":"status-publish","4":"has-post-thumbnail","6":"product_brand-yato","7":"product_cat-pneumatikos-priedai","8":"product_cat-pneumatine-iranga-kompresoriai-prekiu-katalogas","9":"product_cat-praputimo-priputimo-pistoletai-purkstuvai-pneumatikos-priedai","10":"product_cat-prekiu-katalogas","12":"first","13":"instock","14":"purchasable","15":"product-type-simple"},"jetpack_sharing_enabled":true,"_links":{"self":[{"href":"https:\/\/raktoras.lt\/ru\/wp-json\/wp\/v2\/product\/411724","targetHints":{"allow":["GET"]}}],"collection":[{"href":"https:\/\/raktoras.lt\/ru\/wp-json\/wp\/v2\/product"}],"about":[{"href":"https:\/\/raktoras.lt\/ru\/wp-json\/wp\/v2\/types\/product"}],"replies":[{"embeddable":true,"href":"https:\/\/raktoras.lt\/ru\/wp-json\/wp\/v2\/comments?post=411724"}],"version-history":[{"count":1,"href":"https:\/\/raktoras.lt\/ru\/wp-json\/wp\/v2\/product\/411724\/revisions"}],"predecessor-version":[{"id":411725,"href":"https:\/\/raktoras.lt\/ru\/wp-json\/wp\/v2\/product\/411724\/revisions\/411725"}],"wp:featuredmedia":[{"embeddable":true,"href":"https:\/\/raktoras.lt\/ru\/wp-json\/wp\/v2\/media\/417782"}],"wp:attachment":[{"href":"https:\/\/raktoras.lt\/ru\/wp-json\/wp\/v2\/media?parent=411724"}],"wp:term":[{"taxonomy":"product_cat","embeddable":true,"href":"https:\/\/raktoras.lt\/ru\/wp-json\/wp\/v2\/product_cat?post=411724"},{"taxonomy":"product_tag","embeddable":true,"href":"https:\/\/raktoras.lt\/ru\/wp-json\/wp\/v2\/product_tag?post=411724"}],"curies":[{"name":"wp","href":"https:\/\/api.w.org\/{rel}","templated":true}]}}