{"id":411852,"date":"2025-08-18T17:35:38","date_gmt":"2025-08-18T17:35:38","guid":{"rendered":"https:\/\/raktoras.lt\/product\/reples-laidu-nuvalymui-180mm-0-2-6mm%c2%b2-knipex\/"},"modified":"2025-12-06T15:56:14","modified_gmt":"2025-12-06T15:56:14","slug":"reples-laidu-nuvalymui-180mm-0-2-6mm%c2%b2-knipex","status":"publish","type":"product","link":"https:\/\/raktoras.lt\/ru\/product\/reples-laidu-nuvalymui-180mm-0-2-6mm%c2%b2-knipex\/","title":{"rendered":"Repl\u0117s laid\u0173 nuvalymui 180mm (0.2-6mm\u00b2) KNIPEX"},"content":{"rendered":"<p><strong>Prek\u0117s kodas: 12 62 180<br \/>\n\tEAN kodas: 4003773054573<\/strong><br \/>\n\tUniversalios, skirtos varini\u0173 ir aliumini\u0173 laid\u0173 nuvalymu<br \/>\n\tNuo 0,2 iki 6 mm&sup2; 24-10 AVG kabeliams su standartine izoliacija<br \/>\n\tGalima kirpti 2,5 mm&sup2; vario ir aliuminio laidus<br \/>\n\tAutomati\u0161kai prisitaiko prie atitinkamo laido skerspj\u016bvio; apsaugo nuo laidininko pa\u017eeidimo<br \/>\n\tPatogi forma ir ma\u017eas svoris u\u017etikrina auk\u0161t\u0105 naudojimo komfort\u0105<br \/>\n\tReguliuojamas ilgio fiksatorius nuo 6,0 iki 18,0 mm<br \/>\n\tKorpusas: plastikas, sutvirtintas stiklo pluo\u0161tu<br \/>\n\tA\u0161menys: specialus \u012franki\u0173 plienas, gr\u016bdintas alyva, kei\u010diamas<br \/>\n\tIlgis 180 mm<br \/>\n\tSvoris 151 g<\/p>\n<p><iframe allow=\"accelerometer; autoplay; clipboard-write; encrypted-media; gyroscope; picture-in-picture\" allowfullscreen=\"\" frameborder=\"0\" height=\"315\" src=\"https:\/\/www.youtube.com\/embed\/tDTBPpNO0dc\" width=\"560\"><\/iframe><\/p>","protected":false},"excerpt":{"rendered":"<p>Prek\u0117s kodas: 12 62 180 EAN kodas: 4003773054573 Universalios, skirtos varini\u0173 ir aliumini\u0173 laid\u0173 nuvalymu Nuo 0,2 iki 6 mm&sup2; 24-10 AVG kabeliams su standartine izoliacija Galima kirpti 2,5 mm&sup2;<\/p>","protected":false},"featured_media":417846,"comment_status":"closed","ping_status":"open","template":"","meta":[],"product_cat":[10287,11080,11091,11083],"product_tag":[],"class_list":{"0":"post-411852","1":"product","2":"type-product","3":"status-publish","4":"has-post-thumbnail","6":"product_brand-knipex","7":"product_cat-prekiu-katalogas","8":"product_cat-rankiniai-irankiai","9":"product_cat-reples-laidu-nuvalymui-ir-uzspaudimui-reples-zirkles-pjovimo-irankiai-rankiniai-irankiai","10":"product_cat-reples-zirkles-pjovimo-irankiai-rankiniai-irankiai","12":"first","13":"instock","14":"purchasable","15":"product-type-simple"},"jetpack_sharing_enabled":true,"_links":{"self":[{"href":"https:\/\/raktoras.lt\/ru\/wp-json\/wp\/v2\/product\/411852","targetHints":{"allow":["GET"]}}],"collection":[{"href":"https:\/\/raktoras.lt\/ru\/wp-json\/wp\/v2\/product"}],"about":[{"href":"https:\/\/raktoras.lt\/ru\/wp-json\/wp\/v2\/types\/product"}],"replies":[{"embeddable":true,"href":"https:\/\/raktoras.lt\/ru\/wp-json\/wp\/v2\/comments?post=411852"}],"version-history":[{"count":1,"href":"https:\/\/raktoras.lt\/ru\/wp-json\/wp\/v2\/product\/411852\/revisions"}],"predecessor-version":[{"id":411853,"href":"https:\/\/raktoras.lt\/ru\/wp-json\/wp\/v2\/product\/411852\/revisions\/411853"}],"wp:featuredmedia":[{"embeddable":true,"href":"https:\/\/raktoras.lt\/ru\/wp-json\/wp\/v2\/media\/417846"}],"wp:attachment":[{"href":"https:\/\/raktoras.lt\/ru\/wp-json\/wp\/v2\/media?parent=411852"}],"wp:term":[{"taxonomy":"product_cat","embeddable":true,"href":"https:\/\/raktoras.lt\/ru\/wp-json\/wp\/v2\/product_cat?post=411852"},{"taxonomy":"product_tag","embeddable":true,"href":"https:\/\/raktoras.lt\/ru\/wp-json\/wp\/v2\/product_tag?post=411852"}],"curies":[{"name":"wp","href":"https:\/\/api.w.org\/{rel}","templated":true}]}}