{"id":411856,"date":"2025-08-18T17:35:38","date_gmt":"2025-08-18T17:35:38","guid":{"rendered":"https:\/\/raktoras.lt\/product\/prailgintos-lenktos-reples-200mm-knipex\/"},"modified":"2025-12-06T15:56:15","modified_gmt":"2025-12-06T15:56:15","slug":"prailgintos-lenktos-reples-200mm-knipex","status":"publish","type":"product","link":"https:\/\/raktoras.lt\/ru\/product\/prailgintos-lenktos-reples-200mm-knipex\/","title":{"rendered":"Prailgintos lenktos repl\u0117s 200mm KNIPEX"},"content":{"rendered":"<p><strong>Prek\u0117s Nr.: 38 71 200<br \/>\n\tEAN: 4003773017202<\/strong><br \/>\n\tDidel\u0117 repli\u0173 galiuk\u0173 lenkimo j\u0117ga 70&deg; kampas, pusiau apval\u016bs \u017eandikauliai, tinkami kai\u0161\u010diams traukti; skirtas \u012fsikibti \u012f sunkiai prieinamas vietas<br \/>\n\tGalva nugludinta<br \/>\n\tRankenos padengtos plastiku<br \/>\n\tStandartas DIN ISO 5745<br \/>\n\tAntgali\u0173 plotis (W4) 3.0 mm<br \/>\n\tAntgali\u0173 storis (T2) 2.0 mm<br \/>\n\tGalvos plotis (W3) 17.5 mm<br \/>\n\tMatmenys 200 x 53 x 13 mm<br \/>\n\tSvoris 174 g<\/p>","protected":false},"excerpt":{"rendered":"<p>Prek\u0117s Nr.: 38 71 200 EAN: 4003773017202 Didel\u0117 repli\u0173 galiuk\u0173 lenkimo j\u0117ga 70&deg; kampas, pusiau apval\u016bs \u017eandikauliai, tinkami kai\u0161\u010diams traukti; skirtas \u012fsikibti \u012f sunkiai prieinamas vietas Galva nugludinta Rankenos padengtos<\/p>","protected":false},"featured_media":417848,"comment_status":"closed","ping_status":"open","template":"","meta":[],"product_cat":[11084,10287,11080,11083],"product_tag":[],"class_list":{"0":"post-411856","1":"product","2":"type-product","3":"status-publish","4":"has-post-thumbnail","6":"product_brand-knipex","7":"product_cat-kombinuotos-reples-reples-zirkles-pjovimo-irankiai-rankiniai-irankiai","8":"product_cat-prekiu-katalogas","9":"product_cat-rankiniai-irankiai","10":"product_cat-reples-zirkles-pjovimo-irankiai-rankiniai-irankiai","12":"first","13":"instock","14":"purchasable","15":"product-type-simple"},"jetpack_sharing_enabled":true,"_links":{"self":[{"href":"https:\/\/raktoras.lt\/ru\/wp-json\/wp\/v2\/product\/411856","targetHints":{"allow":["GET"]}}],"collection":[{"href":"https:\/\/raktoras.lt\/ru\/wp-json\/wp\/v2\/product"}],"about":[{"href":"https:\/\/raktoras.lt\/ru\/wp-json\/wp\/v2\/types\/product"}],"replies":[{"embeddable":true,"href":"https:\/\/raktoras.lt\/ru\/wp-json\/wp\/v2\/comments?post=411856"}],"version-history":[{"count":1,"href":"https:\/\/raktoras.lt\/ru\/wp-json\/wp\/v2\/product\/411856\/revisions"}],"predecessor-version":[{"id":411857,"href":"https:\/\/raktoras.lt\/ru\/wp-json\/wp\/v2\/product\/411856\/revisions\/411857"}],"wp:featuredmedia":[{"embeddable":true,"href":"https:\/\/raktoras.lt\/ru\/wp-json\/wp\/v2\/media\/417848"}],"wp:attachment":[{"href":"https:\/\/raktoras.lt\/ru\/wp-json\/wp\/v2\/media?parent=411856"}],"wp:term":[{"taxonomy":"product_cat","embeddable":true,"href":"https:\/\/raktoras.lt\/ru\/wp-json\/wp\/v2\/product_cat?post=411856"},{"taxonomy":"product_tag","embeddable":true,"href":"https:\/\/raktoras.lt\/ru\/wp-json\/wp\/v2\/product_tag?post=411856"}],"curies":[{"name":"wp","href":"https:\/\/api.w.org\/{rel}","templated":true}]}}