{"id":411858,"date":"2025-08-18T17:35:38","date_gmt":"2025-08-18T17:35:38","guid":{"rendered":"https:\/\/raktoras.lt\/product\/santechnines-reples-raktas-knipex-su-fiksavimu-300mm\/"},"modified":"2025-12-06T15:56:15","modified_gmt":"2025-12-06T15:56:15","slug":"santechnines-reples-raktas-knipex-su-fiksavimu-300mm","status":"publish","type":"product","link":"https:\/\/raktoras.lt\/ru\/product\/santechnines-reples-raktas-knipex-su-fiksavimu-300mm\/","title":{"rendered":"Santechnin\u0117s repl\u0117s &#8211; raktas KNIPEX su fiksavimu 300mm"},"content":{"rendered":"<p><strong>Prek\u0117s Nr.: 86 01 300<br \/>\n\tEAN: 4003773084662<\/strong><br \/>\n\tPakei\u010dia metrini\u0173 ir colini\u0173 ver\u017eliarak\u010di\u0173 rinkini\u0173 poreik\u012f<br \/>\n\tTaip pat puikiai tinka ruo\u0161iniams suimti, laikyti, presuoti ir lenkti<br \/>\n\tLygiagre\u010diai \u017eandikauliai suteikia tvirtesn\u012f sukibim\u0105; jo konstrukcija leid\u017eia lanks\u010diai reguliuoti visus plo\u010dius iki nurodyto maksimalaus dyd\u017eio<br \/>\n\tCrV plienas, kaltinis, gr\u016bdintas aliejumi<br \/>\n\tRankenos su neslystan\u010dia plastikine danga<br \/>\n\tRepli\u0173 storis 15,0 mm<br \/>\n\tReguliavimo pad\u0117tys 24<br \/>\n\tMax \u017eio\u010di\u0173 apimtis ver\u017elei 2 1\/2<br \/>\n\tMax \u017eio\u010di\u0173 apimtis ver\u017elei 68 mm<br \/>\n\t&Oslash; &#8211; B2 9.5 mm; B3 15.0 mm; B1 9.5 mm<br \/>\n\tMatmenys 300 x 68 x 17 mm<br \/>\n\tSvoris 645 g<\/p>\n<p>&lt;iframe width=&quot;560&quot; height=&quot;315&quot; src=&quot;https:\/\/www.youtube.com\/embed\/EwITh0OvT6g?si=QuhK-SF97rmRalFk&quot; title=&quot;YouTube video player&quot; frameborder=&quot;0&quot; allow=&quot;accelerometer; autoplay; clipboard-write; encrypted-media; gyroscope; picture-in-picture; web-share&quot; allowfullscreen&gt;&lt;\/iframe&gt;<\/p>","protected":false},"excerpt":{"rendered":"<p>Prek\u0117s Nr.: 86 01 300 EAN: 4003773084662 Pakei\u010dia metrini\u0173 ir colini\u0173 ver\u017eliarak\u010di\u0173 rinkini\u0173 poreik\u012f Taip pat puikiai tinka ruo\u0161iniams suimti, laikyti, presuoti ir lenkti Lygiagre\u010diai \u017eandikauliai suteikia tvirtesn\u012f sukibim\u0105; jo<\/p>","protected":false},"featured_media":417849,"comment_status":"closed","ping_status":"open","template":"","meta":[],"product_cat":[10287,11080,11083,11102],"product_tag":[],"class_list":{"0":"post-411858","1":"product","2":"type-product","3":"status-publish","4":"has-post-thumbnail","6":"product_brand-knipex","7":"product_cat-prekiu-katalogas","8":"product_cat-rankiniai-irankiai","9":"product_cat-reples-zirkles-pjovimo-irankiai-rankiniai-irankiai","10":"product_cat-santechnines-reples-reples-zirkles-pjovimo-irankiai-rankiniai-irankiai","12":"first","13":"instock","14":"purchasable","15":"product-type-simple"},"jetpack_sharing_enabled":true,"_links":{"self":[{"href":"https:\/\/raktoras.lt\/ru\/wp-json\/wp\/v2\/product\/411858","targetHints":{"allow":["GET"]}}],"collection":[{"href":"https:\/\/raktoras.lt\/ru\/wp-json\/wp\/v2\/product"}],"about":[{"href":"https:\/\/raktoras.lt\/ru\/wp-json\/wp\/v2\/types\/product"}],"replies":[{"embeddable":true,"href":"https:\/\/raktoras.lt\/ru\/wp-json\/wp\/v2\/comments?post=411858"}],"version-history":[{"count":1,"href":"https:\/\/raktoras.lt\/ru\/wp-json\/wp\/v2\/product\/411858\/revisions"}],"predecessor-version":[{"id":411859,"href":"https:\/\/raktoras.lt\/ru\/wp-json\/wp\/v2\/product\/411858\/revisions\/411859"}],"wp:featuredmedia":[{"embeddable":true,"href":"https:\/\/raktoras.lt\/ru\/wp-json\/wp\/v2\/media\/417849"}],"wp:attachment":[{"href":"https:\/\/raktoras.lt\/ru\/wp-json\/wp\/v2\/media?parent=411858"}],"wp:term":[{"taxonomy":"product_cat","embeddable":true,"href":"https:\/\/raktoras.lt\/ru\/wp-json\/wp\/v2\/product_cat?post=411858"},{"taxonomy":"product_tag","embeddable":true,"href":"https:\/\/raktoras.lt\/ru\/wp-json\/wp\/v2\/product_tag?post=411858"}],"curies":[{"name":"wp","href":"https:\/\/api.w.org\/{rel}","templated":true}]}}