{"id":411860,"date":"2025-08-18T17:35:38","date_gmt":"2025-08-18T17:35:38","guid":{"rendered":"https:\/\/raktoras.lt\/product\/reples-laidu-uzspaudimui-knipex-180mm\/"},"modified":"2025-12-06T15:56:15","modified_gmt":"2025-12-06T15:56:15","slug":"reples-laidu-uzspaudimui-knipex-180mm","status":"publish","type":"product","link":"https:\/\/raktoras.lt\/ru\/product\/reples-laidu-uzspaudimui-knipex-180mm\/","title":{"rendered":"Repl\u0117s laid\u0173 u\u017espaudimui KNIPEX 180mm"},"content":{"rendered":"<p><strong>Prek\u0117s Nr.: 97 72 180<br \/>\n\tEAN: 4003773060185<\/strong><br \/>\n\tLengvas ir plonas dizainas ir u\u017espaudimas<br \/>\n\tDIN 46228 dalis 1 + 4 nuo 0,25 iki 16 mm&sup2;<br \/>\n\tU\u017espaudimas pa\u017eym\u0117tais pusiau apvaliais \u0161tampais, kad b\u016bt\u0173 u\u017etikrintos patikimos jungtys tarp \u012fvor\u0117s ir laidininko<br \/>\n\tSpecialus \u012frankinis plienas, kaltinis, gr\u016bdintas aliejumi<br \/>\n\tGalva nugludinta<br \/>\n\tAntgalio skersmuo 0,25 &#8211; 16,0 mm&sup2;<br \/>\n\tPresavimo viet\u0173 skai\u010dius 9<br \/>\n\tAWG 24 &#8211; 6<br \/>\n\tMatmenys 180 x 51 x 22 mm<br \/>\n\tSvoris 242 g<\/p>\n<p><iframe allow=\"accelerometer; autoplay; clipboard-write; encrypted-media; gyroscope; picture-in-picture; web-share\" allowfullscreen=\"\" frameborder=\"0\" height=\"315\" src=\"https:\/\/www.youtube.com\/embed\/HGT_tK3Ph8Q?si=mYSMYM1X6Js_xJmo&amp;start=2\" title=\"YouTube video player\" width=\"560\"><\/iframe><\/p>","protected":false},"excerpt":{"rendered":"<p>Prek\u0117s Nr.: 97 72 180 EAN: 4003773060185 Lengvas ir plonas dizainas ir u\u017espaudimas DIN 46228 dalis 1 + 4 nuo 0,25 iki 16 mm&sup2; U\u017espaudimas pa\u017eym\u0117tais pusiau apvaliais \u0161tampais, kad<\/p>","protected":false},"featured_media":417850,"comment_status":"closed","ping_status":"open","template":"","meta":[],"product_cat":[10287,11080,11091,11083],"product_tag":[],"class_list":{"0":"post-411860","1":"product","2":"type-product","3":"status-publish","4":"has-post-thumbnail","6":"product_brand-knipex","7":"product_cat-prekiu-katalogas","8":"product_cat-rankiniai-irankiai","9":"product_cat-reples-laidu-nuvalymui-ir-uzspaudimui-reples-zirkles-pjovimo-irankiai-rankiniai-irankiai","10":"product_cat-reples-zirkles-pjovimo-irankiai-rankiniai-irankiai","12":"first","13":"instock","14":"purchasable","15":"product-type-simple"},"jetpack_sharing_enabled":true,"_links":{"self":[{"href":"https:\/\/raktoras.lt\/ru\/wp-json\/wp\/v2\/product\/411860","targetHints":{"allow":["GET"]}}],"collection":[{"href":"https:\/\/raktoras.lt\/ru\/wp-json\/wp\/v2\/product"}],"about":[{"href":"https:\/\/raktoras.lt\/ru\/wp-json\/wp\/v2\/types\/product"}],"replies":[{"embeddable":true,"href":"https:\/\/raktoras.lt\/ru\/wp-json\/wp\/v2\/comments?post=411860"}],"version-history":[{"count":1,"href":"https:\/\/raktoras.lt\/ru\/wp-json\/wp\/v2\/product\/411860\/revisions"}],"predecessor-version":[{"id":411861,"href":"https:\/\/raktoras.lt\/ru\/wp-json\/wp\/v2\/product\/411860\/revisions\/411861"}],"wp:featuredmedia":[{"embeddable":true,"href":"https:\/\/raktoras.lt\/ru\/wp-json\/wp\/v2\/media\/417850"}],"wp:attachment":[{"href":"https:\/\/raktoras.lt\/ru\/wp-json\/wp\/v2\/media?parent=411860"}],"wp:term":[{"taxonomy":"product_cat","embeddable":true,"href":"https:\/\/raktoras.lt\/ru\/wp-json\/wp\/v2\/product_cat?post=411860"},{"taxonomy":"product_tag","embeddable":true,"href":"https:\/\/raktoras.lt\/ru\/wp-json\/wp\/v2\/product_tag?post=411860"}],"curies":[{"name":"wp","href":"https:\/\/api.w.org\/{rel}","templated":true}]}}