{"id":411862,"date":"2025-08-18T17:35:38","date_gmt":"2025-08-18T17:35:38","guid":{"rendered":"https:\/\/raktoras.lt\/product\/santechnines-reples-250mm-knipex-su-fiksavimu\/"},"modified":"2025-12-06T15:56:15","modified_gmt":"2025-12-06T15:56:15","slug":"santechnines-reples-250mm-knipex-su-fiksavimu","status":"publish","type":"product","link":"https:\/\/raktoras.lt\/ru\/product\/santechnines-reples-250mm-knipex-su-fiksavimu\/","title":{"rendered":"Santechnin\u0117s repl\u0117s 250mm KNIPEX (su fiksavimu)"},"content":{"rendered":"<p><strong>Prek\u0117s Nr.: 81 01 250<br \/>\n\tEAN: 4003773078463<\/strong><br \/>\n\tTikslus reguliavimas idealiai tinka \u012fvairiems sifonams, alyvos filtrams, plastikiniams vamzd\u017eiams ir jungtims iki 80 mm skersmens<br \/>\n\tDantytais griebian\u010diais \u017eandikauliais<br \/>\n\tOptimalus sukibimas su ne\u0161varumais, aliejumi ir be riebal\u0173<br \/>\n\tErgonomi\u0161ka rankenos geometrija<br \/>\n\tCrV plienas, kaltinis, gr\u016bdintas aliejumi<br \/>\n\tRankenos su neslystan\u010dia plastikine danga<br \/>\n\tStandartas DIN ISO 8976<br \/>\n\tDarbinis &Oslash; 25 &#8211; 80 mm<br \/>\n\tReguliavimo pad\u0117tys 25<br \/>\n\tMatmenys 250 x 62 x 17 mm<br \/>\n\tSvoris 355 g<\/p>\n<p>&lt;iframe width=&quot;560&quot; height=&quot;315&quot; src=&quot;https:\/\/www.youtube.com\/embed\/YCSzxMZNK3s?si=9PwTNHMMD2Mr7vom&quot; title=&quot;YouTube video player&quot; frameborder=&quot;0&quot; allow=&quot;accelerometer; autoplay; clipboard-write; encrypted-media; gyroscope; picture-in-picture; web-share&quot; allowfullscreen&gt;&lt;\/iframe&gt;<\/p>","protected":false},"excerpt":{"rendered":"<p>Prek\u0117s Nr.: 81 01 250 EAN: 4003773078463 Tikslus reguliavimas idealiai tinka \u012fvairiems sifonams, alyvos filtrams, plastikiniams vamzd\u017eiams ir jungtims iki 80 mm skersmens Dantytais griebian\u010diais \u017eandikauliais Optimalus sukibimas su ne\u0161varumais,<\/p>","protected":false},"featured_media":417851,"comment_status":"closed","ping_status":"open","template":"","meta":[],"product_cat":[10287,11080,11083,11102],"product_tag":[],"class_list":{"0":"post-411862","1":"product","2":"type-product","3":"status-publish","4":"has-post-thumbnail","6":"product_brand-knipex","7":"product_cat-prekiu-katalogas","8":"product_cat-rankiniai-irankiai","9":"product_cat-reples-zirkles-pjovimo-irankiai-rankiniai-irankiai","10":"product_cat-santechnines-reples-reples-zirkles-pjovimo-irankiai-rankiniai-irankiai","12":"first","13":"instock","14":"purchasable","15":"product-type-simple"},"jetpack_sharing_enabled":true,"_links":{"self":[{"href":"https:\/\/raktoras.lt\/ru\/wp-json\/wp\/v2\/product\/411862","targetHints":{"allow":["GET"]}}],"collection":[{"href":"https:\/\/raktoras.lt\/ru\/wp-json\/wp\/v2\/product"}],"about":[{"href":"https:\/\/raktoras.lt\/ru\/wp-json\/wp\/v2\/types\/product"}],"replies":[{"embeddable":true,"href":"https:\/\/raktoras.lt\/ru\/wp-json\/wp\/v2\/comments?post=411862"}],"version-history":[{"count":1,"href":"https:\/\/raktoras.lt\/ru\/wp-json\/wp\/v2\/product\/411862\/revisions"}],"predecessor-version":[{"id":411863,"href":"https:\/\/raktoras.lt\/ru\/wp-json\/wp\/v2\/product\/411862\/revisions\/411863"}],"wp:featuredmedia":[{"embeddable":true,"href":"https:\/\/raktoras.lt\/ru\/wp-json\/wp\/v2\/media\/417851"}],"wp:attachment":[{"href":"https:\/\/raktoras.lt\/ru\/wp-json\/wp\/v2\/media?parent=411862"}],"wp:term":[{"taxonomy":"product_cat","embeddable":true,"href":"https:\/\/raktoras.lt\/ru\/wp-json\/wp\/v2\/product_cat?post=411862"},{"taxonomy":"product_tag","embeddable":true,"href":"https:\/\/raktoras.lt\/ru\/wp-json\/wp\/v2\/product_tag?post=411862"}],"curies":[{"name":"wp","href":"https:\/\/api.w.org\/{rel}","templated":true}]}}