{"id":411866,"date":"2025-08-18T17:35:38","date_gmt":"2025-08-18T17:35:38","guid":{"rendered":"https:\/\/raktoras.lt\/product\/kombinuotos-zirkles-185mm-knipex\/"},"modified":"2025-10-02T17:55:38","modified_gmt":"2025-10-02T17:55:38","slug":"kombinuotos-zirkles-185mm-knipex","status":"publish","type":"product","link":"https:\/\/raktoras.lt\/ru\/product\/kombinuotos-zirkles-185mm-knipex\/","title":{"rendered":"Kombinuotos \u017eirkl\u0117s 185mm KNIPEX"},"content":{"rendered":"<p><strong>Prek\u0117s Nr.: 95 05 185<br \/>\n\tEAN: 4003773060277<\/strong><br \/>\n\tErgonomi\u0161kos formos plastikin\u0117s rankenos, atsparios sm\u016bgiams<br \/>\n\tKartono, plastik\u0173, aliuminio, \u017ealvario ir vario folijos kirpimui<br \/>\n\tNetinka plienin\u0117s vielos ar gele\u017eies lak\u0161tams<br \/>\n\tSu spyruokle ir fiksavimu<br \/>\n\tApsauginis u\u017espaudimas apsaugo pir\u0161tus<br \/>\n\t\u017dirkli\u0173 korpusas: chirurginis plienas, ner\u016bdijantis, gr\u016bdintas vakuume<br \/>\n\tMatmenys 185 x 60 x 15 mm<br \/>\n\tSvoris 115 g<\/p>","protected":false},"excerpt":{"rendered":"<p>Prek\u0117s Nr.: 95 05 185 EAN: 4003773060277 Ergonomi\u0161kos formos plastikin\u0117s rankenos, atsparios sm\u016bgiams Kartono, plastik\u0173, aliuminio, \u017ealvario ir vario folijos kirpimui Netinka plienin\u0117s vielos ar gele\u017eies lak\u0161tams Su spyruokle ir<\/p>","protected":false},"featured_media":417853,"comment_status":"closed","ping_status":"open","template":"","meta":[],"product_cat":[11092,10287,11080,11083],"product_tag":[],"class_list":{"0":"post-411866","1":"product","2":"type-product","3":"status-publish","4":"has-post-thumbnail","6":"product_brand-knipex","7":"product_cat-pjovikliai-pjuklai-vielos-ir-kabelio-zirkles-reples-zirkles-pjovimo-irankiai-rankiniai-irankiai","8":"product_cat-prekiu-katalogas","9":"product_cat-rankiniai-irankiai","10":"product_cat-reples-zirkles-pjovimo-irankiai-rankiniai-irankiai","12":"first","13":"instock","14":"purchasable","15":"product-type-simple"},"jetpack_sharing_enabled":true,"_links":{"self":[{"href":"https:\/\/raktoras.lt\/ru\/wp-json\/wp\/v2\/product\/411866","targetHints":{"allow":["GET"]}}],"collection":[{"href":"https:\/\/raktoras.lt\/ru\/wp-json\/wp\/v2\/product"}],"about":[{"href":"https:\/\/raktoras.lt\/ru\/wp-json\/wp\/v2\/types\/product"}],"replies":[{"embeddable":true,"href":"https:\/\/raktoras.lt\/ru\/wp-json\/wp\/v2\/comments?post=411866"}],"version-history":[{"count":1,"href":"https:\/\/raktoras.lt\/ru\/wp-json\/wp\/v2\/product\/411866\/revisions"}],"predecessor-version":[{"id":411867,"href":"https:\/\/raktoras.lt\/ru\/wp-json\/wp\/v2\/product\/411866\/revisions\/411867"}],"wp:featuredmedia":[{"embeddable":true,"href":"https:\/\/raktoras.lt\/ru\/wp-json\/wp\/v2\/media\/417853"}],"wp:attachment":[{"href":"https:\/\/raktoras.lt\/ru\/wp-json\/wp\/v2\/media?parent=411866"}],"wp:term":[{"taxonomy":"product_cat","embeddable":true,"href":"https:\/\/raktoras.lt\/ru\/wp-json\/wp\/v2\/product_cat?post=411866"},{"taxonomy":"product_tag","embeddable":true,"href":"https:\/\/raktoras.lt\/ru\/wp-json\/wp\/v2\/product_tag?post=411866"}],"curies":[{"name":"wp","href":"https:\/\/api.w.org\/{rel}","templated":true}]}}