{"id":411868,"date":"2025-08-18T17:35:38","date_gmt":"2025-08-18T17:35:38","guid":{"rendered":"https:\/\/raktoras.lt\/product\/kombinuotos-zirkles-190mm-knipex\/"},"modified":"2025-10-02T17:55:38","modified_gmt":"2025-10-02T17:55:38","slug":"kombinuotos-zirkles-190mm-knipex","status":"publish","type":"product","link":"https:\/\/raktoras.lt\/ru\/product\/kombinuotos-zirkles-190mm-knipex\/","title":{"rendered":"Kombinuotos \u017eirkl\u0117s 190mm KNIPEX"},"content":{"rendered":"<p><strong>Prek\u0117s Nr.: 95 05 190<br \/>\n\tEAN: 4003773060277<\/strong><br \/>\n\tKartono, plastik\u0173, aliuminio, \u017ealvario ir vario folijos kirpimui<br \/>\n\tNetinka plienin\u0117s vielos arba metalo lak\u0161tams<br \/>\n\tSu spyruokle ir fiksavimu<br \/>\n\tApsauginis u\u017espaudimas apsaugo pir\u0161tus<br \/>\n\t\u017dirkli\u0173 korpusas: chirurginis plienas, ner\u016bdijantis, gr\u016bdintas vakuume<br \/>\n\tRankenos: plastikin\u0117s, atsparios sm\u016bgiams<br \/>\n\tMatmenys 190 x 52 x 15 mm<br \/>\n\tSvoris 116 g<\/p>","protected":false},"excerpt":{"rendered":"<p>Prek\u0117s Nr.: 95 05 190 EAN: 4003773060277 Kartono, plastik\u0173, aliuminio, \u017ealvario ir vario folijos kirpimui Netinka plienin\u0117s vielos arba metalo lak\u0161tams Su spyruokle ir fiksavimu Apsauginis u\u017espaudimas apsaugo pir\u0161tus \u017dirkli\u0173<\/p>","protected":false},"featured_media":417854,"comment_status":"closed","ping_status":"open","template":"","meta":[],"product_cat":[11092,10287,11080,11083],"product_tag":[],"class_list":{"0":"post-411868","1":"product","2":"type-product","3":"status-publish","4":"has-post-thumbnail","6":"product_brand-knipex","7":"product_cat-pjovikliai-pjuklai-vielos-ir-kabelio-zirkles-reples-zirkles-pjovimo-irankiai-rankiniai-irankiai","8":"product_cat-prekiu-katalogas","9":"product_cat-rankiniai-irankiai","10":"product_cat-reples-zirkles-pjovimo-irankiai-rankiniai-irankiai","12":"first","13":"instock","14":"purchasable","15":"product-type-simple"},"jetpack_sharing_enabled":true,"_links":{"self":[{"href":"https:\/\/raktoras.lt\/ru\/wp-json\/wp\/v2\/product\/411868","targetHints":{"allow":["GET"]}}],"collection":[{"href":"https:\/\/raktoras.lt\/ru\/wp-json\/wp\/v2\/product"}],"about":[{"href":"https:\/\/raktoras.lt\/ru\/wp-json\/wp\/v2\/types\/product"}],"replies":[{"embeddable":true,"href":"https:\/\/raktoras.lt\/ru\/wp-json\/wp\/v2\/comments?post=411868"}],"version-history":[{"count":1,"href":"https:\/\/raktoras.lt\/ru\/wp-json\/wp\/v2\/product\/411868\/revisions"}],"predecessor-version":[{"id":411869,"href":"https:\/\/raktoras.lt\/ru\/wp-json\/wp\/v2\/product\/411868\/revisions\/411869"}],"wp:featuredmedia":[{"embeddable":true,"href":"https:\/\/raktoras.lt\/ru\/wp-json\/wp\/v2\/media\/417854"}],"wp:attachment":[{"href":"https:\/\/raktoras.lt\/ru\/wp-json\/wp\/v2\/media?parent=411868"}],"wp:term":[{"taxonomy":"product_cat","embeddable":true,"href":"https:\/\/raktoras.lt\/ru\/wp-json\/wp\/v2\/product_cat?post=411868"},{"taxonomy":"product_tag","embeddable":true,"href":"https:\/\/raktoras.lt\/ru\/wp-json\/wp\/v2\/product_tag?post=411868"}],"curies":[{"name":"wp","href":"https:\/\/api.w.org\/{rel}","templated":true}]}}