{"id":411870,"date":"2025-08-18T17:35:38","date_gmt":"2025-08-18T17:35:38","guid":{"rendered":"https:\/\/raktoras.lt\/product\/santechnines-reples-100mm-knipex-cobra-xs-su-fiksavimu\/"},"modified":"2026-01-09T17:47:41","modified_gmt":"2026-01-09T17:47:41","slug":"santechnines-reples-100mm-knipex-cobra-xs-su-fiksavimu","status":"publish","type":"product","link":"https:\/\/raktoras.lt\/ru\/product\/santechnines-reples-100mm-knipex-cobra-xs-su-fiksavimu\/","title":{"rendered":"Santechnin\u0117s repl\u0117s 100mm KNIPEX Cobra XS (su fiksavimu)"},"content":{"rendered":"<p><strong>Prek\u0117s Nr.: 87 00 100<br \/>\n\tEAN: 4003773085836<\/strong><br \/>\n\tOptimalus patekimas \u012f siauriausias vietas: ypa\u010d kompakti\u0161kas dizainas<br \/>\n\tVienos rankos stumdomas reguliavimas, kad b\u016bt\u0173 optimaliai pritaikytas \u012fvairiems ruo\u0161inio dyd\u017eiams<br \/>\n\tSaugus sukibimas, kur\u012f u\u017etikrina didelis atsparumas dilimui<br \/>\n\tGriebimo galia &Oslash; 28 mm, plotis iki 24 mm &#8211; tik 100 mm ilgio<br \/>\n\tReguliavimo pad\u0117tys 11<br \/>\n\tMax \u017eio\u010di\u0173 apimtis ver\u017elei 24 mm \/ &Oslash; 1 colio<br \/>\n\tMax \u017eio\u010di\u0173 apimtis vamzd\u017eio diametrui &Oslash; 28 mm<br \/>\n\tMatmenys 100 x 30 x 10 mm<br \/>\n\tStandartas DIN ISO 8976<br \/>\n\tSvoris 62 g<\/p>\n<p><iframe allow=\"accelerometer; autoplay; clipboard-write; encrypted-media; gyroscope; picture-in-picture\" allowfullscreen=\"\" frameborder=\"0\" height=\"315\" src=\"https:\/\/www.youtube.com\/embed\/k-0FvNibL0M\" title=\"YouTube video player\" width=\"560\"><\/iframe><\/p>","protected":false},"excerpt":{"rendered":"<p>Prek\u0117s Nr.: 87 00 100 EAN: 4003773085836 Optimalus patekimas \u012f siauriausias vietas: ypa\u010d kompakti\u0161kas dizainas Vienos rankos stumdomas reguliavimas, kad b\u016bt\u0173 optimaliai pritaikytas \u012fvairiems ruo\u0161inio dyd\u017eiams Saugus sukibimas, kur\u012f u\u017etikrina<\/p>","protected":false},"featured_media":417855,"comment_status":"closed","ping_status":"closed","template":"","meta":[],"product_cat":[10287,11080,11083,11102],"product_tag":[],"class_list":{"0":"post-411870","1":"product","2":"type-product","3":"status-publish","4":"has-post-thumbnail","6":"product_brand-knipex","7":"product_cat-prekiu-katalogas","8":"product_cat-rankiniai-irankiai","9":"product_cat-reples-zirkles-pjovimo-irankiai-rankiniai-irankiai","10":"product_cat-santechnines-reples-reples-zirkles-pjovimo-irankiai-rankiniai-irankiai","12":"first","13":"instock","14":"purchasable","15":"product-type-simple"},"jetpack_sharing_enabled":true,"_links":{"self":[{"href":"https:\/\/raktoras.lt\/ru\/wp-json\/wp\/v2\/product\/411870","targetHints":{"allow":["GET"]}}],"collection":[{"href":"https:\/\/raktoras.lt\/ru\/wp-json\/wp\/v2\/product"}],"about":[{"href":"https:\/\/raktoras.lt\/ru\/wp-json\/wp\/v2\/types\/product"}],"replies":[{"embeddable":true,"href":"https:\/\/raktoras.lt\/ru\/wp-json\/wp\/v2\/comments?post=411870"}],"version-history":[{"count":1,"href":"https:\/\/raktoras.lt\/ru\/wp-json\/wp\/v2\/product\/411870\/revisions"}],"predecessor-version":[{"id":411871,"href":"https:\/\/raktoras.lt\/ru\/wp-json\/wp\/v2\/product\/411870\/revisions\/411871"}],"wp:featuredmedia":[{"embeddable":true,"href":"https:\/\/raktoras.lt\/ru\/wp-json\/wp\/v2\/media\/417855"}],"wp:attachment":[{"href":"https:\/\/raktoras.lt\/ru\/wp-json\/wp\/v2\/media?parent=411870"}],"wp:term":[{"taxonomy":"product_cat","embeddable":true,"href":"https:\/\/raktoras.lt\/ru\/wp-json\/wp\/v2\/product_cat?post=411870"},{"taxonomy":"product_tag","embeddable":true,"href":"https:\/\/raktoras.lt\/ru\/wp-json\/wp\/v2\/product_tag?post=411870"}],"curies":[{"name":"wp","href":"https:\/\/api.w.org\/{rel}","templated":true}]}}