{"id":411872,"date":"2025-08-18T17:35:38","date_gmt":"2025-08-18T17:35:38","guid":{"rendered":"https:\/\/raktoras.lt\/product\/prailgintos-reples-elektrikui-160mm-knipex\/"},"modified":"2025-12-06T15:59:17","modified_gmt":"2025-12-06T15:59:17","slug":"prailgintos-reples-elektrikui-160mm-knipex","status":"publish","type":"product","link":"https:\/\/raktoras.lt\/ru\/product\/prailgintos-reples-elektrikui-160mm-knipex\/","title":{"rendered":"Prailgintos repl\u0117s elektrikui 160mm, KNIPEX"},"content":{"rendered":"<p><strong>Prek\u0117s Nr.: 13 01 160<br \/>\n\tEAN: 4003773034971<\/strong><br \/>\n\tTikslios pjovimo briaunos, papildomai sukietintos indukciniu b\u016bdu, kietumas 60 HRC<br \/>\n\tRankenos padengtos plastiku<br \/>\n\tPjovimo paj\u0117gumai vidutinio kietumo viela (750 N\/mm&sup2;) &Oslash; 2,5<br \/>\n\tKietosios vielos pjovimo paj\u0117gumai (1800 N\/mm&sup2;) &Oslash; 1,6<br \/>\n\tNuizoliavimo apimtis 0,5 &#8211; 0,75 \/ 1,5 \/ 2,5 mm&sup2;<br \/>\n\tMatmenys 160 x 52 x 13 mm<br \/>\n\tSvoris 112 g<\/p>","protected":false},"excerpt":{"rendered":"<p>Prek\u0117s Nr.: 13 01 160 EAN: 4003773034971 Tikslios pjovimo briaunos, papildomai sukietintos indukciniu b\u016bdu, kietumas 60 HRC Rankenos padengtos plastiku Pjovimo paj\u0117gumai vidutinio kietumo viela (750 N\/mm&sup2;) &Oslash; 2,5 Kietosios<\/p>","protected":false},"featured_media":417856,"comment_status":"closed","ping_status":"open","template":"","meta":[],"product_cat":[11084,10287,11080,11083],"product_tag":[],"class_list":{"0":"post-411872","1":"product","2":"type-product","3":"status-publish","4":"has-post-thumbnail","6":"product_brand-knipex","7":"product_cat-kombinuotos-reples-reples-zirkles-pjovimo-irankiai-rankiniai-irankiai","8":"product_cat-prekiu-katalogas","9":"product_cat-rankiniai-irankiai","10":"product_cat-reples-zirkles-pjovimo-irankiai-rankiniai-irankiai","12":"first","13":"instock","14":"purchasable","15":"product-type-simple"},"jetpack_sharing_enabled":true,"_links":{"self":[{"href":"https:\/\/raktoras.lt\/ru\/wp-json\/wp\/v2\/product\/411872","targetHints":{"allow":["GET"]}}],"collection":[{"href":"https:\/\/raktoras.lt\/ru\/wp-json\/wp\/v2\/product"}],"about":[{"href":"https:\/\/raktoras.lt\/ru\/wp-json\/wp\/v2\/types\/product"}],"replies":[{"embeddable":true,"href":"https:\/\/raktoras.lt\/ru\/wp-json\/wp\/v2\/comments?post=411872"}],"version-history":[{"count":1,"href":"https:\/\/raktoras.lt\/ru\/wp-json\/wp\/v2\/product\/411872\/revisions"}],"predecessor-version":[{"id":411873,"href":"https:\/\/raktoras.lt\/ru\/wp-json\/wp\/v2\/product\/411872\/revisions\/411873"}],"wp:featuredmedia":[{"embeddable":true,"href":"https:\/\/raktoras.lt\/ru\/wp-json\/wp\/v2\/media\/417856"}],"wp:attachment":[{"href":"https:\/\/raktoras.lt\/ru\/wp-json\/wp\/v2\/media?parent=411872"}],"wp:term":[{"taxonomy":"product_cat","embeddable":true,"href":"https:\/\/raktoras.lt\/ru\/wp-json\/wp\/v2\/product_cat?post=411872"},{"taxonomy":"product_tag","embeddable":true,"href":"https:\/\/raktoras.lt\/ru\/wp-json\/wp\/v2\/product_tag?post=411872"}],"curies":[{"name":"wp","href":"https:\/\/api.w.org\/{rel}","templated":true}]}}