{"id":411874,"date":"2025-08-18T17:35:38","date_gmt":"2025-08-18T17:35:38","guid":{"rendered":"https:\/\/raktoras.lt\/product\/peilis-laidu-nuvalymui-165mm-knipex\/"},"modified":"2025-12-06T15:59:18","modified_gmt":"2025-12-06T15:59:18","slug":"peilis-laidu-nuvalymui-165mm-knipex","status":"publish","type":"product","link":"https:\/\/raktoras.lt\/ru\/product\/peilis-laidu-nuvalymui-165mm-knipex\/","title":{"rendered":"Peilis laid\u0173 nuvalymui 165mm, KNIPEX"},"content":{"rendered":"<p><strong>Prek\u0117s Nr.: 16 20 165 SB<br \/>\n\tEAN: 4003773034971<\/strong><br \/>\n\tSkirtos \u012fvairi\u0173 kabeli\u0173 nuizoliavimui<br \/>\n\tSu reguliavimo var\u017etu pjovimo gyliui reguliuoti<br \/>\n\tPasukama gele\u017et\u0117 apskritam ir i\u0161ilginiam pjovimui<br \/>\n\tAtsarginis peilis rankenos viduje<br \/>\n\tSaugi neslystanti rankena<br \/>\n\tTvirtas sukibimas d\u0117l mink\u0161tos komponento med\u017eiagos ant rankenos<br \/>\n\tKorpusas: plastikinis, atsparus sm\u016bgiams<br \/>\n\tNuizoliavimo apimtis &Oslash; 8,0 &#8211; 28,0 mm<br \/>\n\tMatmenys 165 x 84 x 31 mm<br \/>\n\tSvoris 85 g<\/p>\n<p><iframe allow=\"accelerometer; autoplay; clipboard-write; encrypted-media; gyroscope; picture-in-picture\" allowfullscreen=\"\" frameborder=\"0\" height=\"315\" src=\"https:\/\/www.youtube.com\/embed\/H147fmO4FII?start=11\" title=\"YouTube video player\" width=\"560\"><\/iframe><\/p>","protected":false},"excerpt":{"rendered":"<p>Prek\u0117s Nr.: 16 20 165 SB EAN: 4003773034971 Skirtos \u012fvairi\u0173 kabeli\u0173 nuizoliavimui Su reguliavimo var\u017etu pjovimo gyliui reguliuoti Pasukama gele\u017et\u0117 apskritam ir i\u0161ilginiam pjovimui Atsarginis peilis rankenos viduje Saugi neslystanti<\/p>","protected":false},"featured_media":417857,"comment_status":"closed","ping_status":"open","template":"","meta":[],"product_cat":[10287,11080,11091,11083],"product_tag":[],"class_list":{"0":"post-411874","1":"product","2":"type-product","3":"status-publish","4":"has-post-thumbnail","6":"product_brand-knipex","7":"product_cat-prekiu-katalogas","8":"product_cat-rankiniai-irankiai","9":"product_cat-reples-laidu-nuvalymui-ir-uzspaudimui-reples-zirkles-pjovimo-irankiai-rankiniai-irankiai","10":"product_cat-reples-zirkles-pjovimo-irankiai-rankiniai-irankiai","12":"first","13":"instock","14":"purchasable","15":"product-type-simple"},"jetpack_sharing_enabled":true,"_links":{"self":[{"href":"https:\/\/raktoras.lt\/ru\/wp-json\/wp\/v2\/product\/411874","targetHints":{"allow":["GET"]}}],"collection":[{"href":"https:\/\/raktoras.lt\/ru\/wp-json\/wp\/v2\/product"}],"about":[{"href":"https:\/\/raktoras.lt\/ru\/wp-json\/wp\/v2\/types\/product"}],"replies":[{"embeddable":true,"href":"https:\/\/raktoras.lt\/ru\/wp-json\/wp\/v2\/comments?post=411874"}],"version-history":[{"count":1,"href":"https:\/\/raktoras.lt\/ru\/wp-json\/wp\/v2\/product\/411874\/revisions"}],"predecessor-version":[{"id":411875,"href":"https:\/\/raktoras.lt\/ru\/wp-json\/wp\/v2\/product\/411874\/revisions\/411875"}],"wp:featuredmedia":[{"embeddable":true,"href":"https:\/\/raktoras.lt\/ru\/wp-json\/wp\/v2\/media\/417857"}],"wp:attachment":[{"href":"https:\/\/raktoras.lt\/ru\/wp-json\/wp\/v2\/media?parent=411874"}],"wp:term":[{"taxonomy":"product_cat","embeddable":true,"href":"https:\/\/raktoras.lt\/ru\/wp-json\/wp\/v2\/product_cat?post=411874"},{"taxonomy":"product_tag","embeddable":true,"href":"https:\/\/raktoras.lt\/ru\/wp-json\/wp\/v2\/product_tag?post=411874"}],"curies":[{"name":"wp","href":"https:\/\/api.w.org\/{rel}","templated":true}]}}