{"id":411878,"date":"2025-08-18T17:35:38","date_gmt":"2025-08-18T17:35:38","guid":{"rendered":"https:\/\/raktoras.lt\/product\/reples-vidiniams-ziedams-225mm-o40-100mm-knipex\/"},"modified":"2025-12-06T15:59:18","modified_gmt":"2025-12-06T15:59:18","slug":"reples-vidiniams-ziedams-225mm-o40-100mm-knipex","status":"publish","type":"product","link":"https:\/\/raktoras.lt\/ru\/product\/reples-vidiniams-ziedams-225mm-o40-100mm-knipex\/","title":{"rendered":"Repl\u0117s vidiniams \u017eiedams 225mm (\u00d840-100mm) KNIPEX"},"content":{"rendered":"<p><strong>Prek\u0117s Nr.:&nbsp;&nbsp;48 11 J3<br \/>\n\tEAN: 4003773048541<\/strong><br \/>\n\tRepli\u0173 korpusas: CrV plienas, kaltinis, gr\u016bdintas aliejumi<br \/>\n\tRankenos su neslystan\u010dia plastikine danga<br \/>\n\tIki 10 kart\u0173 ilgesnis tarnavimo laikas<br \/>\n\tStandartas DIN 5256 C<br \/>\n\t\u017diedams &Oslash; 40 &#8211; 100 mm<br \/>\n\tAntgali\u0173 &Oslash; 2,3 mm<br \/>\n\tMatmenys 225 x 50 x 14mm<br \/>\n\tSvoris 266 g<\/p>","protected":false},"excerpt":{"rendered":"<p>Prek\u0117s Nr.:&nbsp;&nbsp;48 11 J3 EAN: 4003773048541 Repli\u0173 korpusas: CrV plienas, kaltinis, gr\u016bdintas aliejumi Rankenos su neslystan\u010dia plastikine danga Iki 10 kart\u0173 ilgesnis tarnavimo laikas Standartas DIN 5256 C \u017diedams &Oslash;<\/p>","protected":false},"featured_media":417859,"comment_status":"closed","ping_status":"open","template":"","meta":[],"product_cat":[10287,11080,11085,11083],"product_tag":[],"class_list":{"0":"post-411878","1":"product","2":"type-product","3":"status-publish","4":"has-post-thumbnail","6":"product_brand-knipex","7":"product_cat-prekiu-katalogas","8":"product_cat-rankiniai-irankiai","9":"product_cat-reples-ziedams-reples-zirkles-pjovimo-irankiai-rankiniai-irankiai","10":"product_cat-reples-zirkles-pjovimo-irankiai-rankiniai-irankiai","12":"first","13":"instock","14":"purchasable","15":"product-type-simple"},"jetpack_sharing_enabled":true,"_links":{"self":[{"href":"https:\/\/raktoras.lt\/ru\/wp-json\/wp\/v2\/product\/411878","targetHints":{"allow":["GET"]}}],"collection":[{"href":"https:\/\/raktoras.lt\/ru\/wp-json\/wp\/v2\/product"}],"about":[{"href":"https:\/\/raktoras.lt\/ru\/wp-json\/wp\/v2\/types\/product"}],"replies":[{"embeddable":true,"href":"https:\/\/raktoras.lt\/ru\/wp-json\/wp\/v2\/comments?post=411878"}],"version-history":[{"count":1,"href":"https:\/\/raktoras.lt\/ru\/wp-json\/wp\/v2\/product\/411878\/revisions"}],"predecessor-version":[{"id":411879,"href":"https:\/\/raktoras.lt\/ru\/wp-json\/wp\/v2\/product\/411878\/revisions\/411879"}],"wp:featuredmedia":[{"embeddable":true,"href":"https:\/\/raktoras.lt\/ru\/wp-json\/wp\/v2\/media\/417859"}],"wp:attachment":[{"href":"https:\/\/raktoras.lt\/ru\/wp-json\/wp\/v2\/media?parent=411878"}],"wp:term":[{"taxonomy":"product_cat","embeddable":true,"href":"https:\/\/raktoras.lt\/ru\/wp-json\/wp\/v2\/product_cat?post=411878"},{"taxonomy":"product_tag","embeddable":true,"href":"https:\/\/raktoras.lt\/ru\/wp-json\/wp\/v2\/product_tag?post=411878"}],"curies":[{"name":"wp","href":"https:\/\/api.w.org\/{rel}","templated":true}]}}