{"id":411938,"date":"2025-08-18T17:35:53","date_gmt":"2025-08-18T17:35:53","guid":{"rendered":"https:\/\/raktoras.lt\/product\/saku-sekatorius-710mm\/"},"modified":"2025-12-07T15:43:35","modified_gmt":"2025-12-07T15:43:35","slug":"saku-sekatorius-710mm","status":"publish","type":"product","link":"https:\/\/raktoras.lt\/ru\/product\/saku-sekatorius-710mm\/","title":{"rendered":"\u0160ak\u0173 sekatorius 710mm"},"content":{"rendered":"<p>Efektyviai pjauna sausas ir storas med\u017ei\u0173 ir kr\u016bm\u0173 \u0161akas<br \/>\n\tProfiliuota rankena<br \/>\n\tA\u0161menys pagaminti i\u0161 mangano plieno (65 Mn), kurie u\u017etikrina auk\u0161t\u0105 atsparum\u0105 dilimui<br \/>\n\tVir\u0161utinio peilio pavir\u0161ius, padengtas politetrafluoretileno (PTFE) sluoksniu<br \/>\n\tPakabos ant ranken\u0173<br \/>\n\tBendras ilgis 710 mm<br \/>\n\tMaksimalus pjovimo skersmuo 450 mm<br \/>\n\tMed\u017eiaga 65Mn plienas<\/p>","protected":false},"excerpt":{"rendered":"<p>Efektyviai pjauna sausas ir storas med\u017ei\u0173 ir kr\u016bm\u0173 \u0161akas Profiliuota rankena A\u0161menys pagaminti i\u0161 mangano plieno (65 Mn), kurie u\u017etikrina auk\u0161t\u0105 atsparum\u0105 dilimui Vir\u0161utinio peilio pavir\u0161ius, padengtas politetrafluoretileno (PTFE) sluoksniu<\/p>","protected":false},"featured_media":417889,"comment_status":"closed","ping_status":"closed","template":"","meta":[],"product_cat":[10287,11300,11546,11552],"product_tag":[],"class_list":{"0":"post-411938","1":"product","2":"type-product","3":"status-publish","4":"has-post-thumbnail","6":"product_cat-prekiu-katalogas","7":"product_cat-sodo-plovimo-valymo-iranga-prekiu-katalogas","8":"product_cat-sodo-iranga-sodo-plovimo-valymo-iranga-prekiu-katalogas","9":"product_cat-vejapjoves-zirkles-sekatoriai-sodo-iranga-sodo-plovimo-valymo-iranga-prekiu-katalogas","11":"first","12":"outofstock","13":"purchasable","14":"product-type-simple"},"jetpack_sharing_enabled":true,"_links":{"self":[{"href":"https:\/\/raktoras.lt\/ru\/wp-json\/wp\/v2\/product\/411938","targetHints":{"allow":["GET"]}}],"collection":[{"href":"https:\/\/raktoras.lt\/ru\/wp-json\/wp\/v2\/product"}],"about":[{"href":"https:\/\/raktoras.lt\/ru\/wp-json\/wp\/v2\/types\/product"}],"replies":[{"embeddable":true,"href":"https:\/\/raktoras.lt\/ru\/wp-json\/wp\/v2\/comments?post=411938"}],"version-history":[{"count":1,"href":"https:\/\/raktoras.lt\/ru\/wp-json\/wp\/v2\/product\/411938\/revisions"}],"predecessor-version":[{"id":411939,"href":"https:\/\/raktoras.lt\/ru\/wp-json\/wp\/v2\/product\/411938\/revisions\/411939"}],"wp:featuredmedia":[{"embeddable":true,"href":"https:\/\/raktoras.lt\/ru\/wp-json\/wp\/v2\/media\/417889"}],"wp:attachment":[{"href":"https:\/\/raktoras.lt\/ru\/wp-json\/wp\/v2\/media?parent=411938"}],"wp:term":[{"taxonomy":"product_cat","embeddable":true,"href":"https:\/\/raktoras.lt\/ru\/wp-json\/wp\/v2\/product_cat?post=411938"},{"taxonomy":"product_tag","embeddable":true,"href":"https:\/\/raktoras.lt\/ru\/wp-json\/wp\/v2\/product_tag?post=411938"}],"curies":[{"name":"wp","href":"https:\/\/api.w.org\/{rel}","templated":true}]}}