{"id":411940,"date":"2025-08-18T17:35:53","date_gmt":"2025-08-18T17:35:53","guid":{"rendered":"https:\/\/raktoras.lt\/product\/l-tipo-sesiakampiu-apvalia-galvute-raktu-rink-9vnt-2-10mm\/"},"modified":"2025-12-06T17:13:25","modified_gmt":"2025-12-06T17:13:25","slug":"l-tipo-sesiakampiu-apvalia-galvute-raktu-rink-9vnt-2-10mm","status":"publish","type":"product","link":"https:\/\/raktoras.lt\/ru\/product\/l-tipo-sesiakampiu-apvalia-galvute-raktu-rink-9vnt-2-10mm\/","title":{"rendered":"L-tipo \u0161e\u0161iakampi\u0173 apvalia galvute rakt\u0173 rink. 9vnt. (2-10mm)"},"content":{"rendered":"<p>2.0 &#8211; 16 x 81 mm<br \/>\n\t2.5 &#8211; 18 x 88 mm<br \/>\n\t3.0 &#8211; 21 x 95 mm<br \/>\n\t4.0 &#8211; 23 x 109 mm<br \/>\n\t5.0 &#8211; 28 x 121 mm<br \/>\n\t6.0 &#8211; 31 x 135 mm<br \/>\n\t7.0 &#8211; 33 x 145 mm<br \/>\n\t8.0 &#8211; 35 x 157 mm<br \/>\n\t10.0 &#8211; 39 x 174 mm<\/p>","protected":false},"excerpt":{"rendered":"<p>2.0 &#8211; 16 x 81 mm 2.5 &#8211; 18 x 88 mm 3.0 &#8211; 21 x 95 mm 4.0 &#8211; 23 x 109 mm 5.0 &#8211; 28 x 121 mm<\/p>","protected":false},"featured_media":417890,"comment_status":"closed","ping_status":"open","template":"","meta":[],"product_cat":[11259,10287,11080,11224],"product_tag":[],"class_list":{"0":"post-411940","1":"product","2":"type-product","3":"status-publish","4":"has-post-thumbnail","6":"product_brand-yato","7":"product_cat-l-ir-t-tipo-sesiakampiai-verzliarakciai-rankiniai-irankiai","8":"product_cat-prekiu-katalogas","9":"product_cat-rankiniai-irankiai","10":"product_cat-verzliarakciai-rankiniai-irankiai","12":"first","13":"instock","14":"purchasable","15":"product-type-simple"},"jetpack_sharing_enabled":true,"_links":{"self":[{"href":"https:\/\/raktoras.lt\/ru\/wp-json\/wp\/v2\/product\/411940","targetHints":{"allow":["GET"]}}],"collection":[{"href":"https:\/\/raktoras.lt\/ru\/wp-json\/wp\/v2\/product"}],"about":[{"href":"https:\/\/raktoras.lt\/ru\/wp-json\/wp\/v2\/types\/product"}],"replies":[{"embeddable":true,"href":"https:\/\/raktoras.lt\/ru\/wp-json\/wp\/v2\/comments?post=411940"}],"version-history":[{"count":1,"href":"https:\/\/raktoras.lt\/ru\/wp-json\/wp\/v2\/product\/411940\/revisions"}],"predecessor-version":[{"id":411941,"href":"https:\/\/raktoras.lt\/ru\/wp-json\/wp\/v2\/product\/411940\/revisions\/411941"}],"wp:featuredmedia":[{"embeddable":true,"href":"https:\/\/raktoras.lt\/ru\/wp-json\/wp\/v2\/media\/417890"}],"wp:attachment":[{"href":"https:\/\/raktoras.lt\/ru\/wp-json\/wp\/v2\/media?parent=411940"}],"wp:term":[{"taxonomy":"product_cat","embeddable":true,"href":"https:\/\/raktoras.lt\/ru\/wp-json\/wp\/v2\/product_cat?post=411940"},{"taxonomy":"product_tag","embeddable":true,"href":"https:\/\/raktoras.lt\/ru\/wp-json\/wp\/v2\/product_tag?post=411940"}],"curies":[{"name":"wp","href":"https:\/\/api.w.org\/{rel}","templated":true}]}}