{"id":411942,"date":"2025-08-18T17:35:53","date_gmt":"2025-08-18T17:35:53","guid":{"rendered":"https:\/\/raktoras.lt\/product\/epoksidiniai-klijai-plastikui-mannol-30g\/"},"modified":"2025-12-07T16:23:17","modified_gmt":"2025-12-07T16:23:17","slug":"epoksidiniai-klijai-plastikui-mannol-30g","status":"publish","type":"product","link":"https:\/\/raktoras.lt\/ru\/product\/epoksidiniai-klijai-plastikui-mannol-30g\/","title":{"rendered":"Epoksidiniai klijai plastikui MANNOL 30g"},"content":{"rendered":"<p>Dviej\u0173 komponent\u0173 klijai, skirti greitai ir nepaprastai stipriai sukabinti vis\u0173 r\u016b\u0161i\u0173 plastikines atskiras dalis: buferius, priekinius \u017eibintus, spoilerius ir kt.<br \/>\n\tMi\u0161inys kambario temperat\u016broje sukiet\u0117ja per 5 minutes<br \/>\n\tPer 30 minu\u010di\u0173 iki 80%<br \/>\n\tGalutinis kiet\u0117jimas \u012fvyksta per 2-3 valandas<br \/>\n\tKlijai atspar\u016bs mechaniniams poveikiams<br \/>\n\tD\u0117l skaidrios matin\u0117s tekst\u016bros \u0161is produktas tinka kosmetikos taisymui, ply\u0161i\u0173, ertmi\u0173 ir neteisingai i\u0161gr\u0119\u017et\u0173 skyli\u0173 u\u017epildymui<br \/>\n\tI\u0161 m\u0117gintuv\u0117lio i\u0161spauskite reikiam\u0105 kiek\u012f dviej\u0173 komponent\u0173 ir sumai\u0161ykite<br \/>\n\tTada tepkite ant saus\u0173, taip pat riebal\u0173 neturin\u010di\u0173 pavir\u0161i\u0173, kurie bus klijuojami, ir stipriai prispauskite<br \/>\n\tLaikyti sandariai u\u017edaryt\u0105 originalioje talpykloje sausoje aplinkoje nuo +5 &deg; C iki +25 &deg; C<\/p>","protected":false},"excerpt":{"rendered":"<p>Dviej\u0173 komponent\u0173 klijai, skirti greitai ir nepaprastai stipriai sukabinti vis\u0173 r\u016b\u0161i\u0173 plastikines atskiras dalis: buferius, priekinius \u017eibintus, spoilerius ir kt. Mi\u0161inys kambario temperat\u016broje sukiet\u0117ja per 5 minutes Per 30 minu\u010di\u0173<\/p>","protected":false},"featured_media":417891,"comment_status":"closed","ping_status":"open","template":"","meta":[],"product_cat":[11510,11180,10287],"product_tag":[],"class_list":{"0":"post-411942","1":"product","2":"type-product","3":"status-publish","4":"has-post-thumbnail","6":"product_brand-mannol","7":"product_cat-autochemija-alyvos-automobiliniai-priedai-ivairus-prekiu-katalogas","8":"product_cat-automobiliniai-priedai-ivairus-prekiu-katalogas","9":"product_cat-prekiu-katalogas","11":"first","12":"instock","13":"purchasable","14":"product-type-simple"},"jetpack_sharing_enabled":true,"_links":{"self":[{"href":"https:\/\/raktoras.lt\/ru\/wp-json\/wp\/v2\/product\/411942","targetHints":{"allow":["GET"]}}],"collection":[{"href":"https:\/\/raktoras.lt\/ru\/wp-json\/wp\/v2\/product"}],"about":[{"href":"https:\/\/raktoras.lt\/ru\/wp-json\/wp\/v2\/types\/product"}],"replies":[{"embeddable":true,"href":"https:\/\/raktoras.lt\/ru\/wp-json\/wp\/v2\/comments?post=411942"}],"version-history":[{"count":1,"href":"https:\/\/raktoras.lt\/ru\/wp-json\/wp\/v2\/product\/411942\/revisions"}],"predecessor-version":[{"id":411943,"href":"https:\/\/raktoras.lt\/ru\/wp-json\/wp\/v2\/product\/411942\/revisions\/411943"}],"wp:featuredmedia":[{"embeddable":true,"href":"https:\/\/raktoras.lt\/ru\/wp-json\/wp\/v2\/media\/417891"}],"wp:attachment":[{"href":"https:\/\/raktoras.lt\/ru\/wp-json\/wp\/v2\/media?parent=411942"}],"wp:term":[{"taxonomy":"product_cat","embeddable":true,"href":"https:\/\/raktoras.lt\/ru\/wp-json\/wp\/v2\/product_cat?post=411942"},{"taxonomy":"product_tag","embeddable":true,"href":"https:\/\/raktoras.lt\/ru\/wp-json\/wp\/v2\/product_tag?post=411942"}],"curies":[{"name":"wp","href":"https:\/\/api.w.org\/{rel}","templated":true}]}}