{"id":411944,"date":"2025-08-18T17:35:53","date_gmt":"2025-08-18T17:35:53","guid":{"rendered":"https:\/\/raktoras.lt\/product\/epoksidiniai-klijai-metalui-mannol-30g\/"},"modified":"2025-12-07T16:23:17","modified_gmt":"2025-12-07T16:23:17","slug":"epoksidiniai-klijai-metalui-mannol-30g","status":"publish","type":"product","link":"https:\/\/raktoras.lt\/ru\/product\/epoksidiniai-klijai-metalui-mannol-30g\/","title":{"rendered":"Epoksidiniai klijai metalui MANNOL 30g"},"content":{"rendered":"<p>Skirtas greitai ir patikimai suklijuoti plien\u0105, aliumin\u012f, \u017ealvar\u012f, var\u012f, gele\u017e\u012f, alavo, \u0161vin\u0105 ir \u012fvairius lydinius<br \/>\n\tSukiet\u0117ja per 4 minutes<br \/>\n\tGalutinis kiet\u0117jimas \u012fvyksta per 2-3 valandas, jungtis \u012fgyja didel\u0119 mechanin\u0119 j\u0117g\u0105 (3-5 N \/ mm2) ir gali atlaikyti iki 150 &deg; C temperat\u016br\u0105<br \/>\n\tTinka ply\u0161iams ir ertm\u0117ms u\u017epildyti, i\u0161gr\u0119\u017etoms skyl\u0117ms, pa\u017eeistiems var\u017et\u0173 sriegiams taisyti, taip pat gali b\u016bti naudojamas kaip plok\u0161\u010di\u0173 pavir\u0161i\u0173 u\u017epildas<br \/>\n\t\u0160is gaminys taip pat suri\u0161a keramik\u0105, beton\u0105, medien\u0105 ir j\u0173 junginius<br \/>\n\tNorint pasiekti geriausius sukibimo rezultatus, pavir\u0161iai turi b\u016bti \u0161var\u016bs ir be riebal\u0173<br \/>\n\tI\u0161 m\u0117gintuv\u0117lio i\u0161spauskite reikiam\u0105 kiek\u012f dviej\u0173 komponent\u0173 ir sumai\u0161ykite<br \/>\n\tTada tepkite ant saus\u0173, riebal\u0173 neturin\u010di\u0173 pavir\u0161i\u0173, kurie bus klijuojami, ir maksimaliai stipriai suspauskite vienas kit\u0105<\/p>","protected":false},"excerpt":{"rendered":"<p>Skirtas greitai ir patikimai suklijuoti plien\u0105, aliumin\u012f, \u017ealvar\u012f, var\u012f, gele\u017e\u012f, alavo, \u0161vin\u0105 ir \u012fvairius lydinius Sukiet\u0117ja per 4 minutes Galutinis kiet\u0117jimas \u012fvyksta per 2-3 valandas, jungtis \u012fgyja didel\u0119 mechanin\u0119 j\u0117g\u0105<\/p>","protected":false},"featured_media":417892,"comment_status":"closed","ping_status":"open","template":"","meta":[],"product_cat":[11510,11180,10287],"product_tag":[],"class_list":{"0":"post-411944","1":"product","2":"type-product","3":"status-publish","4":"has-post-thumbnail","6":"product_brand-mannol","7":"product_cat-autochemija-alyvos-automobiliniai-priedai-ivairus-prekiu-katalogas","8":"product_cat-automobiliniai-priedai-ivairus-prekiu-katalogas","9":"product_cat-prekiu-katalogas","11":"first","12":"instock","13":"purchasable","14":"product-type-simple"},"jetpack_sharing_enabled":true,"_links":{"self":[{"href":"https:\/\/raktoras.lt\/ru\/wp-json\/wp\/v2\/product\/411944","targetHints":{"allow":["GET"]}}],"collection":[{"href":"https:\/\/raktoras.lt\/ru\/wp-json\/wp\/v2\/product"}],"about":[{"href":"https:\/\/raktoras.lt\/ru\/wp-json\/wp\/v2\/types\/product"}],"replies":[{"embeddable":true,"href":"https:\/\/raktoras.lt\/ru\/wp-json\/wp\/v2\/comments?post=411944"}],"version-history":[{"count":1,"href":"https:\/\/raktoras.lt\/ru\/wp-json\/wp\/v2\/product\/411944\/revisions"}],"predecessor-version":[{"id":411945,"href":"https:\/\/raktoras.lt\/ru\/wp-json\/wp\/v2\/product\/411944\/revisions\/411945"}],"wp:featuredmedia":[{"embeddable":true,"href":"https:\/\/raktoras.lt\/ru\/wp-json\/wp\/v2\/media\/417892"}],"wp:attachment":[{"href":"https:\/\/raktoras.lt\/ru\/wp-json\/wp\/v2\/media?parent=411944"}],"wp:term":[{"taxonomy":"product_cat","embeddable":true,"href":"https:\/\/raktoras.lt\/ru\/wp-json\/wp\/v2\/product_cat?post=411944"},{"taxonomy":"product_tag","embeddable":true,"href":"https:\/\/raktoras.lt\/ru\/wp-json\/wp\/v2\/product_tag?post=411944"}],"curies":[{"name":"wp","href":"https:\/\/api.w.org\/{rel}","templated":true}]}}