{"id":411946,"date":"2025-08-18T17:35:53","date_gmt":"2025-08-18T17:35:53","guid":{"rendered":"https:\/\/raktoras.lt\/product\/sodo-pjuklas-su-deklu-300mm\/"},"modified":"2025-10-02T17:55:38","modified_gmt":"2025-10-02T17:55:38","slug":"sodo-pjuklas-su-deklu-300mm","status":"publish","type":"product","link":"https:\/\/raktoras.lt\/ru\/product\/sodo-pjuklas-su-deklu-300mm\/","title":{"rendered":"Sodo pj\u016bklas su d\u0117klu 300mm"},"content":{"rendered":"<p>Pj\u016bklas \u0161akoms gen\u0117ti<br \/>\n\tSpecialiai pagal\u0105sti dantys leid\u017eia greitai ir efektyviai pjauti<br \/>\n\tErgonomi\u0161ka plastikin\u0117 rankena su pakabinama anga<br \/>\n\tRinkinyje yra plastikinis d\u0117klas, apsaugantis a\u0161menis<br \/>\n\tMed\u017eiaga: plienas<br \/>\n\tL = 300 mm<\/p>","protected":false},"excerpt":{"rendered":"<p>Pj\u016bklas \u0161akoms gen\u0117ti Specialiai pagal\u0105sti dantys leid\u017eia greitai ir efektyviai pjauti Ergonomi\u0161ka plastikin\u0117 rankena su pakabinama anga Rinkinyje yra plastikinis d\u0117klas, apsaugantis a\u0161menis Med\u017eiaga: plienas L = 300 mm<\/p>","protected":false},"featured_media":417893,"comment_status":"closed","ping_status":"open","template":"","meta":[],"product_cat":[11092,10287,11080,11083],"product_tag":[],"class_list":{"0":"post-411946","1":"product","2":"type-product","3":"status-publish","4":"has-post-thumbnail","6":"product_cat-pjovikliai-pjuklai-vielos-ir-kabelio-zirkles-reples-zirkles-pjovimo-irankiai-rankiniai-irankiai","7":"product_cat-prekiu-katalogas","8":"product_cat-rankiniai-irankiai","9":"product_cat-reples-zirkles-pjovimo-irankiai-rankiniai-irankiai","11":"first","12":"instock","13":"purchasable","14":"product-type-simple"},"jetpack_sharing_enabled":true,"_links":{"self":[{"href":"https:\/\/raktoras.lt\/ru\/wp-json\/wp\/v2\/product\/411946","targetHints":{"allow":["GET"]}}],"collection":[{"href":"https:\/\/raktoras.lt\/ru\/wp-json\/wp\/v2\/product"}],"about":[{"href":"https:\/\/raktoras.lt\/ru\/wp-json\/wp\/v2\/types\/product"}],"replies":[{"embeddable":true,"href":"https:\/\/raktoras.lt\/ru\/wp-json\/wp\/v2\/comments?post=411946"}],"version-history":[{"count":1,"href":"https:\/\/raktoras.lt\/ru\/wp-json\/wp\/v2\/product\/411946\/revisions"}],"predecessor-version":[{"id":411947,"href":"https:\/\/raktoras.lt\/ru\/wp-json\/wp\/v2\/product\/411946\/revisions\/411947"}],"wp:featuredmedia":[{"embeddable":true,"href":"https:\/\/raktoras.lt\/ru\/wp-json\/wp\/v2\/media\/417893"}],"wp:attachment":[{"href":"https:\/\/raktoras.lt\/ru\/wp-json\/wp\/v2\/media?parent=411946"}],"wp:term":[{"taxonomy":"product_cat","embeddable":true,"href":"https:\/\/raktoras.lt\/ru\/wp-json\/wp\/v2\/product_cat?post=411946"},{"taxonomy":"product_tag","embeddable":true,"href":"https:\/\/raktoras.lt\/ru\/wp-json\/wp\/v2\/product_tag?post=411946"}],"curies":[{"name":"wp","href":"https:\/\/api.w.org\/{rel}","templated":true}]}}