{"id":411950,"date":"2025-08-18T17:35:53","date_gmt":"2025-08-18T17:35:53","guid":{"rendered":"https:\/\/raktoras.lt\/product\/laistymo-purkstuvas-1-2-7-padeciu\/"},"modified":"2025-12-07T15:49:03","modified_gmt":"2025-12-07T15:49:03","slug":"laistymo-purkstuvas-1-2-7-padeciu","status":"publish","type":"product","link":"https:\/\/raktoras.lt\/ru\/product\/laistymo-purkstuvas-1-2-7-padeciu\/","title":{"rendered":"Laistymo purk\u0161tuvas 1\/2&#8243; (7 pad\u0117\u010di\u0173)"},"content":{"rendered":"<p>Patogus prietaisas laistymui, dr\u0117kinimui ir valymui<br \/>\n\tMetalinis purk\u0161tuvas su plastikiniais elementais<br \/>\n\tU\u017eraktas ties pasirinkta srauto galia<br \/>\n\tMed\u017eiaga: cinkas, TPR<br \/>\n\tSrauto reguliavimas: TAIP<br \/>\n\tFunkcijos: 7<\/p>","protected":false},"excerpt":{"rendered":"<p>Patogus prietaisas laistymui, dr\u0117kinimui ir valymui Metalinis purk\u0161tuvas su plastikiniais elementais U\u017eraktas ties pasirinkta srauto galia Med\u017eiaga: cinkas, TPR Srauto reguliavimas: TAIP Funkcijos: 7<\/p>","protected":false},"featured_media":417895,"comment_status":"closed","ping_status":"open","template":"","meta":[],"product_cat":[11553,10287,11300,11546],"product_tag":[],"class_list":{"0":"post-411950","1":"product","2":"type-product","3":"status-publish","4":"has-post-thumbnail","6":"product_cat-laistymo-iranga-sodo-iranga-sodo-plovimo-valymo-iranga-prekiu-katalogas","7":"product_cat-prekiu-katalogas","8":"product_cat-sodo-plovimo-valymo-iranga-prekiu-katalogas","9":"product_cat-sodo-iranga-sodo-plovimo-valymo-iranga-prekiu-katalogas","11":"first","12":"instock","13":"purchasable","14":"product-type-simple"},"jetpack_sharing_enabled":true,"_links":{"self":[{"href":"https:\/\/raktoras.lt\/ru\/wp-json\/wp\/v2\/product\/411950","targetHints":{"allow":["GET"]}}],"collection":[{"href":"https:\/\/raktoras.lt\/ru\/wp-json\/wp\/v2\/product"}],"about":[{"href":"https:\/\/raktoras.lt\/ru\/wp-json\/wp\/v2\/types\/product"}],"replies":[{"embeddable":true,"href":"https:\/\/raktoras.lt\/ru\/wp-json\/wp\/v2\/comments?post=411950"}],"version-history":[{"count":1,"href":"https:\/\/raktoras.lt\/ru\/wp-json\/wp\/v2\/product\/411950\/revisions"}],"predecessor-version":[{"id":411951,"href":"https:\/\/raktoras.lt\/ru\/wp-json\/wp\/v2\/product\/411950\/revisions\/411951"}],"wp:featuredmedia":[{"embeddable":true,"href":"https:\/\/raktoras.lt\/ru\/wp-json\/wp\/v2\/media\/417895"}],"wp:attachment":[{"href":"https:\/\/raktoras.lt\/ru\/wp-json\/wp\/v2\/media?parent=411950"}],"wp:term":[{"taxonomy":"product_cat","embeddable":true,"href":"https:\/\/raktoras.lt\/ru\/wp-json\/wp\/v2\/product_cat?post=411950"},{"taxonomy":"product_tag","embeddable":true,"href":"https:\/\/raktoras.lt\/ru\/wp-json\/wp\/v2\/product_tag?post=411950"}],"curies":[{"name":"wp","href":"https:\/\/api.w.org\/{rel}","templated":true}]}}