{"id":412014,"date":"2025-08-18T17:36:09","date_gmt":"2025-08-18T17:36:09","guid":{"rendered":"https:\/\/raktoras.lt\/product\/pulverizatorius-o1-8mm-o2-6mm-400w\/"},"modified":"2025-11-16T16:27:28","modified_gmt":"2025-11-16T16:27:28","slug":"pulverizatorius-o1-8mm-o2-6mm-400w","status":"publish","type":"product","link":"https:\/\/raktoras.lt\/ru\/product\/pulverizatorius-o1-8mm-o2-6mm-400w\/","title":{"rendered":"Pulverizatorius \u00d81.8mm, \u00d82.6mm 400W"},"content":{"rendered":"<p>Tinka da\u017eyti \u012fvairiausius daiktus, \u012fskaitant \u017eaislus, groteles ir nam\u0173 bei sodo baldus<br \/>\n\tGali b\u016bti naudojamas su aliejaus ir vandens pagrindo produktais, \u012fskaitant da\u017eus, lakus, ir medienos impregnantus<br \/>\n\tSu reguliuojamu pur\u0161kimo antgaliu, kuris suteikia galimyb\u0119 pasirinkti i\u0161 3 pur\u0161kimo b\u016bd\u0173 ir pur\u0161kimo reguliatoriumi da\u017e\u0173 srautui valdyti<br \/>\n\tNuimama pur\u0161kimo galvut\u0117 palengvina pistoleto valym\u0105<br \/>\n\t\u012etampa 220-240V, 50\/60Hz<br \/>\n\tGalia 400 W<br \/>\n\tPurk\u0161tukas &Oslash; 1.8 &amp; 2.6 mm<br \/>\n\tPur\u0161kimo srautas 800 ml\/min<br \/>\n\tMaksimali klampa 50 DIN<br \/>\n\tTalpyklos talpa 1000 ml<br \/>\n\tKomplekte: pur\u0161kimo pistoletas, valymo adata, filtras, \u0161epet\u0117lis, 2 vnt. pistoleto galvut\u0117<\/p>\n<p><iframe allow=\"accelerometer; autoplay; clipboard-write; encrypted-media; gyroscope; picture-in-picture\" allowfullscreen=\"\" frameborder=\"0\" height=\"315\" src=\"https:\/\/www.youtube.com\/embed\/M3jMi1u_7O4\" title=\"YouTube video player\" width=\"560\"><\/iframe><\/p>","protected":false},"excerpt":{"rendered":"<p>Tinka da\u017eyti \u012fvairiausius daiktus, \u012fskaitant \u017eaislus, groteles ir nam\u0173 bei sodo baldus Gali b\u016bti naudojamas su aliejaus ir vandens pagrindo produktais, \u012fskaitant da\u017eus, lakus, ir medienos impregnantus Su reguliuojamu pur\u0161kimo<\/p>","protected":false},"featured_media":417927,"comment_status":"closed","ping_status":"open","template":"","meta":[],"product_cat":[11295,11341,10287],"product_tag":[],"class_list":{"0":"post-412014","1":"product","2":"type-product","3":"status-publish","4":"has-post-thumbnail","6":"product_brand-worcraft","7":"product_cat-dazymo-irankiai-prekiu-katalogas","8":"product_cat-dazymo-pistoletai-dazymo-irankiai-prekiu-katalogas","9":"product_cat-prekiu-katalogas","11":"first","12":"instock","13":"purchasable","14":"product-type-simple"},"jetpack_sharing_enabled":true,"_links":{"self":[{"href":"https:\/\/raktoras.lt\/ru\/wp-json\/wp\/v2\/product\/412014","targetHints":{"allow":["GET"]}}],"collection":[{"href":"https:\/\/raktoras.lt\/ru\/wp-json\/wp\/v2\/product"}],"about":[{"href":"https:\/\/raktoras.lt\/ru\/wp-json\/wp\/v2\/types\/product"}],"replies":[{"embeddable":true,"href":"https:\/\/raktoras.lt\/ru\/wp-json\/wp\/v2\/comments?post=412014"}],"version-history":[{"count":1,"href":"https:\/\/raktoras.lt\/ru\/wp-json\/wp\/v2\/product\/412014\/revisions"}],"predecessor-version":[{"id":412015,"href":"https:\/\/raktoras.lt\/ru\/wp-json\/wp\/v2\/product\/412014\/revisions\/412015"}],"wp:featuredmedia":[{"embeddable":true,"href":"https:\/\/raktoras.lt\/ru\/wp-json\/wp\/v2\/media\/417927"}],"wp:attachment":[{"href":"https:\/\/raktoras.lt\/ru\/wp-json\/wp\/v2\/media?parent=412014"}],"wp:term":[{"taxonomy":"product_cat","embeddable":true,"href":"https:\/\/raktoras.lt\/ru\/wp-json\/wp\/v2\/product_cat?post=412014"},{"taxonomy":"product_tag","embeddable":true,"href":"https:\/\/raktoras.lt\/ru\/wp-json\/wp\/v2\/product_tag?post=412014"}],"curies":[{"name":"wp","href":"https:\/\/api.w.org\/{rel}","templated":true}]}}