{"id":412016,"date":"2025-08-18T17:36:09","date_gmt":"2025-08-18T17:36:09","guid":{"rendered":"https:\/\/raktoras.lt\/product\/grandininis-pjuklas-2200w\/"},"modified":"2025-12-07T15:40:49","modified_gmt":"2025-12-07T15:40:49","slug":"grandininis-pjuklas-2200w","status":"publish","type":"product","link":"https:\/\/raktoras.lt\/ru\/product\/grandininis-pjuklas-2200w\/","title":{"rendered":"Grandininis pj\u016bklas 2200W"},"content":{"rendered":"<p>Patogus, efektyvus \u012frankis ir patikimas pagalbininkas malkoms ar \u0161akoms pjauti<br \/>\n\tGrandin\u0119 galima \u012ftempti ir pakeisti be \u012franki\u0173<br \/>\n\tNorint u\u017etikrinti ger\u0105 energijos perdavim\u0105 ir ilg\u0105 tarnavimo laik\u0105, yra auk\u0161tos kokyb\u0117s, tvirta metalin\u0117 pavara<br \/>\n\tApsaugos nuo atatrankos \u012frenginys su momentiniu mechaniniu grandin\u0117s stabd\u017eiu sustabdys grandin\u0119<br \/>\n\tDidelis langas leid\u017eia lengvai patikrinti, kiek alyvos yra automatin\u0117s grandin\u0117s tepimo sistemos alyvos bakelyje<br \/>\n\tDidel\u0117 u\u017epildo anga ir greitas tvirtinimo elementas u\u017etikrina, kad alyv\u0105 b\u016bt\u0173 lengva u\u017epildyti<br \/>\n\tTvirta metalin\u0117 atrama u\u017etikrina saug\u0173 valdym\u0105<br \/>\n\t\u012etampa 220 &#8211; 240 V, 50\/60 Hz<br \/>\n\tGalia 2200 W<br \/>\n\tGrandin\u0117s greitis 13.5 m\/s<br \/>\n\tStrypo ilgis 406 mm (16&quot;)<br \/>\n\tMaksimalus pjovimo ilgis 395 mm<br \/>\n\tGrandin\u0117s \u017eingsnis 9.52 mm<br \/>\n\tGrandininiai mazgai 57 vnt.<br \/>\n\tII izoliacijos klas\u0117<br \/>\n\tMatmenys 900 x 38 x 220 mm<br \/>\n\tKomplekte: grandininis pj\u016bklas, kreipiamoji juosta ir juostos apsauga, pj\u016bklo grandin\u0117, alyvos butelis<br \/>\n\tSvoris 5 kg<\/p>","protected":false},"excerpt":{"rendered":"<p>Patogus, efektyvus \u012frankis ir patikimas pagalbininkas malkoms ar \u0161akoms pjauti Grandin\u0119 galima \u012ftempti ir pakeisti be \u012franki\u0173 Norint u\u017etikrinti ger\u0105 energijos perdavim\u0105 ir ilg\u0105 tarnavimo laik\u0105, yra auk\u0161tos kokyb\u0117s, tvirta<\/p>","protected":false},"featured_media":417928,"comment_status":"closed","ping_status":"open","template":"","meta":[],"product_cat":[10287,11300,11546,11554],"product_tag":[],"class_list":{"0":"post-412016","1":"product","2":"type-product","3":"status-publish","4":"has-post-thumbnail","6":"product_brand-worcraft","7":"product_cat-prekiu-katalogas","8":"product_cat-sodo-plovimo-valymo-iranga-prekiu-katalogas","9":"product_cat-sodo-iranga-sodo-plovimo-valymo-iranga-prekiu-katalogas","10":"product_cat-trimeriai-pjuklai-ir-priedai-sodo-iranga-sodo-plovimo-valymo-iranga-prekiu-katalogas","12":"first","13":"instock","14":"purchasable","15":"product-type-simple"},"jetpack_sharing_enabled":true,"_links":{"self":[{"href":"https:\/\/raktoras.lt\/ru\/wp-json\/wp\/v2\/product\/412016","targetHints":{"allow":["GET"]}}],"collection":[{"href":"https:\/\/raktoras.lt\/ru\/wp-json\/wp\/v2\/product"}],"about":[{"href":"https:\/\/raktoras.lt\/ru\/wp-json\/wp\/v2\/types\/product"}],"replies":[{"embeddable":true,"href":"https:\/\/raktoras.lt\/ru\/wp-json\/wp\/v2\/comments?post=412016"}],"version-history":[{"count":1,"href":"https:\/\/raktoras.lt\/ru\/wp-json\/wp\/v2\/product\/412016\/revisions"}],"predecessor-version":[{"id":412017,"href":"https:\/\/raktoras.lt\/ru\/wp-json\/wp\/v2\/product\/412016\/revisions\/412017"}],"wp:featuredmedia":[{"embeddable":true,"href":"https:\/\/raktoras.lt\/ru\/wp-json\/wp\/v2\/media\/417928"}],"wp:attachment":[{"href":"https:\/\/raktoras.lt\/ru\/wp-json\/wp\/v2\/media?parent=412016"}],"wp:term":[{"taxonomy":"product_cat","embeddable":true,"href":"https:\/\/raktoras.lt\/ru\/wp-json\/wp\/v2\/product_cat?post=412016"},{"taxonomy":"product_tag","embeddable":true,"href":"https:\/\/raktoras.lt\/ru\/wp-json\/wp\/v2\/product_tag?post=412016"}],"curies":[{"name":"wp","href":"https:\/\/api.w.org\/{rel}","templated":true}]}}