{"id":412020,"date":"2025-08-18T17:36:09","date_gmt":"2025-08-18T17:36:09","guid":{"rendered":"https:\/\/raktoras.lt\/product\/vakuuminis-skysciu-surinkimo-bakas-4l\/"},"modified":"2025-11-17T15:45:08","modified_gmt":"2025-11-17T15:45:08","slug":"vakuuminis-skysciu-surinkimo-bakas-4l","status":"publish","type":"product","link":"https:\/\/raktoras.lt\/ru\/product\/vakuuminis-skysciu-surinkimo-bakas-4l\/","title":{"rendered":"Vakuuminis skys\u010di\u0173 surinkimo bakas 4l"},"content":{"rendered":"<p>Tinka tepalo ir \u012fvairi\u0173 skys\u010di\u0173 i\u0161traukimui<br \/>\n\tRankinis \/ pneumatinis valdymas<br \/>\n\tAutomatinis vir\u0161sl\u0117gio sustabdymo vo\u017etuvas<br \/>\n\tSiurbimo galia reguliuojama svirties jungikliu<br \/>\n\tDarbin\u0117 temperat\u016bra iki 100 &deg; C<br \/>\n\tPajungimas 1\/4&quot; NPT<br \/>\n\t90 PSI (6,2 barai)<br \/>\n\tTalpa 4 litrai<br \/>\n\tMatmenys 500 H x 180 W (mm)<br \/>\n\t3 x vamzdeliai &Oslash; 9,8 \/ &Oslash; 6,7 \/ &Oslash; 5,8 mm OD<br \/>\n\tSvoris 2.42 kg<\/p>\n<p><iframe allow=\"accelerometer; autoplay; clipboard-write; encrypted-media; gyroscope; picture-in-picture\" allowfullscreen=\"\" frameborder=\"0\" height=\"315\" src=\"https:\/\/www.youtube.com\/embed\/dKibyuTQdwA\" title=\"YouTube video player\" width=\"560\"><\/iframe><\/p>","protected":false},"excerpt":{"rendered":"<p>Tinka tepalo ir \u012fvairi\u0173 skys\u010di\u0173 i\u0161traukimui Rankinis \/ pneumatinis valdymas Automatinis vir\u0161sl\u0117gio sustabdymo vo\u017etuvas Siurbimo galia reguliuojama svirties jungikliu Darbin\u0117 temperat\u016bra iki 100 &deg; C Pajungimas 1\/4&quot; NPT 90 PSI<\/p>","protected":false},"featured_media":417930,"comment_status":"closed","ping_status":"closed","template":"","meta":[],"product_cat":[11129,10287,11154],"product_tag":[],"class_list":{"0":"post-412020","1":"product","2":"type-product","3":"status-publish","4":"has-post-thumbnail","6":"product_brand-olbox-gmbh","7":"product_cat-alyvos-keitimas-tepimo-irankiai-prekiu-katalogas","8":"product_cat-prekiu-katalogas","9":"product_cat-tepalo-isdavimo-surinkimo-talpos-alyvos-keitimas-tepimo-irankiai-prekiu-katalogas","11":"first","12":"instock","13":"purchasable","14":"product-type-simple"},"jetpack_sharing_enabled":true,"_links":{"self":[{"href":"https:\/\/raktoras.lt\/ru\/wp-json\/wp\/v2\/product\/412020","targetHints":{"allow":["GET"]}}],"collection":[{"href":"https:\/\/raktoras.lt\/ru\/wp-json\/wp\/v2\/product"}],"about":[{"href":"https:\/\/raktoras.lt\/ru\/wp-json\/wp\/v2\/types\/product"}],"replies":[{"embeddable":true,"href":"https:\/\/raktoras.lt\/ru\/wp-json\/wp\/v2\/comments?post=412020"}],"version-history":[{"count":1,"href":"https:\/\/raktoras.lt\/ru\/wp-json\/wp\/v2\/product\/412020\/revisions"}],"predecessor-version":[{"id":412021,"href":"https:\/\/raktoras.lt\/ru\/wp-json\/wp\/v2\/product\/412020\/revisions\/412021"}],"wp:featuredmedia":[{"embeddable":true,"href":"https:\/\/raktoras.lt\/ru\/wp-json\/wp\/v2\/media\/417930"}],"wp:attachment":[{"href":"https:\/\/raktoras.lt\/ru\/wp-json\/wp\/v2\/media?parent=412020"}],"wp:term":[{"taxonomy":"product_cat","embeddable":true,"href":"https:\/\/raktoras.lt\/ru\/wp-json\/wp\/v2\/product_cat?post=412020"},{"taxonomy":"product_tag","embeddable":true,"href":"https:\/\/raktoras.lt\/ru\/wp-json\/wp\/v2\/product_tag?post=412020"}],"curies":[{"name":"wp","href":"https:\/\/api.w.org\/{rel}","templated":true}]}}