{"id":412028,"date":"2025-08-18T17:36:09","date_gmt":"2025-08-18T17:36:09","guid":{"rendered":"https:\/\/raktoras.lt\/product\/reples-pusasio-fiksavimo-ziedui\/"},"modified":"2025-10-27T18:51:07","modified_gmt":"2025-10-27T18:51:07","slug":"reples-pusasio-fiksavimo-ziedui","status":"publish","type":"product","link":"https:\/\/raktoras.lt\/ru\/product\/reples-pusasio-fiksavimo-ziedui\/","title":{"rendered":"Repl\u0117s pusa\u0161io fiksavimo \u017eiedui"},"content":{"rendered":"<p>Skirta: VW-Audi, Ford, Honda, Mazda, Mitsubishi, Nissan, Opel\/Vauxhall, Seat, \u0160koda, Subaru, Suzuki, Toyota ir kt.<\/p>","protected":false},"excerpt":{"rendered":"<p>Skirta: VW-Audi, Ford, Honda, Mazda, Mitsubishi, Nissan, Opel\/Vauxhall, Seat, \u0160koda, Subaru, Suzuki, Toyota ir kt.<\/p>","protected":false},"featured_media":417934,"comment_status":"closed","ping_status":"open","template":"","meta":[],"product_cat":[11095,10287,11105],"product_tag":[],"class_list":{"0":"post-412028","1":"product","2":"type-product","3":"status-publish","4":"has-post-thumbnail","6":"product_brand-ellient-tools","7":"product_cat-autoservisu-iranga-prekiu-katalogas","8":"product_cat-prekiu-katalogas","9":"product_cat-ziedu-suspaudejai-spec-reples-zarnu-uzspaudejai-autoservisu-iranga-prekiu-katalogas","11":"first","12":"instock","13":"purchasable","14":"product-type-simple"},"jetpack_sharing_enabled":true,"_links":{"self":[{"href":"https:\/\/raktoras.lt\/ru\/wp-json\/wp\/v2\/product\/412028","targetHints":{"allow":["GET"]}}],"collection":[{"href":"https:\/\/raktoras.lt\/ru\/wp-json\/wp\/v2\/product"}],"about":[{"href":"https:\/\/raktoras.lt\/ru\/wp-json\/wp\/v2\/types\/product"}],"replies":[{"embeddable":true,"href":"https:\/\/raktoras.lt\/ru\/wp-json\/wp\/v2\/comments?post=412028"}],"version-history":[{"count":1,"href":"https:\/\/raktoras.lt\/ru\/wp-json\/wp\/v2\/product\/412028\/revisions"}],"predecessor-version":[{"id":412029,"href":"https:\/\/raktoras.lt\/ru\/wp-json\/wp\/v2\/product\/412028\/revisions\/412029"}],"wp:featuredmedia":[{"embeddable":true,"href":"https:\/\/raktoras.lt\/ru\/wp-json\/wp\/v2\/media\/417934"}],"wp:attachment":[{"href":"https:\/\/raktoras.lt\/ru\/wp-json\/wp\/v2\/media?parent=412028"}],"wp:term":[{"taxonomy":"product_cat","embeddable":true,"href":"https:\/\/raktoras.lt\/ru\/wp-json\/wp\/v2\/product_cat?post=412028"},{"taxonomy":"product_tag","embeddable":true,"href":"https:\/\/raktoras.lt\/ru\/wp-json\/wp\/v2\/product_tag?post=412028"}],"curies":[{"name":"wp","href":"https:\/\/api.w.org\/{rel}","templated":true}]}}