{"id":412068,"date":"2025-08-18T17:36:25","date_gmt":"2025-08-18T17:36:25","guid":{"rendered":"https:\/\/raktoras.lt\/product\/reples-elektros-jungtims\/"},"modified":"2025-10-27T18:45:11","modified_gmt":"2025-10-27T18:45:11","slug":"reples-elektros-jungtims","status":"publish","type":"product","link":"https:\/\/raktoras.lt\/ru\/product\/reples-elektros-jungtims\/","title":{"rendered":"Repl\u0117s elektros jungtims"},"content":{"rendered":"<p>Greitai atjungia elektros jungtis nepa\u017eeid\u017eiant<br \/>\n\tAtlaisvina elektros jung\u010di\u0173, komponent\u0173 ir laid\u0173 fiksatorius<br \/>\n\tSaugus ir paprastas b\u016bdas pa\u0161alinti ma\u017e\u0105, plon\u0105 ar \u012fdubusi\u0105 jungt\u012f<\/p>\n<p><iframe allow=\"accelerometer; autoplay; clipboard-write; encrypted-media; gyroscope; picture-in-picture\" allowfullscreen=\"\" frameborder=\"0\" height=\"315\" src=\"https:\/\/www.youtube.com\/embed\/bzeKDE74R3U?start=10\" title=\"YouTube video player\" width=\"560\"><\/iframe><\/p>","protected":false},"excerpt":{"rendered":"<p>Greitai atjungia elektros jungtis nepa\u017eeid\u017eiant Atlaisvina elektros jung\u010di\u0173, komponent\u0173 ir laid\u0173 fiksatorius Saugus ir paprastas b\u016bdas pa\u0161alinti ma\u017e\u0105, plon\u0105 ar \u012fdubusi\u0105 jungt\u012f<\/p>","protected":false},"featured_media":417954,"comment_status":"closed","ping_status":"open","template":"","meta":[],"product_cat":[11095,10287,11105],"product_tag":[],"class_list":{"0":"post-412068","1":"product","2":"type-product","3":"status-publish","4":"has-post-thumbnail","6":"product_brand-ellient-tools","7":"product_cat-autoservisu-iranga-prekiu-katalogas","8":"product_cat-prekiu-katalogas","9":"product_cat-ziedu-suspaudejai-spec-reples-zarnu-uzspaudejai-autoservisu-iranga-prekiu-katalogas","11":"first","12":"instock","13":"purchasable","14":"product-type-simple"},"jetpack_sharing_enabled":true,"_links":{"self":[{"href":"https:\/\/raktoras.lt\/ru\/wp-json\/wp\/v2\/product\/412068","targetHints":{"allow":["GET"]}}],"collection":[{"href":"https:\/\/raktoras.lt\/ru\/wp-json\/wp\/v2\/product"}],"about":[{"href":"https:\/\/raktoras.lt\/ru\/wp-json\/wp\/v2\/types\/product"}],"replies":[{"embeddable":true,"href":"https:\/\/raktoras.lt\/ru\/wp-json\/wp\/v2\/comments?post=412068"}],"version-history":[{"count":1,"href":"https:\/\/raktoras.lt\/ru\/wp-json\/wp\/v2\/product\/412068\/revisions"}],"predecessor-version":[{"id":412069,"href":"https:\/\/raktoras.lt\/ru\/wp-json\/wp\/v2\/product\/412068\/revisions\/412069"}],"wp:featuredmedia":[{"embeddable":true,"href":"https:\/\/raktoras.lt\/ru\/wp-json\/wp\/v2\/media\/417954"}],"wp:attachment":[{"href":"https:\/\/raktoras.lt\/ru\/wp-json\/wp\/v2\/media?parent=412068"}],"wp:term":[{"taxonomy":"product_cat","embeddable":true,"href":"https:\/\/raktoras.lt\/ru\/wp-json\/wp\/v2\/product_cat?post=412068"},{"taxonomy":"product_tag","embeddable":true,"href":"https:\/\/raktoras.lt\/ru\/wp-json\/wp\/v2\/product_tag?post=412068"}],"curies":[{"name":"wp","href":"https:\/\/api.w.org\/{rel}","templated":true}]}}