{"id":412258,"date":"2025-08-18T17:37:09","date_gmt":"2025-08-18T17:37:09","guid":{"rendered":"https:\/\/raktoras.lt\/product\/spyruokliu-suspaudejas-2vnt-2\/"},"modified":"2025-10-27T18:20:18","modified_gmt":"2025-10-27T18:20:18","slug":"spyruokliu-suspaudejas-2vnt-2","status":"publish","type":"product","link":"https:\/\/raktoras.lt\/ru\/product\/spyruokliu-suspaudejas-2vnt-2\/","title":{"rendered":"Spyruokli\u0173 suspaud\u0117jas (2vnt)"},"content":{"rendered":"<p>Auk\u0161tos kokyb\u0117s anglinis plienas, u\u017etikrinantis tarnavimo stiprum\u0105<br \/>\n\tNaudojama su 1\/2&ldquo; terk\u0161le arba 21 mm galvut\u0119 ar ver\u017eliarak\u010diu<br \/>\n\tUnikali sustiprinta ir platesn\u0117 sriegio konstrukcija, u\u017etikrinanti eksploatacijos saugum\u0105<\/p>","protected":false},"excerpt":{"rendered":"<p>Auk\u0161tos kokyb\u0117s anglinis plienas, u\u017etikrinantis tarnavimo stiprum\u0105 Naudojama su 1\/2&ldquo; terk\u0161le arba 21 mm galvut\u0119 ar ver\u017eliarak\u010diu Unikali sustiprinta ir platesn\u0117 sriegio konstrukcija, u\u017etikrinanti eksploatacijos saugum\u0105<\/p>","protected":false},"featured_media":418049,"comment_status":"closed","ping_status":"open","template":"","meta":[],"product_cat":[11095,10287,11362],"product_tag":[],"class_list":{"0":"post-412258","1":"product","2":"type-product","3":"status-publish","4":"has-post-thumbnail","6":"product_brand-sata","7":"product_cat-autoservisu-iranga-prekiu-katalogas","8":"product_cat-prekiu-katalogas","9":"product_cat-spyruokliu-suspaudejai-autoservisu-iranga-prekiu-katalogas","11":"first","12":"instock","13":"purchasable","14":"product-type-simple"},"jetpack_sharing_enabled":true,"_links":{"self":[{"href":"https:\/\/raktoras.lt\/ru\/wp-json\/wp\/v2\/product\/412258","targetHints":{"allow":["GET"]}}],"collection":[{"href":"https:\/\/raktoras.lt\/ru\/wp-json\/wp\/v2\/product"}],"about":[{"href":"https:\/\/raktoras.lt\/ru\/wp-json\/wp\/v2\/types\/product"}],"replies":[{"embeddable":true,"href":"https:\/\/raktoras.lt\/ru\/wp-json\/wp\/v2\/comments?post=412258"}],"version-history":[{"count":1,"href":"https:\/\/raktoras.lt\/ru\/wp-json\/wp\/v2\/product\/412258\/revisions"}],"predecessor-version":[{"id":412259,"href":"https:\/\/raktoras.lt\/ru\/wp-json\/wp\/v2\/product\/412258\/revisions\/412259"}],"wp:featuredmedia":[{"embeddable":true,"href":"https:\/\/raktoras.lt\/ru\/wp-json\/wp\/v2\/media\/418049"}],"wp:attachment":[{"href":"https:\/\/raktoras.lt\/ru\/wp-json\/wp\/v2\/media?parent=412258"}],"wp:term":[{"taxonomy":"product_cat","embeddable":true,"href":"https:\/\/raktoras.lt\/ru\/wp-json\/wp\/v2\/product_cat?post=412258"},{"taxonomy":"product_tag","embeddable":true,"href":"https:\/\/raktoras.lt\/ru\/wp-json\/wp\/v2\/product_tag?post=412258"}],"curies":[{"name":"wp","href":"https:\/\/api.w.org\/{rel}","templated":true}]}}