{"id":412264,"date":"2025-08-18T17:37:09","date_gmt":"2025-08-18T17:37:09","guid":{"rendered":"https:\/\/raktoras.lt\/product\/irankiu-deze-17\/"},"modified":"2025-10-27T15:34:15","modified_gmt":"2025-10-27T15:34:15","slug":"irankiu-deze-17","status":"publish","type":"product","link":"https:\/\/raktoras.lt\/ru\/product\/irankiu-deze-17\/","title":{"rendered":"\u012eranki\u0173 d\u0117\u017e\u0117 17&#8243;"},"content":{"rendered":"<p>Tvirta patogi rankena<br \/>\n\t0.8 mm storio plieninis korpusas tvirtam ir ilgalaikiam naudojimui<br \/>\n\tPagamintas i\u0161 cinkuoto plieno, atspari r\u016bdims<br \/>\n\tMatmenys 428 x 177 x 184 mm<br \/>\n\tSvoris 4.4 kg<\/p>","protected":false},"excerpt":{"rendered":"<p>Tvirta patogi rankena 0.8 mm storio plieninis korpusas tvirtam ir ilgalaikiam naudojimui Pagamintas i\u0161 cinkuoto plieno, atspari r\u016bdims Matmenys 428 x 177 x 184 mm Svoris 4.4 kg<\/p>","protected":false},"featured_media":418052,"comment_status":"closed","ping_status":"closed","template":"","meta":[],"product_cat":[11095,11351,11096,10287],"product_tag":[],"class_list":{"0":"post-412264","1":"product","2":"type-product","3":"status-publish","4":"has-post-thumbnail","6":"product_brand-sata","7":"product_cat-autoservisu-iranga-prekiu-katalogas","8":"product_cat-irankiu-dezes-krepsiai-irankiu-spinteles-dezes-vezimeliai-darbastaliai-autoservisu-iranga-prekiu-katalogas","9":"product_cat-irankiu-spinteles-dezes-vezimeliai-darbastaliai-autoservisu-iranga-prekiu-katalogas","10":"product_cat-prekiu-katalogas","12":"first","13":"instock","14":"purchasable","15":"product-type-simple"},"jetpack_sharing_enabled":true,"_links":{"self":[{"href":"https:\/\/raktoras.lt\/ru\/wp-json\/wp\/v2\/product\/412264","targetHints":{"allow":["GET"]}}],"collection":[{"href":"https:\/\/raktoras.lt\/ru\/wp-json\/wp\/v2\/product"}],"about":[{"href":"https:\/\/raktoras.lt\/ru\/wp-json\/wp\/v2\/types\/product"}],"replies":[{"embeddable":true,"href":"https:\/\/raktoras.lt\/ru\/wp-json\/wp\/v2\/comments?post=412264"}],"version-history":[{"count":1,"href":"https:\/\/raktoras.lt\/ru\/wp-json\/wp\/v2\/product\/412264\/revisions"}],"predecessor-version":[{"id":412265,"href":"https:\/\/raktoras.lt\/ru\/wp-json\/wp\/v2\/product\/412264\/revisions\/412265"}],"wp:featuredmedia":[{"embeddable":true,"href":"https:\/\/raktoras.lt\/ru\/wp-json\/wp\/v2\/media\/418052"}],"wp:attachment":[{"href":"https:\/\/raktoras.lt\/ru\/wp-json\/wp\/v2\/media?parent=412264"}],"wp:term":[{"taxonomy":"product_cat","embeddable":true,"href":"https:\/\/raktoras.lt\/ru\/wp-json\/wp\/v2\/product_cat?post=412264"},{"taxonomy":"product_tag","embeddable":true,"href":"https:\/\/raktoras.lt\/ru\/wp-json\/wp\/v2\/product_tag?post=412264"}],"curies":[{"name":"wp","href":"https:\/\/api.w.org\/{rel}","templated":true}]}}