{"id":412268,"date":"2025-08-18T17:37:09","date_gmt":"2025-08-18T17:37:09","guid":{"rendered":"https:\/\/raktoras.lt\/product\/irankiu-deze-plastikine-15\/"},"modified":"2025-10-27T15:36:02","modified_gmt":"2025-10-27T15:36:02","slug":"irankiu-deze-plastikine-15","status":"publish","type":"product","link":"https:\/\/raktoras.lt\/ru\/product\/irankiu-deze-plastikine-15\/","title":{"rendered":"\u012eranki\u0173 d\u0117\u017e\u0117 (plastikin\u0117) 15&#8243;"},"content":{"rendered":"<p>D\u0117\u017eut\u0117 pagaminta i\u0161 sustiprintos PP med\u017eiagos, \u012fskaitant pluo\u0161to derv\u0105, u\u017etikrinan\u010di\u0105 didel\u012f stiprum\u0105 ir atsparum\u0105 sm\u016bgiams<br \/>\n\tRankena pagaminta i\u0161 ABS in\u017einerinio plastiko<br \/>\n\tMatmenys 385 x 202 x 140 mm<br \/>\n\tVidaus matmenys 375 x 165 x 92 mm<br \/>\n\tSvoris 5.2 kg<\/p>","protected":false},"excerpt":{"rendered":"<p>D\u0117\u017eut\u0117 pagaminta i\u0161 sustiprintos PP med\u017eiagos, \u012fskaitant pluo\u0161to derv\u0105, u\u017etikrinan\u010di\u0105 didel\u012f stiprum\u0105 ir atsparum\u0105 sm\u016bgiams Rankena pagaminta i\u0161 ABS in\u017einerinio plastiko Matmenys 385 x 202 x 140 mm Vidaus matmenys<\/p>","protected":false},"featured_media":418054,"comment_status":"closed","ping_status":"open","template":"","meta":[],"product_cat":[11095,11351,11096,10287],"product_tag":[],"class_list":{"0":"post-412268","1":"product","2":"type-product","3":"status-publish","4":"has-post-thumbnail","6":"product_brand-sata","7":"product_cat-autoservisu-iranga-prekiu-katalogas","8":"product_cat-irankiu-dezes-krepsiai-irankiu-spinteles-dezes-vezimeliai-darbastaliai-autoservisu-iranga-prekiu-katalogas","9":"product_cat-irankiu-spinteles-dezes-vezimeliai-darbastaliai-autoservisu-iranga-prekiu-katalogas","10":"product_cat-prekiu-katalogas","12":"first","13":"outofstock","14":"purchasable","15":"product-type-simple"},"jetpack_sharing_enabled":true,"_links":{"self":[{"href":"https:\/\/raktoras.lt\/ru\/wp-json\/wp\/v2\/product\/412268","targetHints":{"allow":["GET"]}}],"collection":[{"href":"https:\/\/raktoras.lt\/ru\/wp-json\/wp\/v2\/product"}],"about":[{"href":"https:\/\/raktoras.lt\/ru\/wp-json\/wp\/v2\/types\/product"}],"replies":[{"embeddable":true,"href":"https:\/\/raktoras.lt\/ru\/wp-json\/wp\/v2\/comments?post=412268"}],"version-history":[{"count":1,"href":"https:\/\/raktoras.lt\/ru\/wp-json\/wp\/v2\/product\/412268\/revisions"}],"predecessor-version":[{"id":412269,"href":"https:\/\/raktoras.lt\/ru\/wp-json\/wp\/v2\/product\/412268\/revisions\/412269"}],"wp:featuredmedia":[{"embeddable":true,"href":"https:\/\/raktoras.lt\/ru\/wp-json\/wp\/v2\/media\/418054"}],"wp:attachment":[{"href":"https:\/\/raktoras.lt\/ru\/wp-json\/wp\/v2\/media?parent=412268"}],"wp:term":[{"taxonomy":"product_cat","embeddable":true,"href":"https:\/\/raktoras.lt\/ru\/wp-json\/wp\/v2\/product_cat?post=412268"},{"taxonomy":"product_tag","embeddable":true,"href":"https:\/\/raktoras.lt\/ru\/wp-json\/wp\/v2\/product_tag?post=412268"}],"curies":[{"name":"wp","href":"https:\/\/api.w.org\/{rel}","templated":true}]}}