{"id":412308,"date":"2025-08-18T17:37:16","date_gmt":"2025-08-18T17:37:16","guid":{"rendered":"https:\/\/raktoras.lt\/product\/tepalo-filtro-raktas-24-su-grandine\/"},"modified":"2025-10-27T18:31:37","modified_gmt":"2025-10-27T18:31:37","slug":"tepalo-filtro-raktas-24-su-grandine","status":"publish","type":"product","link":"https:\/\/raktoras.lt\/ru\/product\/tepalo-filtro-raktas-24-su-grandine\/","title":{"rendered":"Tepalo filtro raktas 24&#8243; su grandine"},"content":{"rendered":"<p>Rankena pagaminta i\u0161 auk\u0161tos kokyb\u0117s plieno lydinio ir visapusi\u0161kai termi\u0161kai apdorota<br \/>\n\t\u012erankis naudojamas greitai atsukti \u012fvairi\u0173 transporto priemoni\u0173 tepalo filtrus, pvz.: lengv\u0173j\u0173 automobili\u0173, sunkve\u017eimi\u0173, buldozeri\u0173 ir kt.<br \/>\n\tTaip pat \u0161is \u012frankis tinka \u012fvairi\u0173 cilindrini\u0173 objekt\u0173, toki\u0173 kaip vandens vamzd\u017eiai ir kt., i\u0161montavimui ar surinkimui<br \/>\n\tRankenos ilgis 24&quot; (609.6 mm)<br \/>\n\tFiltrams iki &Oslash; ~170 mm<br \/>\n\tGrandin\u0117s ilgis 580 mm<\/p>","protected":false},"excerpt":{"rendered":"<p>Rankena pagaminta i\u0161 auk\u0161tos kokyb\u0117s plieno lydinio ir visapusi\u0161kai termi\u0161kai apdorota \u012erankis naudojamas greitai atsukti \u012fvairi\u0173 transporto priemoni\u0173 tepalo filtrus, pvz.: lengv\u0173j\u0173 automobili\u0173, sunkve\u017eimi\u0173, buldozeri\u0173 ir kt. Taip pat \u0161is<\/p>","protected":false},"featured_media":418074,"comment_status":"closed","ping_status":"open","template":"","meta":[],"product_cat":[11095,10287,11262],"product_tag":[],"class_list":{"0":"post-412308","1":"product","2":"type-product","3":"status-publish","4":"has-post-thumbnail","6":"product_brand-changlu-tools","7":"product_cat-autoservisu-iranga-prekiu-katalogas","8":"product_cat-prekiu-katalogas","9":"product_cat-tepalo-kuro-filtro-raktai-autoservisu-iranga-prekiu-katalogas","11":"first","12":"instock","13":"purchasable","14":"product-type-simple"},"jetpack_sharing_enabled":true,"_links":{"self":[{"href":"https:\/\/raktoras.lt\/ru\/wp-json\/wp\/v2\/product\/412308","targetHints":{"allow":["GET"]}}],"collection":[{"href":"https:\/\/raktoras.lt\/ru\/wp-json\/wp\/v2\/product"}],"about":[{"href":"https:\/\/raktoras.lt\/ru\/wp-json\/wp\/v2\/types\/product"}],"replies":[{"embeddable":true,"href":"https:\/\/raktoras.lt\/ru\/wp-json\/wp\/v2\/comments?post=412308"}],"version-history":[{"count":1,"href":"https:\/\/raktoras.lt\/ru\/wp-json\/wp\/v2\/product\/412308\/revisions"}],"predecessor-version":[{"id":412309,"href":"https:\/\/raktoras.lt\/ru\/wp-json\/wp\/v2\/product\/412308\/revisions\/412309"}],"wp:featuredmedia":[{"embeddable":true,"href":"https:\/\/raktoras.lt\/ru\/wp-json\/wp\/v2\/media\/418074"}],"wp:attachment":[{"href":"https:\/\/raktoras.lt\/ru\/wp-json\/wp\/v2\/media?parent=412308"}],"wp:term":[{"taxonomy":"product_cat","embeddable":true,"href":"https:\/\/raktoras.lt\/ru\/wp-json\/wp\/v2\/product_cat?post=412308"},{"taxonomy":"product_tag","embeddable":true,"href":"https:\/\/raktoras.lt\/ru\/wp-json\/wp\/v2\/product_tag?post=412308"}],"curies":[{"name":"wp","href":"https:\/\/api.w.org\/{rel}","templated":true}]}}