{"id":412356,"date":"2025-08-18T17:37:25","date_gmt":"2025-08-18T17:37:25","guid":{"rendered":"https:\/\/raktoras.lt\/product\/zarna-su-rite-pu-o8-x-12mm-20m\/"},"modified":"2025-09-24T15:14:06","modified_gmt":"2025-09-24T15:14:06","slug":"zarna-su-rite-pu-o8-x-12mm-20m","status":"publish","type":"product","link":"https:\/\/raktoras.lt\/ru\/product\/zarna-su-rite-pu-o8-x-12mm-20m\/","title":{"rendered":"\u017darna su rite PU \u00d88 x 12mm, 20m"},"content":{"rendered":"<p>\u017darnos vidinis\/i\u0161orinis &Oslash; 8 x 12 mm<br \/>\n\t\u017darnos ilgis 20 m<br \/>\n\tMax darbinis sl\u0117gis 218 Psi \/ 15 bar<br \/>\n\tAutomatinis \u017earnos suvyniojimas<br \/>\n\tMed\u017eiaga &#8211; PU (poliuretanas)<br \/>\n\tPlastikinis korpusas<br \/>\n\tSvoris 6.8 kg<\/p>","protected":false},"excerpt":{"rendered":"<p>\u017darnos vidinis\/i\u0161orinis &Oslash; 8 x 12 mm \u017darnos ilgis 20 m Max darbinis sl\u0117gis 218 Psi \/ 15 bar Automatinis \u017earnos suvyniojimas Med\u017eiaga &#8211; PU (poliuretanas) Plastikinis korpusas Svoris 6.8<\/p>","protected":false},"featured_media":418098,"comment_status":"closed","ping_status":"open","template":"","meta":[],"product_cat":[11137,11121,10287,11138],"product_tag":[],"class_list":{"0":"post-412356","1":"product","2":"type-product","3":"status-publish","4":"has-post-thumbnail","6":"product_brand-hpmm","7":"product_cat-pneumatikos-priedai","8":"product_cat-pneumatine-iranga-kompresoriai-prekiu-katalogas","9":"product_cat-prekiu-katalogas","10":"product_cat-zarnos-pneumatikos-priedai","12":"first","13":"instock","14":"purchasable","15":"product-type-simple"},"jetpack_sharing_enabled":true,"_links":{"self":[{"href":"https:\/\/raktoras.lt\/ru\/wp-json\/wp\/v2\/product\/412356","targetHints":{"allow":["GET"]}}],"collection":[{"href":"https:\/\/raktoras.lt\/ru\/wp-json\/wp\/v2\/product"}],"about":[{"href":"https:\/\/raktoras.lt\/ru\/wp-json\/wp\/v2\/types\/product"}],"replies":[{"embeddable":true,"href":"https:\/\/raktoras.lt\/ru\/wp-json\/wp\/v2\/comments?post=412356"}],"version-history":[{"count":1,"href":"https:\/\/raktoras.lt\/ru\/wp-json\/wp\/v2\/product\/412356\/revisions"}],"predecessor-version":[{"id":412357,"href":"https:\/\/raktoras.lt\/ru\/wp-json\/wp\/v2\/product\/412356\/revisions\/412357"}],"wp:featuredmedia":[{"embeddable":true,"href":"https:\/\/raktoras.lt\/ru\/wp-json\/wp\/v2\/media\/418098"}],"wp:attachment":[{"href":"https:\/\/raktoras.lt\/ru\/wp-json\/wp\/v2\/media?parent=412356"}],"wp:term":[{"taxonomy":"product_cat","embeddable":true,"href":"https:\/\/raktoras.lt\/ru\/wp-json\/wp\/v2\/product_cat?post=412356"},{"taxonomy":"product_tag","embeddable":true,"href":"https:\/\/raktoras.lt\/ru\/wp-json\/wp\/v2\/product_tag?post=412356"}],"curies":[{"name":"wp","href":"https:\/\/api.w.org\/{rel}","templated":true}]}}