{"id":412502,"date":"2025-08-18T17:37:59","date_gmt":"2025-08-18T17:37:59","guid":{"rendered":"https:\/\/raktoras.lt\/product\/skylamuses-reples-2-4-5mm\/"},"modified":"2025-10-27T18:45:10","modified_gmt":"2025-10-27T18:45:10","slug":"skylamuses-reples-2-4-5mm","status":"publish","type":"product","link":"https:\/\/raktoras.lt\/ru\/product\/skylamuses-reples-2-4-5mm\/","title":{"rendered":"Skylamu\u0161\u0117s repl\u0117s 2-4.5mm"},"content":{"rendered":"<p>Dydis &Oslash;2.5, 3, 3.5, 4, 4.5, 5 mm&nbsp;<\/p>\n<p>\u012erankis pagamintas i\u0161 kokybi\u0161ko plieno<br \/>\n\tPerforacija yra greita ir tiksli<br \/>\n\tRankena pagaminta i\u0161 auk\u0161tos kokyb\u0117s PVC gumos, kuri\u0105 patogu naudoti ir kuri yra palankesn\u0117 ilgalaikiam naudojimui<br \/>\n\tUnikalus svirties dizainas &ndash; lengvas naudojimas<br \/>\n\tGeriausiai naudoti odos, dir\u017e\u0173, bat\u0173, plastik\u0173 perforavimo darbams<\/p>","protected":false},"excerpt":{"rendered":"<p>Dydis &Oslash;2.5, 3, 3.5, 4, 4.5, 5 mm&nbsp; \u012erankis pagamintas i\u0161 kokybi\u0161ko plieno Perforacija yra greita ir tiksli Rankena pagaminta i\u0161 auk\u0161tos kokyb\u0117s PVC gumos, kuri\u0105 patogu naudoti ir kuri<\/p>","protected":false},"featured_media":418171,"comment_status":"closed","ping_status":"open","template":"","meta":[],"product_cat":[11095,10287,11105],"product_tag":[],"class_list":{"0":"post-412502","1":"product","2":"type-product","3":"status-publish","4":"has-post-thumbnail","6":"product_brand-changlu-tools","7":"product_cat-autoservisu-iranga-prekiu-katalogas","8":"product_cat-prekiu-katalogas","9":"product_cat-ziedu-suspaudejai-spec-reples-zarnu-uzspaudejai-autoservisu-iranga-prekiu-katalogas","11":"first","12":"instock","13":"purchasable","14":"product-type-simple"},"jetpack_sharing_enabled":true,"_links":{"self":[{"href":"https:\/\/raktoras.lt\/ru\/wp-json\/wp\/v2\/product\/412502","targetHints":{"allow":["GET"]}}],"collection":[{"href":"https:\/\/raktoras.lt\/ru\/wp-json\/wp\/v2\/product"}],"about":[{"href":"https:\/\/raktoras.lt\/ru\/wp-json\/wp\/v2\/types\/product"}],"replies":[{"embeddable":true,"href":"https:\/\/raktoras.lt\/ru\/wp-json\/wp\/v2\/comments?post=412502"}],"version-history":[{"count":1,"href":"https:\/\/raktoras.lt\/ru\/wp-json\/wp\/v2\/product\/412502\/revisions"}],"predecessor-version":[{"id":412503,"href":"https:\/\/raktoras.lt\/ru\/wp-json\/wp\/v2\/product\/412502\/revisions\/412503"}],"wp:featuredmedia":[{"embeddable":true,"href":"https:\/\/raktoras.lt\/ru\/wp-json\/wp\/v2\/media\/418171"}],"wp:attachment":[{"href":"https:\/\/raktoras.lt\/ru\/wp-json\/wp\/v2\/media?parent=412502"}],"wp:term":[{"taxonomy":"product_cat","embeddable":true,"href":"https:\/\/raktoras.lt\/ru\/wp-json\/wp\/v2\/product_cat?post=412502"},{"taxonomy":"product_tag","embeddable":true,"href":"https:\/\/raktoras.lt\/ru\/wp-json\/wp\/v2\/product_tag?post=412502"}],"curies":[{"name":"wp","href":"https:\/\/api.w.org\/{rel}","templated":true}]}}