{"id":412636,"date":"2025-08-18T17:38:36","date_gmt":"2025-08-18T17:38:36","guid":{"rendered":"https:\/\/raktoras.lt\/product\/suspaudimo-reples-verztuvo-c-tipo-460mm\/"},"modified":"2025-12-06T15:40:37","modified_gmt":"2025-12-06T15:40:37","slug":"suspaudimo-reples-verztuvo-c-tipo-460mm","status":"publish","type":"product","link":"https:\/\/raktoras.lt\/ru\/product\/suspaudimo-reples-verztuvo-c-tipo-460mm\/","title":{"rendered":"Suspaudimo repl\u0117s ver\u017etuvo C tipo 460mm"},"content":{"rendered":"<p>Med\u017eiaga &#8211; CRV<br \/>\n\tTinka profesionaliam medienos apdirb\u0117j\u0173, montuotoj\u0173 ir prie\u017ei\u016bros darbuotoj\u0173 prispaudimui<br \/>\n\tAtstumas ir suspaudimo j\u0117gos reguliavimas naudojant rai\u017eytus var\u017etus su greito atleidimo svirtimi<\/p>","protected":false},"excerpt":{"rendered":"<p>Med\u017eiaga &#8211; CRV Tinka profesionaliam medienos apdirb\u0117j\u0173, montuotoj\u0173 ir prie\u017ei\u016bros darbuotoj\u0173 prispaudimui Atstumas ir suspaudimo j\u0117gos reguliavimas naudojant rai\u017eytus var\u017etus su greito atleidimo svirtimi<\/p>","protected":false},"featured_media":418238,"comment_status":"closed","ping_status":"closed","template":"","meta":[],"product_cat":[10287,11080,11083,11087],"product_tag":[],"class_list":{"0":"post-412636","1":"product","2":"type-product","3":"status-publish","4":"has-post-thumbnail","6":"product_brand-changlu-tools","7":"product_cat-prekiu-katalogas","8":"product_cat-rankiniai-irankiai","9":"product_cat-reples-zirkles-pjovimo-irankiai-rankiniai-irankiai","10":"product_cat-suspaudimo-reples-reples-zirkles-pjovimo-irankiai-rankiniai-irankiai","12":"first","13":"instock","14":"purchasable","15":"product-type-simple"},"jetpack_sharing_enabled":true,"_links":{"self":[{"href":"https:\/\/raktoras.lt\/ru\/wp-json\/wp\/v2\/product\/412636","targetHints":{"allow":["GET"]}}],"collection":[{"href":"https:\/\/raktoras.lt\/ru\/wp-json\/wp\/v2\/product"}],"about":[{"href":"https:\/\/raktoras.lt\/ru\/wp-json\/wp\/v2\/types\/product"}],"replies":[{"embeddable":true,"href":"https:\/\/raktoras.lt\/ru\/wp-json\/wp\/v2\/comments?post=412636"}],"version-history":[{"count":1,"href":"https:\/\/raktoras.lt\/ru\/wp-json\/wp\/v2\/product\/412636\/revisions"}],"predecessor-version":[{"id":412637,"href":"https:\/\/raktoras.lt\/ru\/wp-json\/wp\/v2\/product\/412636\/revisions\/412637"}],"wp:featuredmedia":[{"embeddable":true,"href":"https:\/\/raktoras.lt\/ru\/wp-json\/wp\/v2\/media\/418238"}],"wp:attachment":[{"href":"https:\/\/raktoras.lt\/ru\/wp-json\/wp\/v2\/media?parent=412636"}],"wp:term":[{"taxonomy":"product_cat","embeddable":true,"href":"https:\/\/raktoras.lt\/ru\/wp-json\/wp\/v2\/product_cat?post=412636"},{"taxonomy":"product_tag","embeddable":true,"href":"https:\/\/raktoras.lt\/ru\/wp-json\/wp\/v2\/product_tag?post=412636"}],"curies":[{"name":"wp","href":"https:\/\/api.w.org\/{rel}","templated":true}]}}