{"id":412688,"date":"2025-08-18T17:38:44","date_gmt":"2025-08-18T17:38:44","guid":{"rendered":"https:\/\/raktoras.lt\/product\/elektrine-maisykle-140mm-1400w\/"},"modified":"2025-11-26T13:48:49","modified_gmt":"2025-11-26T13:48:49","slug":"elektrine-maisykle-140mm-1400w","status":"publish","type":"product","link":"https:\/\/raktoras.lt\/ru\/product\/elektrine-maisykle-140mm-1400w\/","title":{"rendered":"Elektrin\u0117 mai\u0161ykl\u0117 140mm 1400W"},"content":{"rendered":"<p>Auk\u0161tos kokyb\u0117s galingas mai\u0161ytuvas idealiai tinka skystoms ir miltelin\u0117ms statybin\u0117ms med\u017eiagoms mai\u0161yti<br \/>\n\tDviej\u0173 grei\u010di\u0173 reduktorius tvirtame ir patvariame metaliniame aliuminio korpuse variklio gali\u0105 paver\u010dia dideliu sukimo momentu arba dideliu grei\u010diu, kad reikiam\u0105 mai\u0161ymo greit\u012f b\u016bt\u0173 galima optimaliai sureguliuoti pagal sumai\u0161ytos med\u017eiagos konsistencij\u0105<br \/>\n\t\u012erengtas mink\u0161tas (&bdquo;soft start&ldquo;) \u012fjungimas su pastovia galia, kad b\u016bt\u0173 galima i\u0161gauti didel\u012f sukimo moment\u0105<br \/>\n\tPatogiam nuolatiniam darbui prietaisas turi u\u017erakinam\u0105 veikimo jungikl\u012f ir stovo laikikl\u012f prie pavaros, kad veikt\u0173 su jau esamais mai\u0161ytuv\u0173 stovais<br \/>\n\t\u012etampa 220 &#8211; 240 V, 50 Hz<br \/>\n\tGalingumas 1400 W<br \/>\n\tApsisukim\u0173 skai\u010dius tu\u0161\u010di\u0105ja eiga 240 &ndash; 500 \/ 380 &ndash; 850 aps.\/min<br \/>\n\tSriegio skersmuo M14<br \/>\n\tMai\u0161ymo mentel\u0117s skersmuo &Phi;140 mm<br \/>\n\tMai\u0161ymo mentel\u0117s ilgis 600 mm<br \/>\n\tApsaugos laipsnis IP20<br \/>\n\tII izoliacijos klas\u0117<br \/>\n\tMatmenys: 290 &times; 195 &times; 870 mm<br \/>\n\tKomplekte: mai\u0161ytuvas, 1 pora anglies \u0161epet\u0117li\u0173, 2 vnt. mai\u0161ytuvai, 2 vnt. ver\u017eliaraktis<br \/>\n\tSvoris 5 kg<\/p>\n<p><iframe allow=\"accelerometer; autoplay; clipboard-write; encrypted-media; gyroscope; picture-in-picture\" allowfullscreen=\"\" frameborder=\"0\" height=\"315\" src=\"https:\/\/www.youtube.com\/embed\/LnKHpSgACOs\" title=\"YouTube video player\" width=\"560\"><\/iframe><\/p>","protected":false},"excerpt":{"rendered":"<p>Auk\u0161tos kokyb\u0117s galingas mai\u0161ytuvas idealiai tinka skystoms ir miltelin\u0117ms statybin\u0117ms med\u017eiagoms mai\u0161yti Dviej\u0173 grei\u010di\u0173 reduktorius tvirtame ir patvariame metaliniame aliuminio korpuse variklio gali\u0105 paver\u010dia dideliu sukimo momentu arba dideliu grei\u010diu,<\/p>","protected":false},"featured_media":418264,"comment_status":"closed","ping_status":"closed","template":"","meta":[],"product_cat":[11247,11248,11385,10287],"product_tag":[],"class_list":{"0":"post-412688","1":"product","2":"type-product","3":"status-publish","4":"has-post-thumbnail","6":"product_brand-worcraft","7":"product_cat-elektriniai-akumuliatoriniai-irankiai-prekiu-katalogas","8":"product_cat-grezimo-irankiai-elektriniai-akumuliatoriniai-irankiai-prekiu-katalogas","9":"product_cat-greztuvai-perforatoriai-grezimo-irankiai-elektriniai-akumuliatoriniai-irankiai-prekiu-katalogas","10":"product_cat-prekiu-katalogas","12":"first","13":"instock","14":"purchasable","15":"product-type-simple"},"jetpack_sharing_enabled":true,"_links":{"self":[{"href":"https:\/\/raktoras.lt\/ru\/wp-json\/wp\/v2\/product\/412688","targetHints":{"allow":["GET"]}}],"collection":[{"href":"https:\/\/raktoras.lt\/ru\/wp-json\/wp\/v2\/product"}],"about":[{"href":"https:\/\/raktoras.lt\/ru\/wp-json\/wp\/v2\/types\/product"}],"replies":[{"embeddable":true,"href":"https:\/\/raktoras.lt\/ru\/wp-json\/wp\/v2\/comments?post=412688"}],"version-history":[{"count":1,"href":"https:\/\/raktoras.lt\/ru\/wp-json\/wp\/v2\/product\/412688\/revisions"}],"predecessor-version":[{"id":412689,"href":"https:\/\/raktoras.lt\/ru\/wp-json\/wp\/v2\/product\/412688\/revisions\/412689"}],"wp:featuredmedia":[{"embeddable":true,"href":"https:\/\/raktoras.lt\/ru\/wp-json\/wp\/v2\/media\/418264"}],"wp:attachment":[{"href":"https:\/\/raktoras.lt\/ru\/wp-json\/wp\/v2\/media?parent=412688"}],"wp:term":[{"taxonomy":"product_cat","embeddable":true,"href":"https:\/\/raktoras.lt\/ru\/wp-json\/wp\/v2\/product_cat?post=412688"},{"taxonomy":"product_tag","embeddable":true,"href":"https:\/\/raktoras.lt\/ru\/wp-json\/wp\/v2\/product_tag?post=412688"}],"curies":[{"name":"wp","href":"https:\/\/api.w.org\/{rel}","templated":true}]}}