{"id":412714,"date":"2025-08-18T17:38:53","date_gmt":"2025-08-18T17:38:53","guid":{"rendered":"https:\/\/raktoras.lt\/product\/poliravimo-kempines-kugines-150-mm-ratlankiams-komp-3vnt\/"},"modified":"2025-11-26T15:04:02","modified_gmt":"2025-11-26T15:04:02","slug":"poliravimo-kempines-kugines-150-mm-ratlankiams-komp-3vnt","status":"publish","type":"product","link":"https:\/\/raktoras.lt\/ru\/product\/poliravimo-kempines-kugines-150-mm-ratlankiams-komp-3vnt\/","title":{"rendered":"Poliravimo kempin\u0117s k\u016bgin\u0117s 150 mm ratlankiams komp. (3vnt)"},"content":{"rendered":"<p>Profesionalios poliravimo k\u016bgin\u0117s kempin\u0117s, idealiai tinka poliruoti sunkiai pasiekiamose vietose, pvz., ratlanki\u0173 \u012fdubose, i\u0161metimo antgaliuose<br \/>\n\tMatmenys: 6 mm (rankenos skersmuo), 28 mm (rankenos ilgis)<br \/>\n\tMaksimalus kempin\u0117s skersmuo: 72 mm<br \/>\n\tMinimalus kempin\u0117s skersmuo: 32 mm<br \/>\n\tKempin\u0117s ilgis: 85 mm<br \/>\n\tK\u016bgin\u0117s poliravimo kempin\u0117s 3 skirting\u0173 svori\u0173:<br \/>\n\tOran\u017ein\u0117 (mink\u0161ta)<br \/>\n\tM\u0117lyna (vidutin\u0117)<br \/>\n\tGeltona (kieta)<br \/>\n\tPoliravimo kempin\u0117s 3 vnt.<br \/>\n\t&nbsp;<\/p>","protected":false},"excerpt":{"rendered":"<p>Profesionalios poliravimo k\u016bgin\u0117s kempin\u0117s, idealiai tinka poliruoti sunkiai pasiekiamose vietose, pvz., ratlanki\u0173 \u012fdubose, i\u0161metimo antgaliuose Matmenys: 6 mm (rankenos skersmuo), 28 mm (rankenos ilgis) Maksimalus kempin\u0117s skersmuo: 72 mm Minimalus<\/p>","protected":false},"featured_media":418277,"comment_status":"closed","ping_status":"closed","template":"","meta":[],"product_cat":[11247,10287,11388,11389],"product_tag":[],"class_list":{"0":"post-412714","1":"product","2":"type-product","3":"status-publish","4":"has-post-thumbnail","6":"product_cat-elektriniai-akumuliatoriniai-irankiai-prekiu-katalogas","7":"product_cat-prekiu-katalogas","8":"product_cat-slifavimo-pjovimo-irankiai-elektriniai-akumuliatoriniai-irankiai-prekiu-katalogas","9":"product_cat-slifuokliai-poliruokliai-slifavimo-pjovimo-irankiai-elektriniai-akumuliatoriniai-irankiai-prekiu-katalogas","11":"first","12":"instock","13":"purchasable","14":"product-type-simple"},"jetpack_sharing_enabled":true,"_links":{"self":[{"href":"https:\/\/raktoras.lt\/ru\/wp-json\/wp\/v2\/product\/412714","targetHints":{"allow":["GET"]}}],"collection":[{"href":"https:\/\/raktoras.lt\/ru\/wp-json\/wp\/v2\/product"}],"about":[{"href":"https:\/\/raktoras.lt\/ru\/wp-json\/wp\/v2\/types\/product"}],"replies":[{"embeddable":true,"href":"https:\/\/raktoras.lt\/ru\/wp-json\/wp\/v2\/comments?post=412714"}],"version-history":[{"count":1,"href":"https:\/\/raktoras.lt\/ru\/wp-json\/wp\/v2\/product\/412714\/revisions"}],"predecessor-version":[{"id":412715,"href":"https:\/\/raktoras.lt\/ru\/wp-json\/wp\/v2\/product\/412714\/revisions\/412715"}],"wp:featuredmedia":[{"embeddable":true,"href":"https:\/\/raktoras.lt\/ru\/wp-json\/wp\/v2\/media\/418277"}],"wp:attachment":[{"href":"https:\/\/raktoras.lt\/ru\/wp-json\/wp\/v2\/media?parent=412714"}],"wp:term":[{"taxonomy":"product_cat","embeddable":true,"href":"https:\/\/raktoras.lt\/ru\/wp-json\/wp\/v2\/product_cat?post=412714"},{"taxonomy":"product_tag","embeddable":true,"href":"https:\/\/raktoras.lt\/ru\/wp-json\/wp\/v2\/product_tag?post=412714"}],"curies":[{"name":"wp","href":"https:\/\/api.w.org\/{rel}","templated":true}]}}