{"id":412726,"date":"2025-08-18T17:38:53","date_gmt":"2025-08-18T17:38:53","guid":{"rendered":"https:\/\/raktoras.lt\/product\/pneumatinis-hidraulinis-spyruokliu-suspaudejas-1000kg\/"},"modified":"2025-11-16T13:47:29","modified_gmt":"2025-11-16T13:47:29","slug":"pneumatinis-hidraulinis-spyruokliu-suspaudejas-1000kg","status":"publish","type":"product","link":"https:\/\/raktoras.lt\/ru\/product\/pneumatinis-hidraulinis-spyruokliu-suspaudejas-1000kg\/","title":{"rendered":"Pneumatinis hidraulinis spyruokli\u0173 suspaud\u0117jas 1000kg"},"content":{"rendered":"<p>Suspaudimo j\u0117ga 2200Lbs, 1000kg<br \/>\n\tSuspaudimo ilgis 210-570mm<br \/>\n\tCilindro eiga 325mm<br \/>\n\tSpyruokl\u0117s &Oslash;101.6 &#8211; 254mm<br \/>\n\tSvoris 37kg<br \/>\n\tPakuot\u0117s matmenys 1230 x 290 x 190 mm<\/p>","protected":false},"excerpt":{"rendered":"<p>Suspaudimo j\u0117ga 2200Lbs, 1000kg Suspaudimo ilgis 210-570mm Cilindro eiga 325mm Spyruokl\u0117s &Oslash;101.6 &#8211; 254mm Svoris 37kg Pakuot\u0117s matmenys 1230 x 290 x 190 mm<\/p>","protected":false},"featured_media":418283,"comment_status":"closed","ping_status":"closed","template":"","meta":[],"product_cat":[11131,11271,10287],"product_tag":[],"class_list":{"0":"post-412726","1":"product","2":"type-product","3":"status-publish","4":"has-post-thumbnail","6":"product_cat-hidrauline-iranga-prekiu-katalogas","7":"product_cat-hidrauliniai-spyruokliu-suspaudejai-hidrauline-iranga-prekiu-katalogas","8":"product_cat-prekiu-katalogas","10":"first","11":"instock","12":"purchasable","13":"product-type-simple"},"jetpack_sharing_enabled":true,"_links":{"self":[{"href":"https:\/\/raktoras.lt\/ru\/wp-json\/wp\/v2\/product\/412726","targetHints":{"allow":["GET"]}}],"collection":[{"href":"https:\/\/raktoras.lt\/ru\/wp-json\/wp\/v2\/product"}],"about":[{"href":"https:\/\/raktoras.lt\/ru\/wp-json\/wp\/v2\/types\/product"}],"replies":[{"embeddable":true,"href":"https:\/\/raktoras.lt\/ru\/wp-json\/wp\/v2\/comments?post=412726"}],"version-history":[{"count":1,"href":"https:\/\/raktoras.lt\/ru\/wp-json\/wp\/v2\/product\/412726\/revisions"}],"predecessor-version":[{"id":412727,"href":"https:\/\/raktoras.lt\/ru\/wp-json\/wp\/v2\/product\/412726\/revisions\/412727"}],"wp:featuredmedia":[{"embeddable":true,"href":"https:\/\/raktoras.lt\/ru\/wp-json\/wp\/v2\/media\/418283"}],"wp:attachment":[{"href":"https:\/\/raktoras.lt\/ru\/wp-json\/wp\/v2\/media?parent=412726"}],"wp:term":[{"taxonomy":"product_cat","embeddable":true,"href":"https:\/\/raktoras.lt\/ru\/wp-json\/wp\/v2\/product_cat?post=412726"},{"taxonomy":"product_tag","embeddable":true,"href":"https:\/\/raktoras.lt\/ru\/wp-json\/wp\/v2\/product_tag?post=412726"}],"curies":[{"name":"wp","href":"https:\/\/api.w.org\/{rel}","templated":true}]}}