{"id":412752,"date":"2025-08-18T17:39:00","date_gmt":"2025-08-18T17:39:00","guid":{"rendered":"https:\/\/raktoras.lt\/product\/traversa-variklio-laikiklis-su-skersine-sija-500kg\/"},"modified":"2025-10-27T18:24:21","modified_gmt":"2025-10-27T18:24:21","slug":"traversa-variklio-laikiklis-su-skersine-sija-500kg","status":"publish","type":"product","link":"https:\/\/raktoras.lt\/ru\/product\/traversa-variklio-laikiklis-su-skersine-sija-500kg\/","title":{"rendered":"Traversa &#8211; variklio laikiklis su skersine sija 500kg"},"content":{"rendered":"<p>Labai plataus ilgio ir plo\u010dio reguliavimo diapazonas<br \/>\n\tGumuotos atramin\u0117s kojel\u0117s neleid\u017eia paslysti ir nepa\u017eeisti pavir\u0161iaus<br \/>\n\tKeliamoji galia 500 kg<br \/>\n\tReguliavimo diapazonas 0 &#8211; 205 mm<br \/>\n\tDarbinis diapazonas 730 &#8211; 1700 mm<br \/>\n\tSvoris 19 kg<br \/>\n\tPakuot\u0117s dydis 1760 x 200 x 85 mm<\/p>","protected":false},"excerpt":{"rendered":"<p>Labai plataus ilgio ir plo\u010dio reguliavimo diapazonas Gumuotos atramin\u0117s kojel\u0117s neleid\u017eia paslysti ir nepa\u017eeisti pavir\u0161iaus Keliamoji galia 500 kg Reguliavimo diapazonas 0 &#8211; 205 mm Darbinis diapazonas 730 &#8211; 1700<\/p>","protected":false},"featured_media":418296,"comment_status":"closed","ping_status":"open","template":"","meta":[],"product_cat":[11095,10287,11166],"product_tag":[],"class_list":{"0":"post-412752","1":"product","2":"type-product","3":"status-publish","4":"has-post-thumbnail","6":"product_cat-autoservisu-iranga-prekiu-katalogas","7":"product_cat-prekiu-katalogas","8":"product_cat-stendai-variklio-balansyrai-traversos-autoservisu-iranga-prekiu-katalogas","10":"first","11":"instock","12":"purchasable","13":"product-type-simple"},"jetpack_sharing_enabled":true,"_links":{"self":[{"href":"https:\/\/raktoras.lt\/ru\/wp-json\/wp\/v2\/product\/412752","targetHints":{"allow":["GET"]}}],"collection":[{"href":"https:\/\/raktoras.lt\/ru\/wp-json\/wp\/v2\/product"}],"about":[{"href":"https:\/\/raktoras.lt\/ru\/wp-json\/wp\/v2\/types\/product"}],"replies":[{"embeddable":true,"href":"https:\/\/raktoras.lt\/ru\/wp-json\/wp\/v2\/comments?post=412752"}],"version-history":[{"count":1,"href":"https:\/\/raktoras.lt\/ru\/wp-json\/wp\/v2\/product\/412752\/revisions"}],"predecessor-version":[{"id":412753,"href":"https:\/\/raktoras.lt\/ru\/wp-json\/wp\/v2\/product\/412752\/revisions\/412753"}],"wp:featuredmedia":[{"embeddable":true,"href":"https:\/\/raktoras.lt\/ru\/wp-json\/wp\/v2\/media\/418296"}],"wp:attachment":[{"href":"https:\/\/raktoras.lt\/ru\/wp-json\/wp\/v2\/media?parent=412752"}],"wp:term":[{"taxonomy":"product_cat","embeddable":true,"href":"https:\/\/raktoras.lt\/ru\/wp-json\/wp\/v2\/product_cat?post=412752"},{"taxonomy":"product_tag","embeddable":true,"href":"https:\/\/raktoras.lt\/ru\/wp-json\/wp\/v2\/product_tag?post=412752"}],"curies":[{"name":"wp","href":"https:\/\/api.w.org\/{rel}","templated":true}]}}