{"id":413202,"date":"2025-08-18T17:40:46","date_gmt":"2025-08-18T17:40:46","guid":{"rendered":"https:\/\/raktoras.lt\/product\/padeklas-terksliniu-kombinuotu-raktu-rinkinys-19vnt\/"},"modified":"2025-10-27T15:21:59","modified_gmt":"2025-10-27T15:21:59","slug":"padeklas-terksliniu-kombinuotu-raktu-rinkinys-19vnt","status":"publish","type":"product","link":"https:\/\/raktoras.lt\/ru\/product\/padeklas-terksliniu-kombinuotu-raktu-rinkinys-19vnt\/","title":{"rendered":"Pad\u0117klas. Terk\u0161lini\u0173 kombinuot\u0173 rakt\u0173 rinkinys  19vnt."},"content":{"rendered":"<p>Pad\u0117klo matmenys 375 x 180 x 45 mm<\/p>\n<p>\t15 vnt. Terk\u0161liniai kombinuoti raktai 5.5, 6, 7, 8, 9, 10, 11, 12, 13, 14, 15, 16, 17, 18, 19mm<br \/>\n\t1 vnt. 1\/4&quot; x 10mm Terk\u0161linis adapteris<br \/>\n\t1 vnt. 3\/8&quot; x 13mm Terk\u0161linis adapteris<br \/>\n\t1 vnt. 1\/2&quot; x 19mm Terk\u0161linis adapteris<br \/>\n\t1 vnt. 1\/4&quot; x 10mm Antgali\u0173 adapteris<\/p>","protected":false},"excerpt":{"rendered":"<p>Pad\u0117klo matmenys 375 x 180 x 45 mm 15 vnt. Terk\u0161liniai kombinuoti raktai 5.5, 6, 7, 8, 9, 10, 11, 12, 13, 14, 15, 16, 17, 18, 19mm 1 vnt.<\/p>","protected":false},"featured_media":418522,"comment_status":"closed","ping_status":"open","template":"","meta":[],"product_cat":[11095,11319,11096,10287],"product_tag":[],"class_list":{"0":"post-413202","1":"product","2":"type-product","3":"status-publish","4":"has-post-thumbnail","6":"product_brand-sata","7":"product_cat-autoservisu-iranga-prekiu-katalogas","8":"product_cat-irankiai-irankiu-spintelems-irankiu-spinteles-dezes-vezimeliai-darbastaliai-autoservisu-iranga-prekiu-katalogas","9":"product_cat-irankiu-spinteles-dezes-vezimeliai-darbastaliai-autoservisu-iranga-prekiu-katalogas","10":"product_cat-prekiu-katalogas","12":"first","13":"instock","14":"purchasable","15":"product-type-simple"},"jetpack_sharing_enabled":true,"_links":{"self":[{"href":"https:\/\/raktoras.lt\/ru\/wp-json\/wp\/v2\/product\/413202","targetHints":{"allow":["GET"]}}],"collection":[{"href":"https:\/\/raktoras.lt\/ru\/wp-json\/wp\/v2\/product"}],"about":[{"href":"https:\/\/raktoras.lt\/ru\/wp-json\/wp\/v2\/types\/product"}],"replies":[{"embeddable":true,"href":"https:\/\/raktoras.lt\/ru\/wp-json\/wp\/v2\/comments?post=413202"}],"version-history":[{"count":1,"href":"https:\/\/raktoras.lt\/ru\/wp-json\/wp\/v2\/product\/413202\/revisions"}],"predecessor-version":[{"id":413203,"href":"https:\/\/raktoras.lt\/ru\/wp-json\/wp\/v2\/product\/413202\/revisions\/413203"}],"wp:featuredmedia":[{"embeddable":true,"href":"https:\/\/raktoras.lt\/ru\/wp-json\/wp\/v2\/media\/418522"}],"wp:attachment":[{"href":"https:\/\/raktoras.lt\/ru\/wp-json\/wp\/v2\/media?parent=413202"}],"wp:term":[{"taxonomy":"product_cat","embeddable":true,"href":"https:\/\/raktoras.lt\/ru\/wp-json\/wp\/v2\/product_cat?post=413202"},{"taxonomy":"product_tag","embeddable":true,"href":"https:\/\/raktoras.lt\/ru\/wp-json\/wp\/v2\/product_tag?post=413202"}],"curies":[{"name":"wp","href":"https:\/\/api.w.org\/{rel}","templated":true}]}}