{"id":413210,"date":"2025-08-18T17:40:46","date_gmt":"2025-08-18T17:40:46","guid":{"rendered":"https:\/\/raktoras.lt\/product\/el-grandininio-pjuklo-gc22-16e-ats-d-nr-79-varancioji-zvaigzdute\/"},"modified":"2025-12-07T15:37:41","modified_gmt":"2025-12-07T15:37:41","slug":"el-grandininio-pjuklo-gc22-16e-ats-d-nr-79-varancioji-zvaigzdute","status":"publish","type":"product","link":"https:\/\/raktoras.lt\/ru\/product\/el-grandininio-pjuklo-gc22-16e-ats-d-nr-79-varancioji-zvaigzdute\/","title":{"rendered":"El. grandininio pj\u016bklo GC22-16E ats.d. Nr.79 Varan\u010dioji \u017evaig\u017edut\u0117"},"content":{"rendered":"","protected":false},"excerpt":{"rendered":"","protected":false},"featured_media":418526,"comment_status":"closed","ping_status":"closed","template":"","meta":[],"product_cat":[10287,11300,11546,11554],"product_tag":[],"class_list":{"0":"post-413210","1":"product","2":"type-product","3":"status-publish","4":"has-post-thumbnail","6":"product_brand-worcraft","7":"product_cat-prekiu-katalogas","8":"product_cat-sodo-plovimo-valymo-iranga-prekiu-katalogas","9":"product_cat-sodo-iranga-sodo-plovimo-valymo-iranga-prekiu-katalogas","10":"product_cat-trimeriai-pjuklai-ir-priedai-sodo-iranga-sodo-plovimo-valymo-iranga-prekiu-katalogas","12":"first","13":"outofstock","14":"purchasable","15":"product-type-simple"},"jetpack_sharing_enabled":true,"_links":{"self":[{"href":"https:\/\/raktoras.lt\/ru\/wp-json\/wp\/v2\/product\/413210","targetHints":{"allow":["GET"]}}],"collection":[{"href":"https:\/\/raktoras.lt\/ru\/wp-json\/wp\/v2\/product"}],"about":[{"href":"https:\/\/raktoras.lt\/ru\/wp-json\/wp\/v2\/types\/product"}],"replies":[{"embeddable":true,"href":"https:\/\/raktoras.lt\/ru\/wp-json\/wp\/v2\/comments?post=413210"}],"version-history":[{"count":1,"href":"https:\/\/raktoras.lt\/ru\/wp-json\/wp\/v2\/product\/413210\/revisions"}],"predecessor-version":[{"id":413211,"href":"https:\/\/raktoras.lt\/ru\/wp-json\/wp\/v2\/product\/413210\/revisions\/413211"}],"wp:featuredmedia":[{"embeddable":true,"href":"https:\/\/raktoras.lt\/ru\/wp-json\/wp\/v2\/media\/418526"}],"wp:attachment":[{"href":"https:\/\/raktoras.lt\/ru\/wp-json\/wp\/v2\/media?parent=413210"}],"wp:term":[{"taxonomy":"product_cat","embeddable":true,"href":"https:\/\/raktoras.lt\/ru\/wp-json\/wp\/v2\/product_cat?post=413210"},{"taxonomy":"product_tag","embeddable":true,"href":"https:\/\/raktoras.lt\/ru\/wp-json\/wp\/v2\/product_tag?post=413210"}],"curies":[{"name":"wp","href":"https:\/\/api.w.org\/{rel}","templated":true}]}}