{"id":413220,"date":"2025-08-18T17:40:46","date_gmt":"2025-08-18T17:40:46","guid":{"rendered":"https:\/\/raktoras.lt\/product\/reguliuojamas-graduotas-raktas-312mm-izoliuotas-vde\/"},"modified":"2025-12-06T17:06:19","modified_gmt":"2025-12-06T17:06:19","slug":"reguliuojamas-graduotas-raktas-312mm-izoliuotas-vde","status":"publish","type":"product","link":"https:\/\/raktoras.lt\/ru\/product\/reguliuojamas-graduotas-raktas-312mm-izoliuotas-vde\/","title":{"rendered":"Reguliuojamas graduotas raktas 312mm izoliuotas VDE"},"content":{"rendered":"<p>&Oslash; 38 mm<br \/>\n\tSertifikuota pagal Vokietijos VDE ir patvirtintas 10000 V dielektrinio atsparumo \u012ftampos bandymu, atitinka IEC\/EN 60900<br \/>\n\tRankena pagaminta i\u0161 dviej\u0173 spalv\u0173 med\u017eiagos, u\u017etikrinanti auk\u0161t\u0105 atsparum\u0105 alyvai bei \u012fbr\u0117\u017eimams<br \/>\n\tPagaminta i\u0161 legiruotojo plieno kalimo b\u016bdu, o pavir\u0161ius padengtas chromu, u\u017etikrinan\u010diu stipresn\u0119 apsaug\u0105 nuo r\u016bd\u017ei\u0173<\/p>","protected":false},"excerpt":{"rendered":"<p>&Oslash; 38 mm Sertifikuota pagal Vokietijos VDE ir patvirtintas 10000 V dielektrinio atsparumo \u012ftampos bandymu, atitinka IEC\/EN 60900 Rankena pagaminta i\u0161 dviej\u0173 spalv\u0173 med\u017eiagos, u\u017etikrinanti auk\u0161t\u0105 atsparum\u0105 alyvai bei \u012fbr\u0117\u017eimams<\/p>","protected":false},"featured_media":418531,"comment_status":"closed","ping_status":"open","template":"","meta":[],"product_cat":[10287,11080,11285,11224],"product_tag":[],"class_list":{"0":"post-413220","1":"product","2":"type-product","3":"status-publish","4":"has-post-thumbnail","6":"product_brand-sata","7":"product_cat-prekiu-katalogas","8":"product_cat-rankiniai-irankiai","9":"product_cat-reguliuojami-universalus-raktai-verzliarakciai-rankiniai-irankiai","10":"product_cat-verzliarakciai-rankiniai-irankiai","12":"first","13":"instock","14":"purchasable","15":"product-type-simple"},"jetpack_sharing_enabled":true,"_links":{"self":[{"href":"https:\/\/raktoras.lt\/ru\/wp-json\/wp\/v2\/product\/413220","targetHints":{"allow":["GET"]}}],"collection":[{"href":"https:\/\/raktoras.lt\/ru\/wp-json\/wp\/v2\/product"}],"about":[{"href":"https:\/\/raktoras.lt\/ru\/wp-json\/wp\/v2\/types\/product"}],"replies":[{"embeddable":true,"href":"https:\/\/raktoras.lt\/ru\/wp-json\/wp\/v2\/comments?post=413220"}],"version-history":[{"count":1,"href":"https:\/\/raktoras.lt\/ru\/wp-json\/wp\/v2\/product\/413220\/revisions"}],"predecessor-version":[{"id":413221,"href":"https:\/\/raktoras.lt\/ru\/wp-json\/wp\/v2\/product\/413220\/revisions\/413221"}],"wp:featuredmedia":[{"embeddable":true,"href":"https:\/\/raktoras.lt\/ru\/wp-json\/wp\/v2\/media\/418531"}],"wp:attachment":[{"href":"https:\/\/raktoras.lt\/ru\/wp-json\/wp\/v2\/media?parent=413220"}],"wp:term":[{"taxonomy":"product_cat","embeddable":true,"href":"https:\/\/raktoras.lt\/ru\/wp-json\/wp\/v2\/product_cat?post=413220"},{"taxonomy":"product_tag","embeddable":true,"href":"https:\/\/raktoras.lt\/ru\/wp-json\/wp\/v2\/product_tag?post=413220"}],"curies":[{"name":"wp","href":"https:\/\/api.w.org\/{rel}","templated":true}]}}