{"id":413266,"date":"2025-08-18T17:40:57","date_gmt":"2025-08-18T17:40:57","guid":{"rendered":"https:\/\/raktoras.lt\/product\/motociklo-stovas-galiniam-ratui-340kg-mobilus\/"},"modified":"2025-10-24T18:13:06","modified_gmt":"2025-10-24T18:13:06","slug":"motociklo-stovas-galiniam-ratui-340kg-mobilus","status":"publish","type":"product","link":"https:\/\/raktoras.lt\/ru\/product\/motociklo-stovas-galiniam-ratui-340kg-mobilus\/","title":{"rendered":"Motociklo stovas galiniam ratui 340kg (mobilus)"},"content":{"rendered":"<p>3-j\u0173 ratuk\u0173 konstrukcija leid\u017eia pak\u0117lus galini rat\u0105 saugiai ir patogiai transportuoti motocikl\u0105<br \/>\n\tSpalva m\u0117lyna<br \/>\n\tPakuot\u0117s matmenys 680 x 570 x 80 mm- 8.50 kg<\/p>","protected":false},"excerpt":{"rendered":"<p><strong>Prek\u0117s spalva gali skirtis!&nbsp;<\/strong><\/p>","protected":false},"featured_media":418554,"comment_status":"closed","ping_status":"open","template":"","meta":[],"product_cat":[11326,11095,11327,10287],"product_tag":[],"class_list":{"0":"post-413266","1":"product","2":"type-product","3":"status-publish","4":"has-post-thumbnail","6":"product_cat-automobiliu-motociklu-keltuvai-autoservisu-iranga-prekiu-katalogas","7":"product_cat-autoservisu-iranga-prekiu-katalogas","8":"product_cat-motociklu-keltuvai-stovai-automobiliu-motociklu-keltuvai-autoservisu-iranga-prekiu-katalogas","9":"product_cat-prekiu-katalogas","11":"first","12":"instock","13":"purchasable","14":"product-type-simple"},"jetpack_sharing_enabled":true,"_links":{"self":[{"href":"https:\/\/raktoras.lt\/ru\/wp-json\/wp\/v2\/product\/413266","targetHints":{"allow":["GET"]}}],"collection":[{"href":"https:\/\/raktoras.lt\/ru\/wp-json\/wp\/v2\/product"}],"about":[{"href":"https:\/\/raktoras.lt\/ru\/wp-json\/wp\/v2\/types\/product"}],"replies":[{"embeddable":true,"href":"https:\/\/raktoras.lt\/ru\/wp-json\/wp\/v2\/comments?post=413266"}],"version-history":[{"count":1,"href":"https:\/\/raktoras.lt\/ru\/wp-json\/wp\/v2\/product\/413266\/revisions"}],"predecessor-version":[{"id":413267,"href":"https:\/\/raktoras.lt\/ru\/wp-json\/wp\/v2\/product\/413266\/revisions\/413267"}],"wp:featuredmedia":[{"embeddable":true,"href":"https:\/\/raktoras.lt\/ru\/wp-json\/wp\/v2\/media\/418554"}],"wp:attachment":[{"href":"https:\/\/raktoras.lt\/ru\/wp-json\/wp\/v2\/media?parent=413266"}],"wp:term":[{"taxonomy":"product_cat","embeddable":true,"href":"https:\/\/raktoras.lt\/ru\/wp-json\/wp\/v2\/product_cat?post=413266"},{"taxonomy":"product_tag","embeddable":true,"href":"https:\/\/raktoras.lt\/ru\/wp-json\/wp\/v2\/product_tag?post=413266"}],"curies":[{"name":"wp","href":"https:\/\/api.w.org\/{rel}","templated":true}]}}