{"id":413272,"date":"2025-08-18T17:40:57","date_gmt":"2025-08-18T17:40:57","guid":{"rendered":"https:\/\/raktoras.lt\/product\/ivoriu-diferencialo-nuemimo-uzdejimo-rinkinys-14vnt-bmw-e-serijai\/"},"modified":"2025-10-27T16:27:43","modified_gmt":"2025-10-27T16:27:43","slug":"ivoriu-diferencialo-nuemimo-uzdejimo-rinkinys-14vnt-bmw-e-serijai","status":"publish","type":"product","link":"https:\/\/raktoras.lt\/ru\/product\/ivoriu-diferencialo-nuemimo-uzdejimo-rinkinys-14vnt-bmw-e-serijai\/","title":{"rendered":"\u012evori\u0173\/diferencialo nu\u0117mimo\/u\u017ed\u0117jimo rinkinys 14vnt. BMW E serijai"},"content":{"rendered":"<p>Skirtas i\u0161imti ar sumontuoti \u012fvor\u0117s\/diferencialo guolius<br \/>\n\tVar\u017etas su guoliu M12x1.5<br \/>\n\tTinkami daugeliui BMW E serijos modeli\u0173:<br \/>\n\t3 serijos: E36, E46, E83<br \/>\n\t5 serija: E39, E60, E61, E70(X5)<br \/>\n\t6 serija: E63, E64<br \/>\n\t7 serija: E38, E65, E66, E67<br \/>\n\t8 serija: E31<br \/>\n\tZ4: E85, E86<\/p>","protected":false},"excerpt":{"rendered":"<p>Skirtas i\u0161imti ar sumontuoti \u012fvor\u0117s\/diferencialo guolius Var\u017etas su guoliu M12x1.5 Tinkami daugeliui BMW E serijos modeli\u0173: 3 serijos: E36, E46, E83 5 serija: E39, E60, E61, E70(X5) 6 serija: E63,<\/p>","protected":false},"featured_media":418557,"comment_status":"closed","ping_status":"open","template":"","meta":[],"product_cat":[11095,11230,11229,10287],"product_tag":[],"class_list":{"0":"post-413272","1":"product","2":"type-product","3":"status-publish","4":"has-post-thumbnail","6":"product_cat-autoservisu-iranga-prekiu-katalogas","7":"product_cat-guoliu-ivoriu-nuemikliai-nuemikliai-autoservisu-iranga-prekiu-katalogas","8":"product_cat-nuemikliai-autoservisu-iranga-prekiu-katalogas","9":"product_cat-prekiu-katalogas","11":"first","12":"instock","13":"purchasable","14":"product-type-simple"},"jetpack_sharing_enabled":true,"_links":{"self":[{"href":"https:\/\/raktoras.lt\/ru\/wp-json\/wp\/v2\/product\/413272","targetHints":{"allow":["GET"]}}],"collection":[{"href":"https:\/\/raktoras.lt\/ru\/wp-json\/wp\/v2\/product"}],"about":[{"href":"https:\/\/raktoras.lt\/ru\/wp-json\/wp\/v2\/types\/product"}],"replies":[{"embeddable":true,"href":"https:\/\/raktoras.lt\/ru\/wp-json\/wp\/v2\/comments?post=413272"}],"version-history":[{"count":1,"href":"https:\/\/raktoras.lt\/ru\/wp-json\/wp\/v2\/product\/413272\/revisions"}],"predecessor-version":[{"id":413273,"href":"https:\/\/raktoras.lt\/ru\/wp-json\/wp\/v2\/product\/413272\/revisions\/413273"}],"wp:featuredmedia":[{"embeddable":true,"href":"https:\/\/raktoras.lt\/ru\/wp-json\/wp\/v2\/media\/418557"}],"wp:attachment":[{"href":"https:\/\/raktoras.lt\/ru\/wp-json\/wp\/v2\/media?parent=413272"}],"wp:term":[{"taxonomy":"product_cat","embeddable":true,"href":"https:\/\/raktoras.lt\/ru\/wp-json\/wp\/v2\/product_cat?post=413272"},{"taxonomy":"product_tag","embeddable":true,"href":"https:\/\/raktoras.lt\/ru\/wp-json\/wp\/v2\/product_tag?post=413272"}],"curies":[{"name":"wp","href":"https:\/\/api.w.org\/{rel}","templated":true}]}}